{"id":1009,"date":"2023-05-11T09:00:33","date_gmt":"2023-05-11T07:00:33","guid":{"rendered":"https:\/\/turisztika.dinosprojekt.com\/?page_id=1009"},"modified":"2025-11-13T10:56:17","modified_gmt":"2025-11-13T09:56:17","slug":"idegenvezetes","status":"publish","type":"page","link":"https:\/\/vetk.hu\/en\/idegenvezetes\/","title":{"rendered":"Guided Tours"},"content":{"rendered":"<div data-elementor-type=\"wp-page\" data-elementor-id=\"1009\" class=\"elementor elementor-1009\" data-elementor-post-type=\"page\">\n\t\t\t\t\t\t<section class=\"elementor-section elementor-top-section elementor-element elementor-element-d9c6aab elementor-section-boxed elementor-section-height-default elementor-section-height-default\" data-id=\"d9c6aab\" data-element_type=\"section\" data-e-type=\"section\">\n\t\t\t\t\t\t<div class=\"elementor-container elementor-column-gap-default\">\n\t\t\t\t\t<div class=\"elementor-column elementor-col-50 elementor-top-column elementor-element elementor-element-9e2baed\" data-id=\"9e2baed\" data-element_type=\"column\" data-e-type=\"column\">\n\t\t\t<div class=\"elementor-widget-wrap elementor-element-populated\">\n\t\t\t\t\t\t<div class=\"elementor-element elementor-element-31b898b elementor-widget elementor-widget-text-editor\" data-id=\"31b898b\" data-element_type=\"widget\" data-e-type=\"widget\" data-widget_type=\"text-editor.default\">\n\t\t\t\t<div class=\"elementor-widget-container\">\n\t\t\t\t\t\t\t\t\t<p>Visitors can discover the unique atmosphere and thousand-year history of Veszpr\u00e9m\u2019s castle district on <strong data-start=\"530\" data-end=\"560\">themed guided<\/strong> walks.<br data-start=\"588\" data-end=\"591\" \/>The walking routes also take in <strong data-start=\"609\" data-end=\"657\">St. Michael\u2019s Cathedral and its crypt<\/strong>, <strong data-start=\"661\" data-end=\"686\">St. George\u2019s Chapel<\/strong>, <strong data-start=\"691\" data-end=\"709\" data-is-only-node=\"\">the Archbishop\u2019s Palace<\/strong> and the <strong data-start=\"715\" data-end=\"735\">Gizella Chapel<\/strong> \u2014all sites that have been restored during renovation work in recent years and can now be visited in all their beauty.<br data-start=\"878\" data-end=\"881\" \/>During the tours, participants will have the opportunity to learn more not only about the historical and sacred significance of these sites, but also about their artistic and spiritual messages.<\/p>\t\t\t\t\t\t\t\t<\/div>\n\t\t\t\t<\/div>\n\t\t\t\t\t<\/div>\n\t\t<\/div>\n\t\t\t\t<div class=\"elementor-column elementor-col-50 elementor-top-column elementor-element elementor-element-db6d848\" data-id=\"db6d848\" data-element_type=\"column\" data-e-type=\"column\">\n\t\t\t<div class=\"elementor-widget-wrap elementor-element-populated\">\n\t\t\t\t\t\t<div class=\"elementor-element elementor-element-bc2ae9b e-transform elementor-widget elementor-widget-image\" data-id=\"bc2ae9b\" data-element_type=\"widget\" data-e-type=\"widget\" data-settings=\"{&quot;_transform_scale_effect_hover&quot;:{&quot;unit&quot;:&quot;px&quot;,&quot;size&quot;:1.01,&quot;sizes&quot;:[]},&quot;_transform_scale_effect_hover_tablet&quot;:{&quot;unit&quot;:&quot;px&quot;,&quot;size&quot;:&quot;&quot;,&quot;sizes&quot;:[]},&quot;_transform_scale_effect_hover_mobile&quot;:{&quot;unit&quot;:&quot;px&quot;,&quot;size&quot;:&quot;&quot;,&quot;sizes&quot;:[]}}\" data-widget_type=\"image.default\">\n\t\t\t\t<div class=\"elementor-widget-container\">\n\t\t\t\t\t\t\t\t\t\t\t\t\t\t\t<img fetchpriority=\"high\" decoding=\"async\" width=\"242\" height=\"242\" src=\"https:\/\/vetk.hu\/wp-content\/uploads\/2023\/05\/Asset-55@4x.png\" class=\"attachment-large size-large wp-image-1012\" alt=\"\" srcset=\"https:\/\/vetk.hu\/wp-content\/uploads\/2023\/05\/Asset-55@4x.png 242w, https:\/\/vetk.hu\/wp-content\/uploads\/2023\/05\/Asset-55@4x-150x150.png 150w\" sizes=\"(max-width: 242px) 100vw, 242px\" \/>\t\t\t\t\t\t\t\t\t\t\t\t\t\t\t<\/div>\n\t\t\t\t<\/div>\n\t\t\t\t\t<\/div>\n\t\t<\/div>\n\t\t\t\t\t<\/div>\n\t\t<\/section>\n\t\t\t\t<section class=\"elementor-section elementor-top-section elementor-element elementor-element-fe14e5d elementor-section-boxed elementor-section-height-default elementor-section-height-default\" data-id=\"fe14e5d\" data-element_type=\"section\" data-e-type=\"section\">\n\t\t\t\t\t\t<div class=\"elementor-container elementor-column-gap-default\">\n\t\t\t\t\t<div class=\"elementor-column elementor-col-50 elementor-top-column elementor-element elementor-element-2f75619\" data-id=\"2f75619\" data-element_type=\"column\" data-e-type=\"column\">\n\t\t\t<div class=\"elementor-widget-wrap elementor-element-populated\">\n\t\t\t\t\t\t<div class=\"elementor-element elementor-element-fc8b114 e-transform elementor-widget elementor-widget-image\" data-id=\"fc8b114\" data-element_type=\"widget\" data-e-type=\"widget\" data-settings=\"{&quot;_transform_scale_effect_hover&quot;:{&quot;unit&quot;:&quot;px&quot;,&quot;size&quot;:1.02,&quot;sizes&quot;:[]},&quot;_transform_scale_effect_hover_tablet&quot;:{&quot;unit&quot;:&quot;px&quot;,&quot;size&quot;:&quot;&quot;,&quot;sizes&quot;:[]},&quot;_transform_scale_effect_hover_mobile&quot;:{&quot;unit&quot;:&quot;px&quot;,&quot;size&quot;:&quot;&quot;,&quot;sizes&quot;:[]}}\" data-widget_type=\"image.default\">\n\t\t\t\t<div class=\"elementor-widget-container\">\n\t\t\t\t\t\t\t\t\t\t\t\t\t\t\t<img decoding=\"async\" width=\"243\" height=\"243\" src=\"https:\/\/vetk.hu\/wp-content\/uploads\/2023\/05\/Asset-64@4x.png\" class=\"attachment-large size-large wp-image-1082\" alt=\"\" srcset=\"https:\/\/vetk.hu\/wp-content\/uploads\/2023\/05\/Asset-64@4x.png 243w, https:\/\/vetk.hu\/wp-content\/uploads\/2023\/05\/Asset-64@4x-150x150.png 150w\" sizes=\"(max-width: 243px) 100vw, 243px\" \/>\t\t\t\t\t\t\t\t\t\t\t\t\t\t\t<\/div>\n\t\t\t\t<\/div>\n\t\t\t\t<div class=\"elementor-element elementor-element-a3ab80a elementor-widget elementor-widget-text-editor\" data-id=\"a3ab80a\" data-element_type=\"widget\" data-e-type=\"widget\" data-widget_type=\"text-editor.default\">\n\t\t\t\t<div class=\"elementor-widget-container\">\n\t\t\t\t\t\t\t\t\t<p>The Archbishop's Palace, the crypt of St. Michael's Cathedral, St. George's Chapel, and Gizella Chapel can be visited as part of a guided tour.<\/p>\t\t\t\t\t\t\t\t<\/div>\n\t\t\t\t<\/div>\n\t\t\t\t\t<\/div>\n\t\t<\/div>\n\t\t\t\t<div class=\"elementor-column elementor-col-50 elementor-top-column elementor-element elementor-element-5db90ae\" data-id=\"5db90ae\" data-element_type=\"column\" data-e-type=\"column\">\n\t\t\t<div class=\"elementor-widget-wrap elementor-element-populated\">\n\t\t\t\t\t\t<div class=\"elementor-element elementor-element-58bb344 e-transform elementor-widget elementor-widget-image\" data-id=\"58bb344\" data-element_type=\"widget\" data-e-type=\"widget\" data-settings=\"{&quot;_transform_scale_effect_hover&quot;:{&quot;unit&quot;:&quot;px&quot;,&quot;size&quot;:1.02,&quot;sizes&quot;:[]},&quot;_transform_scale_effect_hover_tablet&quot;:{&quot;unit&quot;:&quot;px&quot;,&quot;size&quot;:&quot;&quot;,&quot;sizes&quot;:[]},&quot;_transform_scale_effect_hover_mobile&quot;:{&quot;unit&quot;:&quot;px&quot;,&quot;size&quot;:&quot;&quot;,&quot;sizes&quot;:[]}}\" data-widget_type=\"image.default\">\n\t\t\t\t<div class=\"elementor-widget-container\">\n\t\t\t\t\t\t\t\t\t\t\t\t\t\t\t<img decoding=\"async\" width=\"243\" height=\"242\" src=\"https:\/\/vetk.hu\/wp-content\/uploads\/2023\/05\/Asset-63@4x.png\" class=\"attachment-large size-large wp-image-1081\" alt=\"\" srcset=\"https:\/\/vetk.hu\/wp-content\/uploads\/2023\/05\/Asset-63@4x.png 243w, https:\/\/vetk.hu\/wp-content\/uploads\/2023\/05\/Asset-63@4x-150x150.png 150w\" sizes=\"(max-width: 243px) 100vw, 243px\" \/>\t\t\t\t\t\t\t\t\t\t\t\t\t\t\t<\/div>\n\t\t\t\t<\/div>\n\t\t\t\t<div class=\"elementor-element elementor-element-d6fa5d3 elementor-widget elementor-widget-text-editor\" data-id=\"d6fa5d3\" data-element_type=\"widget\" data-e-type=\"widget\" data-widget_type=\"text-editor.default\">\n\t\t\t\t<div class=\"elementor-widget-container\">\n\t\t\t\t\t\t\t\t\t<p>During the guided tours, you can explore the Baroque and Gothic sights of the castle district.<\/p>\t\t\t\t\t\t\t\t<\/div>\n\t\t\t\t<\/div>\n\t\t\t\t\t<\/div>\n\t\t<\/div>\n\t\t\t\t\t<\/div>\n\t\t<\/section>\n\t\t\t\t<section class=\"elementor-section elementor-top-section elementor-element elementor-element-96fbd1a elementor-section-boxed elementor-section-height-default elementor-section-height-default\" data-id=\"96fbd1a\" data-element_type=\"section\" data-e-type=\"section\">\n\t\t\t\t\t\t<div class=\"elementor-container elementor-column-gap-default\">\n\t\t\t\t\t<div class=\"elementor-column elementor-col-100 elementor-top-column elementor-element elementor-element-18a6a80\" data-id=\"18a6a80\" data-element_type=\"column\" data-e-type=\"column\">\n\t\t\t<div class=\"elementor-widget-wrap elementor-element-populated\">\n\t\t\t\t\t\t<div class=\"elementor-element elementor-element-5af95b2 e-transform elementor-widget elementor-widget-image\" data-id=\"5af95b2\" data-element_type=\"widget\" data-e-type=\"widget\" data-settings=\"{&quot;_transform_scale_effect_hover&quot;:{&quot;unit&quot;:&quot;px&quot;,&quot;size&quot;:1.02,&quot;sizes&quot;:[]},&quot;_transform_scale_effect_hover_tablet&quot;:{&quot;unit&quot;:&quot;px&quot;,&quot;size&quot;:&quot;&quot;,&quot;sizes&quot;:[]},&quot;_transform_scale_effect_hover_mobile&quot;:{&quot;unit&quot;:&quot;px&quot;,&quot;size&quot;:&quot;&quot;,&quot;sizes&quot;:[]}}\" data-widget_type=\"image.default\">\n\t\t\t\t<div class=\"elementor-widget-container\">\n\t\t\t\t\t\t\t\t\t\t\t\t\t\t\t<img loading=\"lazy\" decoding=\"async\" width=\"243\" height=\"243\" src=\"https:\/\/vetk.hu\/wp-content\/uploads\/2023\/05\/Asset-7@4x.png\" class=\"attachment-large size-large wp-image-1080\" alt=\"\" srcset=\"https:\/\/vetk.hu\/wp-content\/uploads\/2023\/05\/Asset-7@4x.png 243w, https:\/\/vetk.hu\/wp-content\/uploads\/2023\/05\/Asset-7@4x-150x150.png 150w\" sizes=\"(max-width: 243px) 100vw, 243px\" \/>\t\t\t\t\t\t\t\t\t\t\t\t\t\t\t<\/div>\n\t\t\t\t<\/div>\n\t\t\t\t<div class=\"elementor-element elementor-element-ac19e04 elementor-widget elementor-widget-text-editor\" data-id=\"ac19e04\" data-element_type=\"widget\" data-e-type=\"widget\" data-widget_type=\"text-editor.default\">\n\t\t\t\t<div class=\"elementor-widget-container\">\n\t\t\t\t\t\t\t\t\t<p>The Bir\u00f3-Giczey House exhibitions are free of charge.<\/p><p data-start=\"201\" data-end=\"364\"><strong data-start=\"201\" data-end=\"244\">Thistle and Lily \u2013 The Flowers of Magdalene<\/strong><br data-start=\"244\" data-end=\"247\" \/>The exhibition presents the figure of Mary Magdalene through the lens of art and faith \u2013 <strong data-start=\"330\" data-end=\"355\">it has been awarded the 2025<\/strong> Prize.<\/p><p data-start=\"366\" data-end=\"512\"><strong data-start=\"366\" data-end=\"393\">My head is not a chapter...<\/strong><br data-start=\"393\" data-end=\"396\" \/>It offers an interactive glimpse into the daily lives of the Veszpr\u00e9m chapter and its canons, presented in a playful and accessible way.<\/p><p data-start=\"514\" data-end=\"648\"><strong data-start=\"514\" data-end=\"534\">Chamber exhibition<\/strong><br data-start=\"534\" data-end=\"537\" \/>Baroque-era ecclesiastical objects, vestments, and unique liturgical details evoke the cathedral\u2019s past.<\/p><p data-start=\"650\" data-end=\"806\"><strong data-start=\"650\" data-end=\"705\">Archaeological Exhibition \u2013 Secrets of the Castle in the Attic<\/strong><br data-start=\"705\" data-end=\"708\" \/>The artifacts unearthed during excavations at Veszpr\u00e9m Castle tell the story of the city\u2019s more than thousand-year history.<\/p><p data-start=\"808\" data-end=\"950\"><strong data-start=\"808\" data-end=\"858\">Garden \u2013 Memorial to Blessed Mary Magdalene B\u00f3di<\/strong><br data-start=\"858\" data-end=\"861\" \/>A place of silence, contemplation, and prayer\u2014a small, peaceful garden in the heart of the castle district.<\/p>\t\t\t\t\t\t\t\t<\/div>\n\t\t\t\t<\/div>\n\t\t\t\t\t<\/div>\n\t\t<\/div>\n\t\t\t\t\t<\/div>\n\t\t<\/section>\n\t\t\t\t<section class=\"elementor-section elementor-top-section elementor-element elementor-element-d605c8c elementor-section-boxed elementor-section-height-default elementor-section-height-default\" data-id=\"d605c8c\" data-element_type=\"section\" data-e-type=\"section\">\n\t\t\t\t\t\t<div class=\"elementor-container elementor-column-gap-default\">\n\t\t\t\t\t<div class=\"elementor-column elementor-col-100 elementor-top-column elementor-element elementor-element-78ab887\" data-id=\"78ab887\" data-element_type=\"column\" data-e-type=\"column\">\n\t\t\t<div class=\"elementor-widget-wrap elementor-element-populated\">\n\t\t\t\t\t\t<div class=\"elementor-element elementor-element-33f2a70 elementor-widget elementor-widget-text-editor\" data-id=\"33f2a70\" data-element_type=\"widget\" data-e-type=\"widget\" data-widget_type=\"text-editor.default\">\n\t\t\t\t<div class=\"elementor-widget-container\">\n\t\t\t\t\t\t\t\t\t<p><strong>Information:<\/strong><br \/>Archiepiscopal Tourist Centre<br \/>Email: <a href=\"mailto:turizmus@veszpremiersekseg.hu\">turizmus@veszpremiersekseg.hu<\/a> <br \/>Phone: +36 20 560 2010\u00a0<\/p>\t\t\t\t\t\t\t\t<\/div>\n\t\t\t\t<\/div>\n\t\t\t\t\t<\/div>\n\t\t<\/div>\n\t\t\t\t\t<\/div>\n\t\t<\/section>\n\t\t\t\t<\/div>","protected":false},"excerpt":{"rendered":"<p>A veszpr\u00e9mi v\u00e1rnegyed k\u00fcl\u00f6nleges hangulat\u00e1t \u00e9s ezer\u00e9ves t\u00f6rt\u00e9net\u00e9t tematikus vezetett s\u00e9t\u00e1kon fedezhetik fel l\u00e1togat\u00f3ink.A s\u00e9ta\u00fatvonalak a Szent Mih\u00e1ly F\u0151sz\u00e9kesegyh\u00e1zat \u00e9s altemplom\u00e1t, a Szent Gy\u00f6rgy K\u00e1poln\u00e1t, az \u00c9rseki Palot\u00e1t \u00e9s a [&hellip;]<\/p>\n","protected":false},"author":1,"featured_media":0,"parent":0,"menu_order":0,"comment_status":"closed","ping_status":"closed","template":"","meta":{"_acf_changed":false,"_price":"","_stock":"","_tribe_ticket_header":"","_tribe_default_ticket_provider":"","_tribe_ticket_capacity":"0","_ticket_start_date":"","_ticket_end_date":"","_tribe_ticket_show_description":"","_tribe_ticket_show_not_going":false,"_tribe_ticket_use_global_stock":"","_tribe_ticket_global_stock_level":"","_global_stock_mode":"","_global_stock_cap":"","_tribe_rsvp_for_event":"","_tribe_ticket_going_count":"","_tribe_ticket_not_going_count":"","_tribe_tickets_list":"[]","_tribe_ticket_has_attendee_info_fields":false,"footnotes":"","_tec_slr_enabled":"","_tec_slr_layout":""},"class_list":["post-1009","page","type-page","status-publish","hentry"],"acf":[],"yoast_head":"<!-- This site is optimized with the Yoast SEO plugin v27.3 - https:\/\/yoast.com\/product\/yoast-seo-wordpress\/ -->\n<title>Idegenvezet\u00e9s - Veszpr\u00e9mi \u00c9rseks\u00e9g Turisztikai K\u00f6zpont<\/title>\n<meta name=\"robots\" content=\"index, follow, max-snippet:-1, max-image-preview:large, max-video-preview:-1\" \/>\n<link rel=\"canonical\" href=\"https:\/\/vetk.hu\/en\/idegenvezetes\/\" \/>\n<meta property=\"og:locale\" content=\"en_GB\" \/>\n<meta property=\"og:type\" content=\"article\" \/>\n<meta property=\"og:title\" content=\"Idegenvezet\u00e9s - Veszpr\u00e9mi \u00c9rseks\u00e9g Turisztikai K\u00f6zpont\" \/>\n<meta property=\"og:description\" content=\"A veszpr\u00e9mi v\u00e1rnegyed k\u00fcl\u00f6nleges hangulat\u00e1t \u00e9s ezer\u00e9ves t\u00f6rt\u00e9net\u00e9t tematikus vezetett s\u00e9t\u00e1kon fedezhetik fel l\u00e1togat\u00f3ink.A s\u00e9ta\u00fatvonalak a Szent Mih\u00e1ly F\u0151sz\u00e9kesegyh\u00e1zat \u00e9s altemplom\u00e1t, a Szent Gy\u00f6rgy K\u00e1poln\u00e1t, az \u00c9rseki Palot\u00e1t \u00e9s a [&hellip;]\" \/>\n<meta property=\"og:url\" content=\"https:\/\/vetk.hu\/en\/idegenvezetes\/\" \/>\n<meta property=\"og:site_name\" content=\"Veszpr\u00e9mi \u00c9rseks\u00e9g Turisztikai K\u00f6zpont\" \/>\n<meta property=\"article:modified_time\" content=\"2025-11-13T09:56:17+00:00\" \/>\n<meta property=\"og:image\" content=\"https:\/\/vetk.hu\/wp-content\/uploads\/2023\/05\/Asset-55@4x.png\" \/>\n\t<meta property=\"og:image:width\" content=\"242\" \/>\n\t<meta property=\"og:image:height\" content=\"242\" \/>\n\t<meta property=\"og:image:type\" content=\"image\/png\" \/>\n<meta name=\"twitter:card\" content=\"summary_large_image\" \/>\n<meta name=\"twitter:label1\" content=\"Estimated reading time\" \/>\n\t<meta name=\"twitter:data1\" content=\"3 minutes\" \/>\n<script type=\"application\/ld+json\" class=\"yoast-schema-graph\">{\"@context\":\"https:\\\/\\\/schema.org\",\"@graph\":[{\"@type\":\"WebPage\",\"@id\":\"https:\\\/\\\/vetk.hu\\\/idegenvezetes\\\/\",\"url\":\"https:\\\/\\\/vetk.hu\\\/idegenvezetes\\\/\",\"name\":\"Idegenvezet\u00e9s - Veszpr\u00e9mi \u00c9rseks\u00e9g Turisztikai K\u00f6zpont\",\"isPartOf\":{\"@id\":\"https:\\\/\\\/vetk.hu\\\/#website\"},\"primaryImageOfPage\":{\"@id\":\"https:\\\/\\\/vetk.hu\\\/idegenvezetes\\\/#primaryimage\"},\"image\":{\"@id\":\"https:\\\/\\\/vetk.hu\\\/idegenvezetes\\\/#primaryimage\"},\"thumbnailUrl\":\"https:\\\/\\\/vetk.hu\\\/wp-content\\\/uploads\\\/2023\\\/05\\\/Asset-55@4x.png\",\"datePublished\":\"2023-05-11T07:00:33+00:00\",\"dateModified\":\"2025-11-13T09:56:17+00:00\",\"breadcrumb\":{\"@id\":\"https:\\\/\\\/vetk.hu\\\/idegenvezetes\\\/#breadcrumb\"},\"inLanguage\":\"en-GB\",\"potentialAction\":[{\"@type\":\"ReadAction\",\"target\":[\"https:\\\/\\\/vetk.hu\\\/idegenvezetes\\\/\"]}]},{\"@type\":\"ImageObject\",\"inLanguage\":\"en-GB\",\"@id\":\"https:\\\/\\\/vetk.hu\\\/idegenvezetes\\\/#primaryimage\",\"url\":\"https:\\\/\\\/vetk.hu\\\/wp-content\\\/uploads\\\/2023\\\/05\\\/Asset-55@4x.png\",\"contentUrl\":\"https:\\\/\\\/vetk.hu\\\/wp-content\\\/uploads\\\/2023\\\/05\\\/Asset-55@4x.png\"},{\"@type\":\"BreadcrumbList\",\"@id\":\"https:\\\/\\\/vetk.hu\\\/idegenvezetes\\\/#breadcrumb\",\"itemListElement\":[{\"@type\":\"ListItem\",\"position\":1,\"name\":\"Home\",\"item\":\"https:\\\/\\\/vetk.hu\\\/\"},{\"@type\":\"ListItem\",\"position\":2,\"name\":\"Idegenvezet\u00e9s\"}]},{\"@type\":\"WebSite\",\"@id\":\"https:\\\/\\\/vetk.hu\\\/#website\",\"url\":\"https:\\\/\\\/vetk.hu\\\/\",\"name\":\"Veszpr\u00e9mi \u00c9rseki Turisztikai K\u00f6zpont \u2013 Hit, \u00f6r\u00f6ks\u00e9g, \u00e9lm\u00e9ny | vetk.hu\",\"description\":\"\",\"publisher\":{\"@id\":\"https:\\\/\\\/vetk.hu\\\/#organization\"},\"potentialAction\":[{\"@type\":\"SearchAction\",\"target\":{\"@type\":\"EntryPoint\",\"urlTemplate\":\"https:\\\/\\\/vetk.hu\\\/?s={search_term_string}\"},\"query-input\":{\"@type\":\"PropertyValueSpecification\",\"valueRequired\":true,\"valueName\":\"search_term_string\"}}],\"inLanguage\":\"en-GB\"},{\"@type\":\"Organization\",\"@id\":\"https:\\\/\\\/vetk.hu\\\/#organization\",\"name\":\"Veszpr\u00e9mi \u00c9rseki Turisztikai K\u00f6zpont\",\"url\":\"https:\\\/\\\/vetk.hu\\\/\",\"logo\":{\"@type\":\"ImageObject\",\"inLanguage\":\"en-GB\",\"@id\":\"https:\\\/\\\/vetk.hu\\\/#\\\/schema\\\/logo\\\/image\\\/\",\"url\":\"https:\\\/\\\/vetk.hu\\\/wp-content\\\/uploads\\\/2023\\\/04\\\/cropped-Group-3.png\",\"contentUrl\":\"https:\\\/\\\/vetk.hu\\\/wp-content\\\/uploads\\\/2023\\\/04\\\/cropped-Group-3.png\",\"width\":353,\"height\":338,\"caption\":\"Veszpr\u00e9mi \u00c9rseki Turisztikai K\u00f6zpont\"},\"image\":{\"@id\":\"https:\\\/\\\/vetk.hu\\\/#\\\/schema\\\/logo\\\/image\\\/\"}}]}<\/script>\n<!-- \/ Yoast SEO plugin. -->","yoast_head_json":{"title":"Idegenvezet\u00e9s - Veszpr\u00e9mi \u00c9rseks\u00e9g Turisztikai K\u00f6zpont","robots":{"index":"index","follow":"follow","max-snippet":"max-snippet:-1","max-image-preview":"max-image-preview:large","max-video-preview":"max-video-preview:-1"},"canonical":"https:\/\/vetk.hu\/en\/idegenvezetes\/","og_locale":"en_GB","og_type":"article","og_title":"Idegenvezet\u00e9s - Veszpr\u00e9mi \u00c9rseks\u00e9g Turisztikai K\u00f6zpont","og_description":"A veszpr\u00e9mi v\u00e1rnegyed k\u00fcl\u00f6nleges hangulat\u00e1t \u00e9s ezer\u00e9ves t\u00f6rt\u00e9net\u00e9t tematikus vezetett s\u00e9t\u00e1kon fedezhetik fel l\u00e1togat\u00f3ink.A s\u00e9ta\u00fatvonalak a Szent Mih\u00e1ly F\u0151sz\u00e9kesegyh\u00e1zat \u00e9s altemplom\u00e1t, a Szent Gy\u00f6rgy K\u00e1poln\u00e1t, az \u00c9rseki Palot\u00e1t \u00e9s a [&hellip;]","og_url":"https:\/\/vetk.hu\/en\/idegenvezetes\/","og_site_name":"Veszpr\u00e9mi \u00c9rseks\u00e9g Turisztikai K\u00f6zpont","article_modified_time":"2025-11-13T09:56:17+00:00","og_image":[{"width":242,"height":242,"url":"https:\/\/vetk.hu\/wp-content\/uploads\/2023\/05\/Asset-55@4x.png","type":"image\/png"}],"twitter_card":"summary_large_image","twitter_misc":{"Estimated reading time":"3 minutes"},"schema":{"@context":"https:\/\/schema.org","@graph":[{"@type":"WebPage","@id":"https:\/\/vetk.hu\/idegenvezetes\/","url":"https:\/\/vetk.hu\/idegenvezetes\/","name":"Idegenvezet\u00e9s - Veszpr\u00e9mi \u00c9rseks\u00e9g Turisztikai K\u00f6zpont","isPartOf":{"@id":"https:\/\/vetk.hu\/#website"},"primaryImageOfPage":{"@id":"https:\/\/vetk.hu\/idegenvezetes\/#primaryimage"},"image":{"@id":"https:\/\/vetk.hu\/idegenvezetes\/#primaryimage"},"thumbnailUrl":"https:\/\/vetk.hu\/wp-content\/uploads\/2023\/05\/Asset-55@4x.png","datePublished":"2023-05-11T07:00:33+00:00","dateModified":"2025-11-13T09:56:17+00:00","breadcrumb":{"@id":"https:\/\/vetk.hu\/idegenvezetes\/#breadcrumb"},"inLanguage":"en-GB","potentialAction":[{"@type":"ReadAction","target":["https:\/\/vetk.hu\/idegenvezetes\/"]}]},{"@type":"ImageObject","inLanguage":"en-GB","@id":"https:\/\/vetk.hu\/idegenvezetes\/#primaryimage","url":"https:\/\/vetk.hu\/wp-content\/uploads\/2023\/05\/Asset-55@4x.png","contentUrl":"https:\/\/vetk.hu\/wp-content\/uploads\/2023\/05\/Asset-55@4x.png"},{"@type":"BreadcrumbList","@id":"https:\/\/vetk.hu\/idegenvezetes\/#breadcrumb","itemListElement":[{"@type":"ListItem","position":1,"name":"Home","item":"https:\/\/vetk.hu\/"},{"@type":"ListItem","position":2,"name":"Idegenvezet\u00e9s"}]},{"@type":"WebSite","@id":"https:\/\/vetk.hu\/#website","url":"https:\/\/vetk.hu\/","name":"Veszpr\u00e9mi \u00c9rseki Turisztikai K\u00f6zpont \u2013 Hit, \u00f6r\u00f6ks\u00e9g, \u00e9lm\u00e9ny | vetk.hu","description":"","publisher":{"@id":"https:\/\/vetk.hu\/#organization"},"potentialAction":[{"@type":"SearchAction","target":{"@type":"EntryPoint","urlTemplate":"https:\/\/vetk.hu\/?s={search_term_string}"},"query-input":{"@type":"PropertyValueSpecification","valueRequired":true,"valueName":"search_term_string"}}],"inLanguage":"en-GB"},{"@type":"Organization","@id":"https:\/\/vetk.hu\/#organization","name":"Veszpr\u00e9mi \u00c9rseki Turisztikai K\u00f6zpont","url":"https:\/\/vetk.hu\/","logo":{"@type":"ImageObject","inLanguage":"en-GB","@id":"https:\/\/vetk.hu\/#\/schema\/logo\/image\/","url":"https:\/\/vetk.hu\/wp-content\/uploads\/2023\/04\/cropped-Group-3.png","contentUrl":"https:\/\/vetk.hu\/wp-content\/uploads\/2023\/04\/cropped-Group-3.png","width":353,"height":338,"caption":"Veszpr\u00e9mi \u00c9rseki Turisztikai K\u00f6zpont"},"image":{"@id":"https:\/\/vetk.hu\/#\/schema\/logo\/image\/"}}]}},"ticketed":false,"_links":{"self":[{"href":"https:\/\/vetk.hu\/en\/wp-json\/wp\/v2\/pages\/1009","targetHints":{"allow":["GET"]}}],"collection":[{"href":"https:\/\/vetk.hu\/en\/wp-json\/wp\/v2\/pages"}],"about":[{"href":"https:\/\/vetk.hu\/en\/wp-json\/wp\/v2\/types\/page"}],"author":[{"embeddable":true,"href":"https:\/\/vetk.hu\/en\/wp-json\/wp\/v2\/users\/1"}],"replies":[{"embeddable":true,"href":"https:\/\/vetk.hu\/en\/wp-json\/wp\/v2\/comments?post=1009"}],"version-history":[{"count":30,"href":"https:\/\/vetk.hu\/en\/wp-json\/wp\/v2\/pages\/1009\/revisions"}],"predecessor-version":[{"id":6538,"href":"https:\/\/vetk.hu\/en\/wp-json\/wp\/v2\/pages\/1009\/revisions\/6538"}],"wp:attachment":[{"href":"https:\/\/vetk.hu\/en\/wp-json\/wp\/v2\/media?parent=1009"}],"curies":[{"name":"wp","href":"https:\/\/api.w.org\/{rel}","templated":true}]}}