{"id":1272,"date":"2023-05-19T15:42:17","date_gmt":"2023-05-19T13:42:17","guid":{"rendered":"https:\/\/turisztika.dinosprojekt.com\/?page_id=1272"},"modified":"2026-05-04T09:02:44","modified_gmt":"2026-05-04T07:02:44","slug":"nyitva-tartas","status":"publish","type":"page","link":"https:\/\/vetk.hu\/en\/nyitva-tartas\/","title":{"rendered":"Opening hours"},"content":{"rendered":"<div data-elementor-type=\"wp-page\" data-elementor-id=\"1272\" class=\"elementor elementor-1272\" data-elementor-post-type=\"page\">\n\t\t\t\t\t\t<section class=\"elementor-section elementor-top-section elementor-element elementor-element-668f12a elementor-section-full_width elementor-section-height-default elementor-section-height-default\" data-id=\"668f12a\" data-element_type=\"section\" data-e-type=\"section\">\n\t\t\t\t\t\t<div class=\"elementor-container elementor-column-gap-no\">\n\t\t\t\t\t<div class=\"elementor-column elementor-col-50 elementor-top-column elementor-element elementor-element-01de842\" data-id=\"01de842\" data-element_type=\"column\" data-e-type=\"column\" data-settings=\"{&quot;background_background&quot;:&quot;classic&quot;}\">\n\t\t\t<div class=\"elementor-widget-wrap elementor-element-populated\">\n\t\t\t\t\t\t<div class=\"elementor-element elementor-element-4829685 elementor-widget elementor-widget-heading\" data-id=\"4829685\" data-element_type=\"widget\" data-e-type=\"widget\" data-widget_type=\"heading.default\">\n\t\t\t\t<div class=\"elementor-widget-container\">\n\t\t\t\t\t<h2 class=\"elementor-heading-title elementor-size-default\">Opening hours<\/h2>\t\t\t\t<\/div>\n\t\t\t\t<\/div>\n\t\t\t\t<div class=\"elementor-element elementor-element-ec47214 elementor-widget elementor-widget-spacer\" data-id=\"ec47214\" data-element_type=\"widget\" data-e-type=\"widget\" data-widget_type=\"spacer.default\">\n\t\t\t\t<div class=\"elementor-widget-container\">\n\t\t\t\t\t\t\t<div class=\"elementor-spacer\">\n\t\t\t<div class=\"elementor-spacer-inner\"><\/div>\n\t\t<\/div>\n\t\t\t\t\t\t<\/div>\n\t\t\t\t<\/div>\n\t\t\t\t<div class=\"elementor-element elementor-element-056aea3 elementor-widget elementor-widget-heading\" data-id=\"056aea3\" data-element_type=\"widget\" data-e-type=\"widget\" data-widget_type=\"heading.default\">\n\t\t\t\t<div class=\"elementor-widget-container\">\n\t\t\t\t\t<h2 class=\"elementor-heading-title elementor-size-default\">Exhibitions<\/h2>\t\t\t\t<\/div>\n\t\t\t\t<\/div>\n\t\t\t\t<div class=\"elementor-element elementor-element-1d331b8 elementor-widget elementor-widget-spacer\" data-id=\"1d331b8\" data-element_type=\"widget\" data-e-type=\"widget\" data-widget_type=\"spacer.default\">\n\t\t\t\t<div class=\"elementor-widget-container\">\n\t\t\t\t\t\t\t<div class=\"elementor-spacer\">\n\t\t\t<div class=\"elementor-spacer-inner\"><\/div>\n\t\t<\/div>\n\t\t\t\t\t\t<\/div>\n\t\t\t\t<\/div>\n\t\t\t\t<div class=\"elementor-element elementor-element-018bb48 elementor-widget__width-initial elementor-widget elementor-widget-text-editor\" data-id=\"018bb48\" data-element_type=\"widget\" data-e-type=\"widget\" data-widget_type=\"text-editor.default\">\n\t\t\t\t<div class=\"elementor-widget-container\">\n\t\t\t\t\t\t\t\t\t<p><strong>Monday: closed<\/strong><\/p><p><strong>Tuesday\u2013Sunday<\/strong><\/p><p><strong>10:00-18:00<\/strong><\/p>\t\t\t\t\t\t\t\t<\/div>\n\t\t\t\t<\/div>\n\t\t\t\t<div class=\"elementor-element elementor-element-fafda11 elementor-widget elementor-widget-spacer\" data-id=\"fafda11\" data-element_type=\"widget\" data-e-type=\"widget\" data-widget_type=\"spacer.default\">\n\t\t\t\t<div class=\"elementor-widget-container\">\n\t\t\t\t\t\t\t<div class=\"elementor-spacer\">\n\t\t\t<div class=\"elementor-spacer-inner\"><\/div>\n\t\t<\/div>\n\t\t\t\t\t\t<\/div>\n\t\t\t\t<\/div>\n\t\t\t\t<div class=\"elementor-element elementor-element-fbdf022 elementor-widget elementor-widget-heading\" data-id=\"fbdf022\" data-element_type=\"widget\" data-e-type=\"widget\" data-widget_type=\"heading.default\">\n\t\t\t\t<div class=\"elementor-widget-container\">\n\t\t\t\t\t<h2 class=\"elementor-heading-title elementor-size-default\">Gift Shop<\/h2>\t\t\t\t<\/div>\n\t\t\t\t<\/div>\n\t\t\t\t<div class=\"elementor-element elementor-element-a7d7b52 elementor-widget elementor-widget-spacer\" data-id=\"a7d7b52\" data-element_type=\"widget\" data-e-type=\"widget\" data-widget_type=\"spacer.default\">\n\t\t\t\t<div class=\"elementor-widget-container\">\n\t\t\t\t\t\t\t<div class=\"elementor-spacer\">\n\t\t\t<div class=\"elementor-spacer-inner\"><\/div>\n\t\t<\/div>\n\t\t\t\t\t\t<\/div>\n\t\t\t\t<\/div>\n\t\t\t\t<div class=\"elementor-element elementor-element-415df00 elementor-widget__width-initial elementor-widget elementor-widget-text-editor\" data-id=\"415df00\" data-element_type=\"widget\" data-e-type=\"widget\" data-widget_type=\"text-editor.default\">\n\t\t\t\t<div class=\"elementor-widget-container\">\n\t\t\t\t\t\t\t\t\t<p><strong>Monday: closed<\/strong><\/p><p><strong>Tuesday\u2013Sunday<\/strong><\/p><p><strong>10:00-18:00<\/strong><\/p>\t\t\t\t\t\t\t\t<\/div>\n\t\t\t\t<\/div>\n\t\t\t\t<div class=\"elementor-element elementor-element-c999414 elementor-widget elementor-widget-spacer\" data-id=\"c999414\" data-element_type=\"widget\" data-e-type=\"widget\" data-widget_type=\"spacer.default\">\n\t\t\t\t<div class=\"elementor-widget-container\">\n\t\t\t\t\t\t\t<div class=\"elementor-spacer\">\n\t\t\t<div class=\"elementor-spacer-inner\"><\/div>\n\t\t<\/div>\n\t\t\t\t\t\t<\/div>\n\t\t\t\t<\/div>\n\t\t\t\t<div class=\"elementor-element elementor-element-42d4e24 elementor-widget elementor-widget-heading\" data-id=\"42d4e24\" data-element_type=\"widget\" data-e-type=\"widget\" data-widget_type=\"heading.default\">\n\t\t\t\t<div class=\"elementor-widget-container\">\n\t\t\t\t\t<h2 class=\"elementor-heading-title elementor-size-default\">Guided tours:<\/h2>\t\t\t\t<\/div>\n\t\t\t\t<\/div>\n\t\t\t\t<div class=\"elementor-element elementor-element-81f8668 elementor-widget elementor-widget-text-editor\" data-id=\"81f8668\" data-element_type=\"widget\" data-e-type=\"widget\" data-widget_type=\"text-editor.default\">\n\t\t\t\t<div class=\"elementor-widget-container\">\n\t\t\t\t\t\t\t\t\t<p style=\"text-align: center;\"><strong>Saturday\u2013Sunday: 10:30 a.m.; 2:00 p.m.; 4:00 p.m.<\/strong><\/p>\t\t\t\t\t\t\t\t<\/div>\n\t\t\t\t<\/div>\n\t\t\t\t<div class=\"elementor-element elementor-element-849b7fb elementor-widget__width-initial elementor-widget elementor-widget-text-editor\" data-id=\"849b7fb\" data-element_type=\"widget\" data-e-type=\"widget\" data-widget_type=\"text-editor.default\">\n\t\t\t\t<div class=\"elementor-widget-container\">\n\t\t\t\t\t\t\t\t\t<p>The locations and times of the guided tours are subject to change depending on liturgical events.<\/p>\t\t\t\t\t\t\t\t<\/div>\n\t\t\t\t<\/div>\n\t\t\t\t<div class=\"elementor-element elementor-element-b839acb elementor-widget__width-initial elementor-widget elementor-widget-text-editor\" data-id=\"b839acb\" data-element_type=\"widget\" data-e-type=\"widget\" data-widget_type=\"text-editor.default\">\n\t\t\t\t<div class=\"elementor-widget-container\">\n\t\t\t\t\t\t\t\t\t<p>A t\u00far\u00e1k kiindul\u00f3pontja minden esetben a Bir\u00f3-Giczey H\u00e1z<\/p>\t\t\t\t\t\t\t\t<\/div>\n\t\t\t\t<\/div>\n\t\t\t\t<div class=\"elementor-element elementor-element-038cb49 e-transform elementor-widget elementor-widget-image\" data-id=\"038cb49\" data-element_type=\"widget\" data-e-type=\"widget\" data-settings=\"{&quot;_transform_scale_effect_hover&quot;:{&quot;unit&quot;:&quot;px&quot;,&quot;size&quot;:1.03,&quot;sizes&quot;:[]},&quot;_transform_scale_effect_hover_tablet&quot;:{&quot;unit&quot;:&quot;px&quot;,&quot;size&quot;:&quot;&quot;,&quot;sizes&quot;:[]},&quot;_transform_scale_effect_hover_mobile&quot;:{&quot;unit&quot;:&quot;px&quot;,&quot;size&quot;:&quot;&quot;,&quot;sizes&quot;:[]}}\" data-widget_type=\"image.default\">\n\t\t\t\t<div class=\"elementor-widget-container\">\n\t\t\t\t\t\t\t\t\t\t\t\t\t\t\t<img fetchpriority=\"high\" decoding=\"async\" width=\"800\" height=\"178\" src=\"https:\/\/vetk.hu\/wp-content\/uploads\/2023\/04\/22-1024x228.png\" class=\"attachment-large size-large wp-image-56\" alt=\"\" srcset=\"https:\/\/vetk.hu\/wp-content\/uploads\/2023\/04\/22-1024x228.png 1024w, https:\/\/vetk.hu\/wp-content\/uploads\/2023\/04\/22-300x67.png 300w, https:\/\/vetk.hu\/wp-content\/uploads\/2023\/04\/22-768x171.png 768w, https:\/\/vetk.hu\/wp-content\/uploads\/2023\/04\/22.png 1332w\" sizes=\"(max-width: 800px) 100vw, 800px\" \/>\t\t\t\t\t\t\t\t\t\t\t\t\t\t\t<\/div>\n\t\t\t\t<\/div>\n\t\t\t\t<section class=\"elementor-section elementor-inner-section elementor-element elementor-element-b14b86b elementor-section-boxed elementor-section-height-default elementor-section-height-default\" data-id=\"b14b86b\" data-element_type=\"section\" data-e-type=\"section\">\n\t\t\t\t\t\t<div class=\"elementor-container elementor-column-gap-default\">\n\t\t\t\t\t<div class=\"elementor-column elementor-col-100 elementor-inner-column elementor-element elementor-element-6733a42\" data-id=\"6733a42\" data-element_type=\"column\" data-e-type=\"column\">\n\t\t\t<div class=\"elementor-widget-wrap elementor-element-populated\">\n\t\t\t\t\t\t<div class=\"elementor-element elementor-element-e8cc427 elementor-widget elementor-widget-text-editor\" data-id=\"e8cc427\" data-element_type=\"widget\" data-e-type=\"widget\" data-widget_type=\"text-editor.default\">\n\t\t\t\t<div class=\"elementor-widget-container\">\n\t\t\t\t\t\t\t\t\t<p style=\"text-align: center;\"><i class=\"fa-solid fa-circle-info\"><\/i><strong><a href=\"https:\/\/szentmihalyplebania.hu\/miserend\/\" target=\"_blank\" rel=\"noopener\">\u00a0A F\u0151sz\u00e9kesegyh\u00e1z nyitvatart\u00e1sa el\u00e9rhet\u0151 itt.<\/a><\/strong><\/p>\t\t\t\t\t\t\t\t<\/div>\n\t\t\t\t<\/div>\n\t\t\t\t\t<\/div>\n\t\t<\/div>\n\t\t\t\t\t<\/div>\n\t\t<\/section>\n\t\t\t\t<section class=\"elementor-section elementor-inner-section elementor-element elementor-element-715f4bf elementor-section-content-middle elementor-section-boxed elementor-section-height-default elementor-section-height-default\" data-id=\"715f4bf\" data-element_type=\"section\" data-e-type=\"section\">\n\t\t\t\t\t\t<div class=\"elementor-container elementor-column-gap-default\">\n\t\t\t\t\t<div class=\"elementor-column elementor-col-50 elementor-inner-column elementor-element elementor-element-e49458f\" data-id=\"e49458f\" data-element_type=\"column\" data-e-type=\"column\">\n\t\t\t<div class=\"elementor-widget-wrap elementor-element-populated\">\n\t\t\t\t\t\t<div class=\"elementor-element elementor-element-6c6153f elementor-button-info elementor-align-center elementor-widget__width-initial elementor-widget elementor-widget-button\" data-id=\"6c6153f\" data-element_type=\"widget\" data-e-type=\"widget\" data-widget_type=\"button.default\">\n\t\t\t\t<div class=\"elementor-widget-container\">\n\t\t\t\t\t\t\t\t\t<div class=\"elementor-button-wrapper\">\n\t\t\t\t\t<a class=\"elementor-button elementor-button-link elementor-size-sm\" href=\"https:\/\/vetk.hu\/en\/jegyarak\/\" target=\"_blank\">\n\t\t\t\t\t\t<span class=\"elementor-button-content-wrapper\">\n\t\t\t\t\t\t\t\t\t<span class=\"elementor-button-text\">TICKET PRICES<\/span>\n\t\t\t\t\t<\/span>\n\t\t\t\t\t<\/a>\n\t\t\t\t<\/div>\n\t\t\t\t\t\t\t\t<\/div>\n\t\t\t\t<\/div>\n\t\t\t\t\t<\/div>\n\t\t<\/div>\n\t\t\t\t<div class=\"elementor-column elementor-col-50 elementor-inner-column elementor-element elementor-element-dcab68a\" data-id=\"dcab68a\" data-element_type=\"column\" data-e-type=\"column\">\n\t\t\t<div class=\"elementor-widget-wrap elementor-element-populated\">\n\t\t\t\t\t\t<div class=\"elementor-element elementor-element-74bd618 elementor-button-info elementor-align-center elementor-widget__width-initial elementor-widget elementor-widget-button\" data-id=\"74bd618\" data-element_type=\"widget\" data-e-type=\"widget\" data-widget_type=\"button.default\">\n\t\t\t\t<div class=\"elementor-widget-container\">\n\t\t\t\t\t\t\t\t\t<div class=\"elementor-button-wrapper\">\n\t\t\t\t\t<a class=\"elementor-button elementor-button-link elementor-size-sm\" href=\"https:\/\/vetk.hu\/en\/events\/\" target=\"_blank\">\n\t\t\t\t\t\t<span class=\"elementor-button-content-wrapper\">\n\t\t\t\t\t\t\t\t\t<span class=\"elementor-button-text\">EVENT CALENDAR<\/span>\n\t\t\t\t\t<\/span>\n\t\t\t\t\t<\/a>\n\t\t\t\t<\/div>\n\t\t\t\t\t\t\t\t<\/div>\n\t\t\t\t<\/div>\n\t\t\t\t\t<\/div>\n\t\t<\/div>\n\t\t\t\t\t<\/div>\n\t\t<\/section>\n\t\t\t\t\t<\/div>\n\t\t<\/div>\n\t\t\t\t<div class=\"elementor-column elementor-col-50 elementor-top-column elementor-element elementor-element-416219d\" data-id=\"416219d\" data-element_type=\"column\" data-e-type=\"column\" data-settings=\"{&quot;background_background&quot;:&quot;classic&quot;}\">\n\t\t\t<div class=\"elementor-widget-wrap elementor-element-populated\">\n\t\t\t\t\t\t<section class=\"elementor-section elementor-inner-section elementor-element elementor-element-753e4e8 elementor-section-boxed elementor-section-height-default elementor-section-height-default\" data-id=\"753e4e8\" data-element_type=\"section\" data-e-type=\"section\">\n\t\t\t\t\t\t<div class=\"elementor-container elementor-column-gap-default\">\n\t\t\t\t\t<div class=\"elementor-column elementor-col-50 elementor-inner-column elementor-element elementor-element-3f705c9\" data-id=\"3f705c9\" data-element_type=\"column\" data-e-type=\"column\">\n\t\t\t<div class=\"elementor-widget-wrap\">\n\t\t\t\t\t\t\t<\/div>\n\t\t<\/div>\n\t\t\t\t<div class=\"elementor-column elementor-col-50 elementor-inner-column elementor-element elementor-element-5267a7f\" data-id=\"5267a7f\" data-element_type=\"column\" data-e-type=\"column\">\n\t\t\t<div class=\"elementor-widget-wrap\">\n\t\t\t\t\t\t\t<\/div>\n\t\t<\/div>\n\t\t\t\t\t<\/div>\n\t\t<\/section>\n\t\t\t\t\t<\/div>\n\t\t<\/div>\n\t\t\t\t\t<\/div>\n\t\t<\/section>\n\t\t\t\t<\/div>","protected":false},"excerpt":{"rendered":"<p>Nyitvatart\u00e1s Ki\u00e1ll\u00edt\u00e1sok h\u00e9tf\u0151: sz\u00fcnnap kedd-vas\u00e1rnap 10:00-18:00 Aj\u00e1nd\u00e9kbolt h\u00e9tf\u0151: sz\u00fcnnap kedd-vas\u00e1rnap 10:00-18:00 Vezetett v\u00e1rs\u00e9t\u00e1k szombat-vas\u00e1rnap: 10:30; 14:00; 16:00 A vezetett s\u00e9t\u00e1k helysz\u00ednei \u00e9s id\u0151pontjai a liturgikus esem\u00e9nyekt\u0151l f\u00fcgg\u0151en v\u00e1ltozhatnak. A t\u00far\u00e1k [&hellip;]<\/p>\n","protected":false},"author":1,"featured_media":0,"parent":0,"menu_order":0,"comment_status":"closed","ping_status":"closed","template":"elementor_header_footer","meta":{"_acf_changed":false,"_price":"","_stock":"","_tribe_ticket_header":"","_tribe_default_ticket_provider":"","_tribe_ticket_capacity":"0","_ticket_start_date":"","_ticket_end_date":"","_tribe_ticket_show_description":"","_tribe_ticket_show_not_going":false,"_tribe_ticket_use_global_stock":"","_tribe_ticket_global_stock_level":"","_global_stock_mode":"","_global_stock_cap":"","_tribe_rsvp_for_event":"","_tribe_ticket_going_count":"","_tribe_ticket_not_going_count":"","_tribe_tickets_list":"[]","_tribe_ticket_has_attendee_info_fields":false,"footnotes":"","_tec_slr_enabled":"","_tec_slr_layout":""},"class_list":["post-1272","page","type-page","status-publish","hentry"],"acf":[],"yoast_head":"<!-- This site is optimized with the Yoast SEO plugin v27.3 - https:\/\/yoast.com\/product\/yoast-seo-wordpress\/ -->\n<title>Nyitvatart\u00e1s - Veszpr\u00e9mi \u00c9rseks\u00e9g Turisztikai K\u00f6zpont<\/title>\n<meta name=\"robots\" content=\"index, follow, max-snippet:-1, max-image-preview:large, max-video-preview:-1\" \/>\n<link rel=\"canonical\" href=\"https:\/\/vetk.hu\/en\/nyitva-tartas\/\" \/>\n<meta property=\"og:locale\" content=\"en_GB\" \/>\n<meta property=\"og:type\" content=\"article\" \/>\n<meta property=\"og:title\" content=\"Nyitvatart\u00e1s - Veszpr\u00e9mi \u00c9rseks\u00e9g Turisztikai K\u00f6zpont\" \/>\n<meta property=\"og:description\" content=\"Nyitvatart\u00e1s Ki\u00e1ll\u00edt\u00e1sok h\u00e9tf\u0151: sz\u00fcnnap kedd-vas\u00e1rnap 10:00-18:00 Aj\u00e1nd\u00e9kbolt h\u00e9tf\u0151: sz\u00fcnnap kedd-vas\u00e1rnap 10:00-18:00 Vezetett v\u00e1rs\u00e9t\u00e1k szombat-vas\u00e1rnap: 10:30; 14:00; 16:00 A vezetett s\u00e9t\u00e1k helysz\u00ednei \u00e9s id\u0151pontjai a liturgikus esem\u00e9nyekt\u0151l f\u00fcgg\u0151en v\u00e1ltozhatnak. A t\u00far\u00e1k [&hellip;]\" \/>\n<meta property=\"og:url\" content=\"https:\/\/vetk.hu\/en\/nyitva-tartas\/\" \/>\n<meta property=\"og:site_name\" content=\"Veszpr\u00e9mi \u00c9rseks\u00e9g Turisztikai K\u00f6zpont\" \/>\n<meta property=\"article:modified_time\" content=\"2026-05-04T07:02:44+00:00\" \/>\n<meta property=\"og:image\" content=\"https:\/\/vetk.hu\/wp-content\/uploads\/2023\/04\/22.png\" \/>\n\t<meta property=\"og:image:width\" content=\"1332\" \/>\n\t<meta property=\"og:image:height\" content=\"296\" \/>\n\t<meta property=\"og:image:type\" content=\"image\/png\" \/>\n<meta name=\"twitter:card\" content=\"summary_large_image\" \/>\n<meta name=\"twitter:label1\" content=\"Estimated reading time\" \/>\n\t<meta name=\"twitter:data1\" content=\"1 minute\" \/>\n<script type=\"application\/ld+json\" class=\"yoast-schema-graph\">{\"@context\":\"https:\\\/\\\/schema.org\",\"@graph\":[{\"@type\":\"WebPage\",\"@id\":\"https:\\\/\\\/vetk.hu\\\/nyitva-tartas\\\/\",\"url\":\"https:\\\/\\\/vetk.hu\\\/nyitva-tartas\\\/\",\"name\":\"Nyitvatart\u00e1s - Veszpr\u00e9mi \u00c9rseks\u00e9g Turisztikai K\u00f6zpont\",\"isPartOf\":{\"@id\":\"https:\\\/\\\/vetk.hu\\\/#website\"},\"primaryImageOfPage\":{\"@id\":\"https:\\\/\\\/vetk.hu\\\/nyitva-tartas\\\/#primaryimage\"},\"image\":{\"@id\":\"https:\\\/\\\/vetk.hu\\\/nyitva-tartas\\\/#primaryimage\"},\"thumbnailUrl\":\"https:\\\/\\\/vetk.hu\\\/wp-content\\\/uploads\\\/2023\\\/04\\\/22-1024x228.png\",\"datePublished\":\"2023-05-19T13:42:17+00:00\",\"dateModified\":\"2026-05-04T07:02:44+00:00\",\"breadcrumb\":{\"@id\":\"https:\\\/\\\/vetk.hu\\\/nyitva-tartas\\\/#breadcrumb\"},\"inLanguage\":\"en-GB\",\"potentialAction\":[{\"@type\":\"ReadAction\",\"target\":[\"https:\\\/\\\/vetk.hu\\\/nyitva-tartas\\\/\"]}]},{\"@type\":\"ImageObject\",\"inLanguage\":\"en-GB\",\"@id\":\"https:\\\/\\\/vetk.hu\\\/nyitva-tartas\\\/#primaryimage\",\"url\":\"https:\\\/\\\/vetk.hu\\\/wp-content\\\/uploads\\\/2023\\\/04\\\/22-1024x228.png\",\"contentUrl\":\"https:\\\/\\\/vetk.hu\\\/wp-content\\\/uploads\\\/2023\\\/04\\\/22-1024x228.png\"},{\"@type\":\"BreadcrumbList\",\"@id\":\"https:\\\/\\\/vetk.hu\\\/nyitva-tartas\\\/#breadcrumb\",\"itemListElement\":[{\"@type\":\"ListItem\",\"position\":1,\"name\":\"Home\",\"item\":\"https:\\\/\\\/vetk.hu\\\/\"},{\"@type\":\"ListItem\",\"position\":2,\"name\":\"Nyitvatart\u00e1s\"}]},{\"@type\":\"WebSite\",\"@id\":\"https:\\\/\\\/vetk.hu\\\/#website\",\"url\":\"https:\\\/\\\/vetk.hu\\\/\",\"name\":\"Veszpr\u00e9mi \u00c9rseki Turisztikai K\u00f6zpont \u2013 Hit, \u00f6r\u00f6ks\u00e9g, \u00e9lm\u00e9ny | vetk.hu\",\"description\":\"\",\"publisher\":{\"@id\":\"https:\\\/\\\/vetk.hu\\\/#organization\"},\"potentialAction\":[{\"@type\":\"SearchAction\",\"target\":{\"@type\":\"EntryPoint\",\"urlTemplate\":\"https:\\\/\\\/vetk.hu\\\/?s={search_term_string}\"},\"query-input\":{\"@type\":\"PropertyValueSpecification\",\"valueRequired\":true,\"valueName\":\"search_term_string\"}}],\"inLanguage\":\"en-GB\"},{\"@type\":\"Organization\",\"@id\":\"https:\\\/\\\/vetk.hu\\\/#organization\",\"name\":\"Veszpr\u00e9mi \u00c9rseki Turisztikai K\u00f6zpont\",\"url\":\"https:\\\/\\\/vetk.hu\\\/\",\"logo\":{\"@type\":\"ImageObject\",\"inLanguage\":\"en-GB\",\"@id\":\"https:\\\/\\\/vetk.hu\\\/#\\\/schema\\\/logo\\\/image\\\/\",\"url\":\"https:\\\/\\\/vetk.hu\\\/wp-content\\\/uploads\\\/2023\\\/04\\\/cropped-Group-3.png\",\"contentUrl\":\"https:\\\/\\\/vetk.hu\\\/wp-content\\\/uploads\\\/2023\\\/04\\\/cropped-Group-3.png\",\"width\":353,\"height\":338,\"caption\":\"Veszpr\u00e9mi \u00c9rseki Turisztikai K\u00f6zpont\"},\"image\":{\"@id\":\"https:\\\/\\\/vetk.hu\\\/#\\\/schema\\\/logo\\\/image\\\/\"}}]}<\/script>\n<!-- \/ Yoast SEO plugin. -->","yoast_head_json":{"title":"Nyitvatart\u00e1s - Veszpr\u00e9mi \u00c9rseks\u00e9g Turisztikai K\u00f6zpont","robots":{"index":"index","follow":"follow","max-snippet":"max-snippet:-1","max-image-preview":"max-image-preview:large","max-video-preview":"max-video-preview:-1"},"canonical":"https:\/\/vetk.hu\/en\/nyitva-tartas\/","og_locale":"en_GB","og_type":"article","og_title":"Nyitvatart\u00e1s - Veszpr\u00e9mi \u00c9rseks\u00e9g Turisztikai K\u00f6zpont","og_description":"Nyitvatart\u00e1s Ki\u00e1ll\u00edt\u00e1sok h\u00e9tf\u0151: sz\u00fcnnap kedd-vas\u00e1rnap 10:00-18:00 Aj\u00e1nd\u00e9kbolt h\u00e9tf\u0151: sz\u00fcnnap kedd-vas\u00e1rnap 10:00-18:00 Vezetett v\u00e1rs\u00e9t\u00e1k szombat-vas\u00e1rnap: 10:30; 14:00; 16:00 A vezetett s\u00e9t\u00e1k helysz\u00ednei \u00e9s id\u0151pontjai a liturgikus esem\u00e9nyekt\u0151l f\u00fcgg\u0151en v\u00e1ltozhatnak. A t\u00far\u00e1k [&hellip;]","og_url":"https:\/\/vetk.hu\/en\/nyitva-tartas\/","og_site_name":"Veszpr\u00e9mi \u00c9rseks\u00e9g Turisztikai K\u00f6zpont","article_modified_time":"2026-05-04T07:02:44+00:00","og_image":[{"width":1332,"height":296,"url":"https:\/\/vetk.hu\/wp-content\/uploads\/2023\/04\/22.png","type":"image\/png"}],"twitter_card":"summary_large_image","twitter_misc":{"Estimated reading time":"1 minute"},"schema":{"@context":"https:\/\/schema.org","@graph":[{"@type":"WebPage","@id":"https:\/\/vetk.hu\/nyitva-tartas\/","url":"https:\/\/vetk.hu\/nyitva-tartas\/","name":"Nyitvatart\u00e1s - Veszpr\u00e9mi \u00c9rseks\u00e9g Turisztikai K\u00f6zpont","isPartOf":{"@id":"https:\/\/vetk.hu\/#website"},"primaryImageOfPage":{"@id":"https:\/\/vetk.hu\/nyitva-tartas\/#primaryimage"},"image":{"@id":"https:\/\/vetk.hu\/nyitva-tartas\/#primaryimage"},"thumbnailUrl":"https:\/\/vetk.hu\/wp-content\/uploads\/2023\/04\/22-1024x228.png","datePublished":"2023-05-19T13:42:17+00:00","dateModified":"2026-05-04T07:02:44+00:00","breadcrumb":{"@id":"https:\/\/vetk.hu\/nyitva-tartas\/#breadcrumb"},"inLanguage":"en-GB","potentialAction":[{"@type":"ReadAction","target":["https:\/\/vetk.hu\/nyitva-tartas\/"]}]},{"@type":"ImageObject","inLanguage":"en-GB","@id":"https:\/\/vetk.hu\/nyitva-tartas\/#primaryimage","url":"https:\/\/vetk.hu\/wp-content\/uploads\/2023\/04\/22-1024x228.png","contentUrl":"https:\/\/vetk.hu\/wp-content\/uploads\/2023\/04\/22-1024x228.png"},{"@type":"BreadcrumbList","@id":"https:\/\/vetk.hu\/nyitva-tartas\/#breadcrumb","itemListElement":[{"@type":"ListItem","position":1,"name":"Home","item":"https:\/\/vetk.hu\/"},{"@type":"ListItem","position":2,"name":"Nyitvatart\u00e1s"}]},{"@type":"WebSite","@id":"https:\/\/vetk.hu\/#website","url":"https:\/\/vetk.hu\/","name":"Veszpr\u00e9mi \u00c9rseki Turisztikai K\u00f6zpont \u2013 Hit, \u00f6r\u00f6ks\u00e9g, \u00e9lm\u00e9ny | vetk.hu","description":"","publisher":{"@id":"https:\/\/vetk.hu\/#organization"},"potentialAction":[{"@type":"SearchAction","target":{"@type":"EntryPoint","urlTemplate":"https:\/\/vetk.hu\/?s={search_term_string}"},"query-input":{"@type":"PropertyValueSpecification","valueRequired":true,"valueName":"search_term_string"}}],"inLanguage":"en-GB"},{"@type":"Organization","@id":"https:\/\/vetk.hu\/#organization","name":"Veszpr\u00e9mi \u00c9rseki Turisztikai K\u00f6zpont","url":"https:\/\/vetk.hu\/","logo":{"@type":"ImageObject","inLanguage":"en-GB","@id":"https:\/\/vetk.hu\/#\/schema\/logo\/image\/","url":"https:\/\/vetk.hu\/wp-content\/uploads\/2023\/04\/cropped-Group-3.png","contentUrl":"https:\/\/vetk.hu\/wp-content\/uploads\/2023\/04\/cropped-Group-3.png","width":353,"height":338,"caption":"Veszpr\u00e9mi \u00c9rseki Turisztikai K\u00f6zpont"},"image":{"@id":"https:\/\/vetk.hu\/#\/schema\/logo\/image\/"}}]}},"ticketed":false,"_links":{"self":[{"href":"https:\/\/vetk.hu\/en\/wp-json\/wp\/v2\/pages\/1272","targetHints":{"allow":["GET"]}}],"collection":[{"href":"https:\/\/vetk.hu\/en\/wp-json\/wp\/v2\/pages"}],"about":[{"href":"https:\/\/vetk.hu\/en\/wp-json\/wp\/v2\/types\/page"}],"author":[{"embeddable":true,"href":"https:\/\/vetk.hu\/en\/wp-json\/wp\/v2\/users\/1"}],"replies":[{"embeddable":true,"href":"https:\/\/vetk.hu\/en\/wp-json\/wp\/v2\/comments?post=1272"}],"version-history":[{"count":153,"href":"https:\/\/vetk.hu\/en\/wp-json\/wp\/v2\/pages\/1272\/revisions"}],"predecessor-version":[{"id":9723,"href":"https:\/\/vetk.hu\/en\/wp-json\/wp\/v2\/pages\/1272\/revisions\/9723"}],"wp:attachment":[{"href":"https:\/\/vetk.hu\/en\/wp-json\/wp\/v2\/media?parent=1272"}],"curies":[{"name":"wp","href":"https:\/\/api.w.org\/{rel}","templated":true}]}}