{"id":1410,"date":"2023-05-22T16:19:26","date_gmt":"2023-05-22T14:19:26","guid":{"rendered":"https:\/\/turisztika.dinosprojekt.com\/?page_id=1410"},"modified":"2025-11-13T10:31:33","modified_gmt":"2025-11-13T09:31:33","slug":"kertek","status":"publish","type":"page","link":"https:\/\/vetk.hu\/en\/kertek\/","title":{"rendered":"Gardens"},"content":{"rendered":"<div data-elementor-type=\"wp-page\" data-elementor-id=\"1410\" class=\"elementor elementor-1410\" data-elementor-post-type=\"page\">\n\t\t\t\t\t\t<section class=\"elementor-section elementor-top-section elementor-element elementor-element-22d8f34 elementor-section-boxed elementor-section-height-default elementor-section-height-default\" data-id=\"22d8f34\" data-element_type=\"section\" data-e-type=\"section\">\n\t\t\t\t\t\t<div class=\"elementor-container elementor-column-gap-default\">\n\t\t\t\t\t<div class=\"elementor-column elementor-col-50 elementor-top-column elementor-element elementor-element-b3293f1\" data-id=\"b3293f1\" data-element_type=\"column\" data-e-type=\"column\">\n\t\t\t<div class=\"elementor-widget-wrap elementor-element-populated\">\n\t\t\t\t\t\t<div class=\"elementor-element elementor-element-197f433 elementor-widget elementor-widget-text-editor\" data-id=\"197f433\" data-element_type=\"widget\" data-e-type=\"widget\" data-widget_type=\"text-editor.default\">\n\t\t\t\t<div class=\"elementor-widget-container\">\n\t\t\t\t\t\t\t\t\t<p>Approximately 10,000 square meters of open space, gardens, and courtyards will be renovated as part of the Castle Quarter project, lasting until 2025. <strong>Several green areas have already become accessible to visitors as part of the Gisela Days, starting from May 12th.<\/strong><\/p><p>The gardens are highly influential and defining features within the castle complex. On the eastern side, they are nearly on the same level. These spaces will be revitalised with landscape and garden design techniques, supplemented by new plantings, complementing the internal functions housed within the buildings. The western side features a more delicate garden system made up of smaller elements.<\/p><p>The intention here is also to ensure the use of green areas and access to the rear gardens\u2014some areas being accessible without obstacles, while others may require stairs\u2014by the end of the development in 2025. Following the opening, the gardens of the Major Seminary, the K\u00f6rmendy House, and the Bir\u00f3-Giczey House will be the first to become visitable again.<\/p>\t\t\t\t\t\t\t\t<\/div>\n\t\t\t\t<\/div>\n\t\t\t\t\t<\/div>\n\t\t<\/div>\n\t\t\t\t<div class=\"elementor-column elementor-col-50 elementor-top-column elementor-element elementor-element-0c31c5e\" data-id=\"0c31c5e\" data-element_type=\"column\" data-e-type=\"column\">\n\t\t\t<div class=\"elementor-widget-wrap elementor-element-populated\">\n\t\t\t\t\t\t<div class=\"elementor-element elementor-element-1a08246 elementor-widget__width-initial elementor-widget elementor-widget-image\" data-id=\"1a08246\" data-element_type=\"widget\" data-e-type=\"widget\" data-widget_type=\"image.default\">\n\t\t\t\t<div class=\"elementor-widget-container\">\n\t\t\t\t\t\t\t\t\t\t\t\t\t\t\t<img fetchpriority=\"high\" decoding=\"async\" width=\"800\" height=\"600\" src=\"https:\/\/vetk.hu\/wp-content\/uploads\/2023\/05\/kert-4-1024x768.jpeg\" class=\"attachment-large size-large wp-image-1469\" alt=\"\" srcset=\"https:\/\/vetk.hu\/wp-content\/uploads\/2023\/05\/kert-4-1024x768.jpeg 1024w, https:\/\/vetk.hu\/wp-content\/uploads\/2023\/05\/kert-4-300x225.jpeg 300w, https:\/\/vetk.hu\/wp-content\/uploads\/2023\/05\/kert-4-768x576.jpeg 768w, https:\/\/vetk.hu\/wp-content\/uploads\/2023\/05\/kert-4-1536x1152.jpeg 1536w, https:\/\/vetk.hu\/wp-content\/uploads\/2023\/05\/kert-4.jpeg 2048w\" sizes=\"(max-width: 800px) 100vw, 800px\" \/>\t\t\t\t\t\t\t\t\t\t\t\t\t\t\t<\/div>\n\t\t\t\t<\/div>\n\t\t\t\t\t<\/div>\n\t\t<\/div>\n\t\t\t\t\t<\/div>\n\t\t<\/section>\n\t\t\t\t<section class=\"elementor-section elementor-top-section elementor-element elementor-element-61933fb elementor-section-boxed elementor-section-height-default elementor-section-height-default\" data-id=\"61933fb\" data-element_type=\"section\" data-e-type=\"section\">\n\t\t\t\t\t\t<div class=\"elementor-container elementor-column-gap-default\">\n\t\t\t\t\t<div class=\"elementor-column elementor-col-100 elementor-top-column elementor-element elementor-element-cea839e\" data-id=\"cea839e\" data-element_type=\"column\" data-e-type=\"column\">\n\t\t\t<div class=\"elementor-widget-wrap elementor-element-populated\">\n\t\t\t\t\t\t<div class=\"elementor-element elementor-element-6b1e852 elementor-widget elementor-widget-gallery\" data-id=\"6b1e852\" data-element_type=\"widget\" data-e-type=\"widget\" data-settings=\"{&quot;columns&quot;:3,&quot;lazyload&quot;:&quot;yes&quot;,&quot;gallery_layout&quot;:&quot;grid&quot;,&quot;columns_tablet&quot;:2,&quot;columns_mobile&quot;:1,&quot;gap&quot;:{&quot;unit&quot;:&quot;px&quot;,&quot;size&quot;:10,&quot;sizes&quot;:[]},&quot;gap_tablet&quot;:{&quot;unit&quot;:&quot;px&quot;,&quot;size&quot;:10,&quot;sizes&quot;:[]},&quot;gap_mobile&quot;:{&quot;unit&quot;:&quot;px&quot;,&quot;size&quot;:10,&quot;sizes&quot;:[]},&quot;link_to&quot;:&quot;file&quot;,&quot;aspect_ratio&quot;:&quot;3:2&quot;,&quot;overlay_background&quot;:&quot;yes&quot;,&quot;content_hover_animation&quot;:&quot;fade-in&quot;}\" data-widget_type=\"gallery.default\">\n\t\t\t\t<div class=\"elementor-widget-container\">\n\t\t\t\t\t\t\t<div class=\"elementor-gallery__container\">\n\t\t\t\t\t\t\t<a class=\"e-gallery-item elementor-gallery-item elementor-animated-content\" href=\"https:\/\/vetk.hu\/wp-content\/uploads\/2023\/05\/kert-1.jpeg\" data-elementor-open-lightbox=\"yes\" data-elementor-lightbox-slideshow=\"6b1e852\" data-elementor-lightbox-title=\"kert 1\" data-e-action-hash=\"#elementor-action%3Aaction%3Dlightbox%26settings%3DeyJpZCI6MTQ2NiwidXJsIjoiaHR0cHM6XC9cL3ZldGsuaHVcL3dwLWNvbnRlbnRcL3VwbG9hZHNcLzIwMjNcLzA1XC9rZXJ0LTEuanBlZyIsInNsaWRlc2hvdyI6IjZiMWU4NTIifQ%3D%3D\">\n\t\t\t\t\t<div class=\"e-gallery-image elementor-gallery-item__image\" data-thumbnail=\"https:\/\/vetk.hu\/wp-content\/uploads\/2023\/05\/kert-1-1536x1152.jpeg\" data-width=\"1536\" data-height=\"1152\" aria-label=\"\" role=\"img\" ><\/div>\n\t\t\t\t\t\t\t\t\t\t\t<div class=\"elementor-gallery-item__overlay\"><\/div>\n\t\t\t\t\t\t\t\t\t\t\t\t\t\t<\/a>\n\t\t\t\t\t\t\t<a class=\"e-gallery-item elementor-gallery-item elementor-animated-content\" href=\"https:\/\/vetk.hu\/wp-content\/uploads\/2023\/05\/kert-3.jpeg\" data-elementor-open-lightbox=\"yes\" data-elementor-lightbox-slideshow=\"6b1e852\" data-elementor-lightbox-title=\"kert 3\" data-e-action-hash=\"#elementor-action%3Aaction%3Dlightbox%26settings%3DeyJpZCI6MTQ2OCwidXJsIjoiaHR0cHM6XC9cL3ZldGsuaHVcL3dwLWNvbnRlbnRcL3VwbG9hZHNcLzIwMjNcLzA1XC9rZXJ0LTMuanBlZyIsInNsaWRlc2hvdyI6IjZiMWU4NTIifQ%3D%3D\">\n\t\t\t\t\t<div class=\"e-gallery-image elementor-gallery-item__image\" data-thumbnail=\"https:\/\/vetk.hu\/wp-content\/uploads\/2023\/05\/kert-3-1536x1152.jpeg\" data-width=\"1536\" data-height=\"1152\" aria-label=\"\" role=\"img\" ><\/div>\n\t\t\t\t\t\t\t\t\t\t\t<div class=\"elementor-gallery-item__overlay\"><\/div>\n\t\t\t\t\t\t\t\t\t\t\t\t\t\t<\/a>\n\t\t\t\t\t\t\t<a class=\"e-gallery-item elementor-gallery-item elementor-animated-content\" href=\"https:\/\/vetk.hu\/wp-content\/uploads\/2023\/05\/kert-2.jpeg\" data-elementor-open-lightbox=\"yes\" data-elementor-lightbox-slideshow=\"6b1e852\" data-elementor-lightbox-title=\"kert 2\" data-e-action-hash=\"#elementor-action%3Aaction%3Dlightbox%26settings%3DeyJpZCI6MTQ2NywidXJsIjoiaHR0cHM6XC9cL3ZldGsuaHVcL3dwLWNvbnRlbnRcL3VwbG9hZHNcLzIwMjNcLzA1XC9rZXJ0LTIuanBlZyIsInNsaWRlc2hvdyI6IjZiMWU4NTIifQ%3D%3D\">\n\t\t\t\t\t<div class=\"e-gallery-image elementor-gallery-item__image\" data-thumbnail=\"https:\/\/vetk.hu\/wp-content\/uploads\/2023\/05\/kert-2-1536x1152.jpeg\" data-width=\"1536\" data-height=\"1152\" aria-label=\"\" role=\"img\" ><\/div>\n\t\t\t\t\t\t\t\t\t\t\t<div class=\"elementor-gallery-item__overlay\"><\/div>\n\t\t\t\t\t\t\t\t\t\t\t\t\t\t<\/a>\n\t\t\t\t\t<\/div>\n\t\t\t\t\t<\/div>\n\t\t\t\t<\/div>\n\t\t\t\t\t<\/div>\n\t\t<\/div>\n\t\t\t\t\t<\/div>\n\t\t<\/section>\n\t\t\t\t<section class=\"elementor-section elementor-top-section elementor-element elementor-element-38fcc13 elementor-section-boxed elementor-section-height-default elementor-section-height-default\" data-id=\"38fcc13\" data-element_type=\"section\" data-e-type=\"section\">\n\t\t\t\t\t\t<div class=\"elementor-container elementor-column-gap-default\">\n\t\t\t\t\t<div class=\"elementor-column elementor-col-100 elementor-top-column elementor-element elementor-element-83f56ee\" data-id=\"83f56ee\" data-element_type=\"column\" data-e-type=\"column\">\n\t\t\t<div class=\"elementor-widget-wrap elementor-element-populated\">\n\t\t\t\t\t\t<div class=\"elementor-element elementor-element-b0f39b5 elementor-widget elementor-widget-image\" data-id=\"b0f39b5\" data-element_type=\"widget\" data-e-type=\"widget\" data-widget_type=\"image.default\">\n\t\t\t\t<div class=\"elementor-widget-container\">\n\t\t\t\t\t\t\t\t\t\t\t\t\t\t\t<img decoding=\"async\" width=\"800\" height=\"405\" src=\"https:\/\/vetk.hu\/wp-content\/uploads\/2023\/09\/szalezianumkert1-1024x519.jpg\" class=\"attachment-large size-large wp-image-2667\" alt=\"\" srcset=\"https:\/\/vetk.hu\/wp-content\/uploads\/2023\/09\/szalezianumkert1-1024x519.jpg 1024w, https:\/\/vetk.hu\/wp-content\/uploads\/2023\/09\/szalezianumkert1-300x152.jpg 300w, https:\/\/vetk.hu\/wp-content\/uploads\/2023\/09\/szalezianumkert1-768x390.jpg 768w, https:\/\/vetk.hu\/wp-content\/uploads\/2023\/09\/szalezianumkert1-1536x779.jpg 1536w, https:\/\/vetk.hu\/wp-content\/uploads\/2023\/09\/szalezianumkert1-2048x1039.jpg 2048w\" sizes=\"(max-width: 800px) 100vw, 800px\" \/>\t\t\t\t\t\t\t\t\t\t\t\t\t\t\t<\/div>\n\t\t\t\t<\/div>\n\t\t\t\t\t<\/div>\n\t\t<\/div>\n\t\t\t\t\t<\/div>\n\t\t<\/section>\n\t\t\t\t<section class=\"elementor-section elementor-top-section elementor-element elementor-element-82ed99f elementor-section-boxed elementor-section-height-default elementor-section-height-default\" data-id=\"82ed99f\" data-element_type=\"section\" data-e-type=\"section\">\n\t\t\t\t\t\t<div class=\"elementor-container elementor-column-gap-default\">\n\t\t\t\t\t<div class=\"elementor-column elementor-col-50 elementor-top-column elementor-element elementor-element-cad5bc5\" data-id=\"cad5bc5\" data-element_type=\"column\" data-e-type=\"column\">\n\t\t\t<div class=\"elementor-widget-wrap elementor-element-populated\">\n\t\t\t\t\t\t<div class=\"elementor-element elementor-element-090952d elementor-widget elementor-widget-image\" data-id=\"090952d\" data-element_type=\"widget\" data-e-type=\"widget\" data-widget_type=\"image.default\">\n\t\t\t\t<div class=\"elementor-widget-container\">\n\t\t\t\t\t\t\t\t\t\t\t\t\t\t\t<img decoding=\"async\" width=\"800\" height=\"600\" src=\"https:\/\/vetk.hu\/wp-content\/uploads\/2023\/09\/kormendykert2-1024x768.jpg\" class=\"attachment-large size-large wp-image-2668\" alt=\"\" srcset=\"https:\/\/vetk.hu\/wp-content\/uploads\/2023\/09\/kormendykert2-1024x768.jpg 1024w, https:\/\/vetk.hu\/wp-content\/uploads\/2023\/09\/kormendykert2-300x225.jpg 300w, https:\/\/vetk.hu\/wp-content\/uploads\/2023\/09\/kormendykert2-768x576.jpg 768w, https:\/\/vetk.hu\/wp-content\/uploads\/2023\/09\/kormendykert2-1536x1152.jpg 1536w, https:\/\/vetk.hu\/wp-content\/uploads\/2023\/09\/kormendykert2-2048x1536.jpg 2048w\" sizes=\"(max-width: 800px) 100vw, 800px\" \/>\t\t\t\t\t\t\t\t\t\t\t\t\t\t\t<\/div>\n\t\t\t\t<\/div>\n\t\t\t\t\t<\/div>\n\t\t<\/div>\n\t\t\t\t<div class=\"elementor-column elementor-col-50 elementor-top-column elementor-element elementor-element-8ac71b0\" data-id=\"8ac71b0\" data-element_type=\"column\" data-e-type=\"column\">\n\t\t\t<div class=\"elementor-widget-wrap elementor-element-populated\">\n\t\t\t\t\t\t<div class=\"elementor-element elementor-element-4c6e19a elementor-widget elementor-widget-image\" data-id=\"4c6e19a\" data-element_type=\"widget\" data-e-type=\"widget\" data-widget_type=\"image.default\">\n\t\t\t\t<div class=\"elementor-widget-container\">\n\t\t\t\t\t\t\t\t\t\t\t\t\t\t\t<img loading=\"lazy\" decoding=\"async\" width=\"800\" height=\"600\" src=\"https:\/\/vetk.hu\/wp-content\/uploads\/2023\/09\/szalezianumkert9-1024x768.jpg\" class=\"attachment-large size-large wp-image-2669\" alt=\"\" srcset=\"https:\/\/vetk.hu\/wp-content\/uploads\/2023\/09\/szalezianumkert9-1024x768.jpg 1024w, https:\/\/vetk.hu\/wp-content\/uploads\/2023\/09\/szalezianumkert9-300x225.jpg 300w, https:\/\/vetk.hu\/wp-content\/uploads\/2023\/09\/szalezianumkert9-768x576.jpg 768w, https:\/\/vetk.hu\/wp-content\/uploads\/2023\/09\/szalezianumkert9-1536x1152.jpg 1536w, https:\/\/vetk.hu\/wp-content\/uploads\/2023\/09\/szalezianumkert9-2048x1536.jpg 2048w\" sizes=\"(max-width: 800px) 100vw, 800px\" \/>\t\t\t\t\t\t\t\t\t\t\t\t\t\t\t<\/div>\n\t\t\t\t<\/div>\n\t\t\t\t\t<\/div>\n\t\t<\/div>\n\t\t\t\t\t<\/div>\n\t\t<\/section>\n\t\t\t\t<\/div>","protected":false},"excerpt":{"rendered":"<p>Mintegy 10 ezer n\u00e9gyzetm\u00e9ter szabad ter\u00fclet, kertek-udvarok \u00fajulnak meg a 2025-ig tart\u00f3 v\u00e1rnegyed beruh\u00e1z\u00e1s keret\u00e9ben. A z\u00f6ldter\u00fcletek k\u00f6z\u00fcl t\u00f6bb m\u00e1r a Gizella Napok keret\u00e9ben, m\u00e1jus 12-t\u0151l l\u00e1togathat\u00f3v\u00e1 v\u00e1lt. A kertek [&hellip;]<\/p>\n","protected":false},"author":1,"featured_media":0,"parent":0,"menu_order":0,"comment_status":"closed","ping_status":"closed","template":"","meta":{"_acf_changed":false,"_price":"","_stock":"","_tribe_ticket_header":"","_tribe_default_ticket_provider":"","_tribe_ticket_capacity":"0","_ticket_start_date":"","_ticket_end_date":"","_tribe_ticket_show_description":"","_tribe_ticket_show_not_going":false,"_tribe_ticket_use_global_stock":"","_tribe_ticket_global_stock_level":"","_global_stock_mode":"","_global_stock_cap":"","_tribe_rsvp_for_event":"","_tribe_ticket_going_count":"","_tribe_ticket_not_going_count":"","_tribe_tickets_list":"[]","_tribe_ticket_has_attendee_info_fields":false,"footnotes":"","_tec_slr_enabled":"","_tec_slr_layout":""},"class_list":["post-1410","page","type-page","status-publish","hentry"],"acf":[],"yoast_head":"<!-- This site is optimized with the Yoast SEO plugin v27.3 - https:\/\/yoast.com\/product\/yoast-seo-wordpress\/ -->\n<title>Kertek - Veszpr\u00e9mi \u00c9rseks\u00e9g Turisztikai K\u00f6zpont<\/title>\n<meta name=\"robots\" content=\"index, follow, max-snippet:-1, max-image-preview:large, max-video-preview:-1\" \/>\n<link rel=\"canonical\" href=\"https:\/\/vetk.hu\/en\/kertek\/\" \/>\n<meta property=\"og:locale\" content=\"en_GB\" \/>\n<meta property=\"og:type\" content=\"article\" \/>\n<meta property=\"og:title\" content=\"Kertek - Veszpr\u00e9mi \u00c9rseks\u00e9g Turisztikai K\u00f6zpont\" \/>\n<meta property=\"og:description\" content=\"Mintegy 10 ezer n\u00e9gyzetm\u00e9ter szabad ter\u00fclet, kertek-udvarok \u00fajulnak meg a 2025-ig tart\u00f3 v\u00e1rnegyed beruh\u00e1z\u00e1s keret\u00e9ben. A z\u00f6ldter\u00fcletek k\u00f6z\u00fcl t\u00f6bb m\u00e1r a Gizella Napok keret\u00e9ben, m\u00e1jus 12-t\u0151l l\u00e1togathat\u00f3v\u00e1 v\u00e1lt. A kertek [&hellip;]\" \/>\n<meta property=\"og:url\" content=\"https:\/\/vetk.hu\/en\/kertek\/\" \/>\n<meta property=\"og:site_name\" content=\"Veszpr\u00e9mi \u00c9rseks\u00e9g Turisztikai K\u00f6zpont\" \/>\n<meta property=\"article:modified_time\" content=\"2025-11-13T09:31:33+00:00\" \/>\n<meta property=\"og:image\" content=\"https:\/\/vetk.hu\/wp-content\/uploads\/2023\/05\/kert-4.jpeg\" \/>\n\t<meta property=\"og:image:width\" content=\"2048\" \/>\n\t<meta property=\"og:image:height\" content=\"1536\" \/>\n\t<meta property=\"og:image:type\" content=\"image\/jpeg\" \/>\n<meta name=\"twitter:card\" content=\"summary_large_image\" \/>\n<meta name=\"twitter:label1\" content=\"Estimated reading time\" \/>\n\t<meta name=\"twitter:data1\" content=\"2 minutes\" \/>\n<script type=\"application\/ld+json\" class=\"yoast-schema-graph\">{\"@context\":\"https:\\\/\\\/schema.org\",\"@graph\":[{\"@type\":\"WebPage\",\"@id\":\"https:\\\/\\\/vetk.hu\\\/kertek\\\/\",\"url\":\"https:\\\/\\\/vetk.hu\\\/kertek\\\/\",\"name\":\"Kertek - Veszpr\u00e9mi \u00c9rseks\u00e9g Turisztikai K\u00f6zpont\",\"isPartOf\":{\"@id\":\"https:\\\/\\\/vetk.hu\\\/#website\"},\"primaryImageOfPage\":{\"@id\":\"https:\\\/\\\/vetk.hu\\\/kertek\\\/#primaryimage\"},\"image\":{\"@id\":\"https:\\\/\\\/vetk.hu\\\/kertek\\\/#primaryimage\"},\"thumbnailUrl\":\"https:\\\/\\\/vetk.hu\\\/wp-content\\\/uploads\\\/2023\\\/05\\\/kert-4-1024x768.jpeg\",\"datePublished\":\"2023-05-22T14:19:26+00:00\",\"dateModified\":\"2025-11-13T09:31:33+00:00\",\"breadcrumb\":{\"@id\":\"https:\\\/\\\/vetk.hu\\\/kertek\\\/#breadcrumb\"},\"inLanguage\":\"en-GB\",\"potentialAction\":[{\"@type\":\"ReadAction\",\"target\":[\"https:\\\/\\\/vetk.hu\\\/kertek\\\/\"]}]},{\"@type\":\"ImageObject\",\"inLanguage\":\"en-GB\",\"@id\":\"https:\\\/\\\/vetk.hu\\\/kertek\\\/#primaryimage\",\"url\":\"https:\\\/\\\/vetk.hu\\\/wp-content\\\/uploads\\\/2023\\\/05\\\/kert-4-1024x768.jpeg\",\"contentUrl\":\"https:\\\/\\\/vetk.hu\\\/wp-content\\\/uploads\\\/2023\\\/05\\\/kert-4-1024x768.jpeg\"},{\"@type\":\"BreadcrumbList\",\"@id\":\"https:\\\/\\\/vetk.hu\\\/kertek\\\/#breadcrumb\",\"itemListElement\":[{\"@type\":\"ListItem\",\"position\":1,\"name\":\"Home\",\"item\":\"https:\\\/\\\/vetk.hu\\\/\"},{\"@type\":\"ListItem\",\"position\":2,\"name\":\"Kertek\"}]},{\"@type\":\"WebSite\",\"@id\":\"https:\\\/\\\/vetk.hu\\\/#website\",\"url\":\"https:\\\/\\\/vetk.hu\\\/\",\"name\":\"Veszpr\u00e9mi \u00c9rseki Turisztikai K\u00f6zpont \u2013 Hit, \u00f6r\u00f6ks\u00e9g, \u00e9lm\u00e9ny | vetk.hu\",\"description\":\"\",\"publisher\":{\"@id\":\"https:\\\/\\\/vetk.hu\\\/#organization\"},\"potentialAction\":[{\"@type\":\"SearchAction\",\"target\":{\"@type\":\"EntryPoint\",\"urlTemplate\":\"https:\\\/\\\/vetk.hu\\\/?s={search_term_string}\"},\"query-input\":{\"@type\":\"PropertyValueSpecification\",\"valueRequired\":true,\"valueName\":\"search_term_string\"}}],\"inLanguage\":\"en-GB\"},{\"@type\":\"Organization\",\"@id\":\"https:\\\/\\\/vetk.hu\\\/#organization\",\"name\":\"Veszpr\u00e9mi \u00c9rseki Turisztikai K\u00f6zpont\",\"url\":\"https:\\\/\\\/vetk.hu\\\/\",\"logo\":{\"@type\":\"ImageObject\",\"inLanguage\":\"en-GB\",\"@id\":\"https:\\\/\\\/vetk.hu\\\/#\\\/schema\\\/logo\\\/image\\\/\",\"url\":\"https:\\\/\\\/vetk.hu\\\/wp-content\\\/uploads\\\/2023\\\/04\\\/cropped-Group-3.png\",\"contentUrl\":\"https:\\\/\\\/vetk.hu\\\/wp-content\\\/uploads\\\/2023\\\/04\\\/cropped-Group-3.png\",\"width\":353,\"height\":338,\"caption\":\"Veszpr\u00e9mi \u00c9rseki Turisztikai K\u00f6zpont\"},\"image\":{\"@id\":\"https:\\\/\\\/vetk.hu\\\/#\\\/schema\\\/logo\\\/image\\\/\"}}]}<\/script>\n<!-- \/ Yoast SEO plugin. -->","yoast_head_json":{"title":"Kertek - Veszpr\u00e9mi \u00c9rseks\u00e9g Turisztikai K\u00f6zpont","robots":{"index":"index","follow":"follow","max-snippet":"max-snippet:-1","max-image-preview":"max-image-preview:large","max-video-preview":"max-video-preview:-1"},"canonical":"https:\/\/vetk.hu\/en\/kertek\/","og_locale":"en_GB","og_type":"article","og_title":"Kertek - Veszpr\u00e9mi \u00c9rseks\u00e9g Turisztikai K\u00f6zpont","og_description":"Mintegy 10 ezer n\u00e9gyzetm\u00e9ter szabad ter\u00fclet, kertek-udvarok \u00fajulnak meg a 2025-ig tart\u00f3 v\u00e1rnegyed beruh\u00e1z\u00e1s keret\u00e9ben. A z\u00f6ldter\u00fcletek k\u00f6z\u00fcl t\u00f6bb m\u00e1r a Gizella Napok keret\u00e9ben, m\u00e1jus 12-t\u0151l l\u00e1togathat\u00f3v\u00e1 v\u00e1lt. A kertek [&hellip;]","og_url":"https:\/\/vetk.hu\/en\/kertek\/","og_site_name":"Veszpr\u00e9mi \u00c9rseks\u00e9g Turisztikai K\u00f6zpont","article_modified_time":"2025-11-13T09:31:33+00:00","og_image":[{"width":2048,"height":1536,"url":"https:\/\/vetk.hu\/wp-content\/uploads\/2023\/05\/kert-4.jpeg","type":"image\/jpeg"}],"twitter_card":"summary_large_image","twitter_misc":{"Estimated reading time":"2 minutes"},"schema":{"@context":"https:\/\/schema.org","@graph":[{"@type":"WebPage","@id":"https:\/\/vetk.hu\/kertek\/","url":"https:\/\/vetk.hu\/kertek\/","name":"Kertek - Veszpr\u00e9mi \u00c9rseks\u00e9g Turisztikai K\u00f6zpont","isPartOf":{"@id":"https:\/\/vetk.hu\/#website"},"primaryImageOfPage":{"@id":"https:\/\/vetk.hu\/kertek\/#primaryimage"},"image":{"@id":"https:\/\/vetk.hu\/kertek\/#primaryimage"},"thumbnailUrl":"https:\/\/vetk.hu\/wp-content\/uploads\/2023\/05\/kert-4-1024x768.jpeg","datePublished":"2023-05-22T14:19:26+00:00","dateModified":"2025-11-13T09:31:33+00:00","breadcrumb":{"@id":"https:\/\/vetk.hu\/kertek\/#breadcrumb"},"inLanguage":"en-GB","potentialAction":[{"@type":"ReadAction","target":["https:\/\/vetk.hu\/kertek\/"]}]},{"@type":"ImageObject","inLanguage":"en-GB","@id":"https:\/\/vetk.hu\/kertek\/#primaryimage","url":"https:\/\/vetk.hu\/wp-content\/uploads\/2023\/05\/kert-4-1024x768.jpeg","contentUrl":"https:\/\/vetk.hu\/wp-content\/uploads\/2023\/05\/kert-4-1024x768.jpeg"},{"@type":"BreadcrumbList","@id":"https:\/\/vetk.hu\/kertek\/#breadcrumb","itemListElement":[{"@type":"ListItem","position":1,"name":"Home","item":"https:\/\/vetk.hu\/"},{"@type":"ListItem","position":2,"name":"Kertek"}]},{"@type":"WebSite","@id":"https:\/\/vetk.hu\/#website","url":"https:\/\/vetk.hu\/","name":"Veszpr\u00e9mi \u00c9rseki Turisztikai K\u00f6zpont \u2013 Hit, \u00f6r\u00f6ks\u00e9g, \u00e9lm\u00e9ny | vetk.hu","description":"","publisher":{"@id":"https:\/\/vetk.hu\/#organization"},"potentialAction":[{"@type":"SearchAction","target":{"@type":"EntryPoint","urlTemplate":"https:\/\/vetk.hu\/?s={search_term_string}"},"query-input":{"@type":"PropertyValueSpecification","valueRequired":true,"valueName":"search_term_string"}}],"inLanguage":"en-GB"},{"@type":"Organization","@id":"https:\/\/vetk.hu\/#organization","name":"Veszpr\u00e9mi \u00c9rseki Turisztikai K\u00f6zpont","url":"https:\/\/vetk.hu\/","logo":{"@type":"ImageObject","inLanguage":"en-GB","@id":"https:\/\/vetk.hu\/#\/schema\/logo\/image\/","url":"https:\/\/vetk.hu\/wp-content\/uploads\/2023\/04\/cropped-Group-3.png","contentUrl":"https:\/\/vetk.hu\/wp-content\/uploads\/2023\/04\/cropped-Group-3.png","width":353,"height":338,"caption":"Veszpr\u00e9mi \u00c9rseki Turisztikai K\u00f6zpont"},"image":{"@id":"https:\/\/vetk.hu\/#\/schema\/logo\/image\/"}}]}},"ticketed":false,"_links":{"self":[{"href":"https:\/\/vetk.hu\/en\/wp-json\/wp\/v2\/pages\/1410","targetHints":{"allow":["GET"]}}],"collection":[{"href":"https:\/\/vetk.hu\/en\/wp-json\/wp\/v2\/pages"}],"about":[{"href":"https:\/\/vetk.hu\/en\/wp-json\/wp\/v2\/types\/page"}],"author":[{"embeddable":true,"href":"https:\/\/vetk.hu\/en\/wp-json\/wp\/v2\/users\/1"}],"replies":[{"embeddable":true,"href":"https:\/\/vetk.hu\/en\/wp-json\/wp\/v2\/comments?post=1410"}],"version-history":[{"count":15,"href":"https:\/\/vetk.hu\/en\/wp-json\/wp\/v2\/pages\/1410\/revisions"}],"predecessor-version":[{"id":6513,"href":"https:\/\/vetk.hu\/en\/wp-json\/wp\/v2\/pages\/1410\/revisions\/6513"}],"wp:attachment":[{"href":"https:\/\/vetk.hu\/en\/wp-json\/wp\/v2\/media?parent=1410"}],"curies":[{"name":"wp","href":"https:\/\/api.w.org\/{rel}","templated":true}]}}