{"id":190,"date":"2023-04-13T20:22:22","date_gmt":"2023-04-13T18:22:22","guid":{"rendered":"https:\/\/turisztika.dinosprojekt.com\/?page_id=190"},"modified":"2026-03-24T14:57:53","modified_gmt":"2026-03-24T13:57:53","slug":"erseki-koszonto","status":"publish","type":"page","link":"https:\/\/vetk.hu\/en\/erseki-koszonto\/","title":{"rendered":"Greeting from Archbishop"},"content":{"rendered":"<div data-elementor-type=\"wp-page\" data-elementor-id=\"190\" class=\"elementor elementor-190\" data-elementor-post-type=\"page\">\n\t\t\t\t\t\t<section class=\"elementor-section elementor-top-section elementor-element elementor-element-cd02c9a elementor-section-boxed elementor-section-height-default elementor-section-height-default\" data-id=\"cd02c9a\" data-element_type=\"section\" data-e-type=\"section\">\n\t\t\t\t\t\t<div class=\"elementor-container elementor-column-gap-default\">\n\t\t\t\t\t<div class=\"elementor-column elementor-col-100 elementor-top-column elementor-element elementor-element-568bd6b\" data-id=\"568bd6b\" data-element_type=\"column\" data-e-type=\"column\">\n\t\t\t<div class=\"elementor-widget-wrap elementor-element-populated\">\n\t\t\t\t\t\t<div class=\"elementor-element elementor-element-1e0c706 elementor-widget elementor-widget-text-editor\" data-id=\"1e0c706\" data-element_type=\"widget\" data-e-type=\"widget\" data-widget_type=\"text-editor.default\">\n\t\t\t\t<div class=\"elementor-widget-container\">\n\t\t\t\t\t\t\t\t\t<p><span style=\"font-weight: 400;\">People come, take some photos, and after a little relaxation, they leave. This is how modern mass tourism can be described. This is not necessarily bad, but we cannot settle for this approach in the Archdiocese of Veszpr\u00e9m. We want more than that. <\/span><strong>We do not hide the fact, that the activities of the Archiepiscopal Tourist Centre must also be in line with the main goal of the church, the spreading of the Good News.\u00a0<\/strong><span style=\"font-weight: 400;\"><br \/><\/span><\/p>\t\t\t\t\t\t\t\t<\/div>\n\t\t\t\t<\/div>\n\t\t\t\t\t<\/div>\n\t\t<\/div>\n\t\t\t\t\t<\/div>\n\t\t<\/section>\n\t\t\t\t<section class=\"elementor-section elementor-top-section elementor-element elementor-element-e0434d4 elementor-section-boxed elementor-section-height-default elementor-section-height-default\" data-id=\"e0434d4\" data-element_type=\"section\" data-e-type=\"section\">\n\t\t\t\t\t\t<div class=\"elementor-container elementor-column-gap-default\">\n\t\t\t\t\t<div class=\"elementor-column elementor-col-50 elementor-top-column elementor-element elementor-element-1f66674\" data-id=\"1f66674\" data-element_type=\"column\" data-e-type=\"column\">\n\t\t\t<div class=\"elementor-widget-wrap elementor-element-populated\">\n\t\t\t\t\t\t<div class=\"elementor-element elementor-element-2f5cdec elementor-widget__width-initial elementor-widget elementor-widget-image\" data-id=\"2f5cdec\" data-element_type=\"widget\" data-e-type=\"widget\" data-widget_type=\"image.default\">\n\t\t\t\t<div class=\"elementor-widget-container\">\n\t\t\t\t\t\t\t\t\t\t\t\t\t\t\t<img fetchpriority=\"high\" decoding=\"async\" width=\"732\" height=\"1024\" src=\"https:\/\/vetk.hu\/wp-content\/uploads\/2023\/05\/Gyorgy-ersek-1-732x1024.jpg\" class=\"attachment-large size-large wp-image-1423\" alt=\"\" srcset=\"https:\/\/vetk.hu\/wp-content\/uploads\/2023\/05\/Gyorgy-ersek-1-732x1024.jpg 732w, https:\/\/vetk.hu\/wp-content\/uploads\/2023\/05\/Gyorgy-ersek-1-214x300.jpg 214w, https:\/\/vetk.hu\/wp-content\/uploads\/2023\/05\/Gyorgy-ersek-1-768x1074.jpg 768w, https:\/\/vetk.hu\/wp-content\/uploads\/2023\/05\/Gyorgy-ersek-1-1098x1536.jpg 1098w, https:\/\/vetk.hu\/wp-content\/uploads\/2023\/05\/Gyorgy-ersek-1-1464x2048.jpg 1464w, https:\/\/vetk.hu\/wp-content\/uploads\/2023\/05\/Gyorgy-ersek-1.jpg 1748w\" sizes=\"(max-width: 732px) 100vw, 732px\" \/>\t\t\t\t\t\t\t\t\t\t\t\t\t\t\t<\/div>\n\t\t\t\t<\/div>\n\t\t\t\t\t<\/div>\n\t\t<\/div>\n\t\t\t\t<div class=\"elementor-column elementor-col-50 elementor-top-column elementor-element elementor-element-c349d2c\" data-id=\"c349d2c\" data-element_type=\"column\" data-e-type=\"column\">\n\t\t\t<div class=\"elementor-widget-wrap elementor-element-populated\">\n\t\t\t\t\t\t<div class=\"elementor-element elementor-element-c5cb69e elementor-widget elementor-widget-text-editor\" data-id=\"c5cb69e\" data-element_type=\"widget\" data-e-type=\"widget\" data-widget_type=\"text-editor.default\">\n\t\t\t\t<div class=\"elementor-widget-container\">\n\t\t\t\t\t\t\t\t\t<p><span style=\"font-weight: 400;\">We subordinate everything to this goal, and all our tourism services are designed with this purpose in mind. Naturally, while keeping spiritual needs as our top priority, we strive to provide the highest standard of hospitality to tourists, pilgrims, and visitors alike. Indeed, the Archdiocese of Veszpr\u00e9m offers numerous opportunities for those seeking relaxation. Just consider the natural beauty of the Balaton Uplands or the architectural masterpieces of the built environment. Among these, Veszpr\u00e9m Castle stands out, with its renovation set to be completed in the near future; however, the exhibitions at St. Michael\u2019s Cathedral, the Archbishop\u2019s Palace, the Gizella Chapel, the St. George Chapel, and the Bir\u00f3-Giczey House are already open to visitors.<\/span><\/p><p><span style=\"font-weight: 400;\">We warmly welcome tourists to our Masses, guided castle tours, and organ concerts, and visitors can also admire the view of the city of Veszpr\u00e9m from the statues of St. Stephen and Blessed Gisela. All of this takes place in a setting where Christianity has been present for over a thousand years.<\/span><\/p><p style=\"text-align: right;\"><strong>Dr. Gy\u00f6rgy Udvardy<br \/>Archbishop of Veszpr\u00e9m<\/strong><\/p>\t\t\t\t\t\t\t\t<\/div>\n\t\t\t\t<\/div>\n\t\t\t\t\t<\/div>\n\t\t<\/div>\n\t\t\t\t\t<\/div>\n\t\t<\/section>\n\t\t\t\t<\/div>","protected":false},"excerpt":{"rendered":"<p>Az emberek j\u00f6nnek, n\u00e9h\u00e1ny fot\u00f3t k\u00e9sz\u00edtenek, majd egy kis kikapcsol\u00f3d\u00e1s ut\u00e1n m\u00e1r mennek is. A modern t\u00f6megturizmus nagyj\u00e1b\u00f3l \u00edgy \u00edrhat\u00f3 le. Ez nem felt\u00e9tlen\u00fcl rossz, de ezzel a felfog\u00e1ssal a [&hellip;]<\/p>\n","protected":false},"author":1,"featured_media":0,"parent":0,"menu_order":0,"comment_status":"closed","ping_status":"closed","template":"","meta":{"_acf_changed":false,"_price":"","_stock":"","_tribe_ticket_header":"","_tribe_default_ticket_provider":"","_tribe_ticket_capacity":"0","_ticket_start_date":"","_ticket_end_date":"","_tribe_ticket_show_description":"","_tribe_ticket_show_not_going":false,"_tribe_ticket_use_global_stock":"","_tribe_ticket_global_stock_level":"","_global_stock_mode":"","_global_stock_cap":"","_tribe_rsvp_for_event":"","_tribe_ticket_going_count":"","_tribe_ticket_not_going_count":"","_tribe_tickets_list":"[]","_tribe_ticket_has_attendee_info_fields":false,"footnotes":"","_tec_slr_enabled":"","_tec_slr_layout":""},"class_list":["post-190","page","type-page","status-publish","hentry"],"acf":[],"yoast_head":"<!-- This site is optimized with the Yoast SEO plugin v27.3 - https:\/\/yoast.com\/product\/yoast-seo-wordpress\/ -->\n<title>\u00c9rseki k\u00f6sz\u00f6nt\u0151 - Veszpr\u00e9mi \u00c9rseks\u00e9g Turisztikai K\u00f6zpont<\/title>\n<meta name=\"robots\" content=\"index, follow, max-snippet:-1, max-image-preview:large, max-video-preview:-1\" \/>\n<link rel=\"canonical\" href=\"https:\/\/vetk.hu\/en\/erseki-koszonto\/\" \/>\n<meta property=\"og:locale\" content=\"en_GB\" \/>\n<meta property=\"og:type\" content=\"article\" \/>\n<meta property=\"og:title\" content=\"\u00c9rseki k\u00f6sz\u00f6nt\u0151 - Veszpr\u00e9mi \u00c9rseks\u00e9g Turisztikai K\u00f6zpont\" \/>\n<meta property=\"og:description\" content=\"Az emberek j\u00f6nnek, n\u00e9h\u00e1ny fot\u00f3t k\u00e9sz\u00edtenek, majd egy kis kikapcsol\u00f3d\u00e1s ut\u00e1n m\u00e1r mennek is. A modern t\u00f6megturizmus nagyj\u00e1b\u00f3l \u00edgy \u00edrhat\u00f3 le. Ez nem felt\u00e9tlen\u00fcl rossz, de ezzel a felfog\u00e1ssal a [&hellip;]\" \/>\n<meta property=\"og:url\" content=\"https:\/\/vetk.hu\/en\/erseki-koszonto\/\" \/>\n<meta property=\"og:site_name\" content=\"Veszpr\u00e9mi \u00c9rseks\u00e9g Turisztikai K\u00f6zpont\" \/>\n<meta property=\"article:modified_time\" content=\"2026-03-24T13:57:53+00:00\" \/>\n<meta property=\"og:image\" content=\"https:\/\/vetk.hu\/wp-content\/uploads\/2023\/05\/Gyorgy-ersek-1-732x1024.jpg\" \/>\n<meta name=\"twitter:card\" content=\"summary_large_image\" \/>\n<meta name=\"twitter:label1\" content=\"Estimated reading time\" \/>\n\t<meta name=\"twitter:data1\" content=\"2 minutes\" \/>\n<script type=\"application\/ld+json\" class=\"yoast-schema-graph\">{\"@context\":\"https:\\\/\\\/schema.org\",\"@graph\":[{\"@type\":\"WebPage\",\"@id\":\"https:\\\/\\\/vetk.hu\\\/erseki-koszonto\\\/\",\"url\":\"https:\\\/\\\/vetk.hu\\\/erseki-koszonto\\\/\",\"name\":\"\u00c9rseki k\u00f6sz\u00f6nt\u0151 - Veszpr\u00e9mi \u00c9rseks\u00e9g Turisztikai K\u00f6zpont\",\"isPartOf\":{\"@id\":\"https:\\\/\\\/vetk.hu\\\/#website\"},\"primaryImageOfPage\":{\"@id\":\"https:\\\/\\\/vetk.hu\\\/erseki-koszonto\\\/#primaryimage\"},\"image\":{\"@id\":\"https:\\\/\\\/vetk.hu\\\/erseki-koszonto\\\/#primaryimage\"},\"thumbnailUrl\":\"https:\\\/\\\/vetk.hu\\\/wp-content\\\/uploads\\\/2023\\\/05\\\/Gyorgy-ersek-1-732x1024.jpg\",\"datePublished\":\"2023-04-13T18:22:22+00:00\",\"dateModified\":\"2026-03-24T13:57:53+00:00\",\"breadcrumb\":{\"@id\":\"https:\\\/\\\/vetk.hu\\\/erseki-koszonto\\\/#breadcrumb\"},\"inLanguage\":\"en-GB\",\"potentialAction\":[{\"@type\":\"ReadAction\",\"target\":[\"https:\\\/\\\/vetk.hu\\\/erseki-koszonto\\\/\"]}]},{\"@type\":\"ImageObject\",\"inLanguage\":\"en-GB\",\"@id\":\"https:\\\/\\\/vetk.hu\\\/erseki-koszonto\\\/#primaryimage\",\"url\":\"https:\\\/\\\/vetk.hu\\\/wp-content\\\/uploads\\\/2023\\\/05\\\/Gyorgy-ersek-1-732x1024.jpg\",\"contentUrl\":\"https:\\\/\\\/vetk.hu\\\/wp-content\\\/uploads\\\/2023\\\/05\\\/Gyorgy-ersek-1-732x1024.jpg\"},{\"@type\":\"BreadcrumbList\",\"@id\":\"https:\\\/\\\/vetk.hu\\\/erseki-koszonto\\\/#breadcrumb\",\"itemListElement\":[{\"@type\":\"ListItem\",\"position\":1,\"name\":\"Home\",\"item\":\"https:\\\/\\\/vetk.hu\\\/\"},{\"@type\":\"ListItem\",\"position\":2,\"name\":\"\u00c9rseki k\u00f6sz\u00f6nt\u0151\"}]},{\"@type\":\"WebSite\",\"@id\":\"https:\\\/\\\/vetk.hu\\\/#website\",\"url\":\"https:\\\/\\\/vetk.hu\\\/\",\"name\":\"Veszpr\u00e9mi \u00c9rseki Turisztikai K\u00f6zpont \u2013 Hit, \u00f6r\u00f6ks\u00e9g, \u00e9lm\u00e9ny | vetk.hu\",\"description\":\"\",\"publisher\":{\"@id\":\"https:\\\/\\\/vetk.hu\\\/#organization\"},\"potentialAction\":[{\"@type\":\"SearchAction\",\"target\":{\"@type\":\"EntryPoint\",\"urlTemplate\":\"https:\\\/\\\/vetk.hu\\\/?s={search_term_string}\"},\"query-input\":{\"@type\":\"PropertyValueSpecification\",\"valueRequired\":true,\"valueName\":\"search_term_string\"}}],\"inLanguage\":\"en-GB\"},{\"@type\":\"Organization\",\"@id\":\"https:\\\/\\\/vetk.hu\\\/#organization\",\"name\":\"Veszpr\u00e9mi \u00c9rseki Turisztikai K\u00f6zpont\",\"url\":\"https:\\\/\\\/vetk.hu\\\/\",\"logo\":{\"@type\":\"ImageObject\",\"inLanguage\":\"en-GB\",\"@id\":\"https:\\\/\\\/vetk.hu\\\/#\\\/schema\\\/logo\\\/image\\\/\",\"url\":\"https:\\\/\\\/vetk.hu\\\/wp-content\\\/uploads\\\/2023\\\/04\\\/cropped-Group-3.png\",\"contentUrl\":\"https:\\\/\\\/vetk.hu\\\/wp-content\\\/uploads\\\/2023\\\/04\\\/cropped-Group-3.png\",\"width\":353,\"height\":338,\"caption\":\"Veszpr\u00e9mi \u00c9rseki Turisztikai K\u00f6zpont\"},\"image\":{\"@id\":\"https:\\\/\\\/vetk.hu\\\/#\\\/schema\\\/logo\\\/image\\\/\"}}]}<\/script>\n<!-- \/ Yoast SEO plugin. -->","yoast_head_json":{"title":"\u00c9rseki k\u00f6sz\u00f6nt\u0151 - Veszpr\u00e9mi \u00c9rseks\u00e9g Turisztikai K\u00f6zpont","robots":{"index":"index","follow":"follow","max-snippet":"max-snippet:-1","max-image-preview":"max-image-preview:large","max-video-preview":"max-video-preview:-1"},"canonical":"https:\/\/vetk.hu\/en\/erseki-koszonto\/","og_locale":"en_GB","og_type":"article","og_title":"\u00c9rseki k\u00f6sz\u00f6nt\u0151 - Veszpr\u00e9mi \u00c9rseks\u00e9g Turisztikai K\u00f6zpont","og_description":"Az emberek j\u00f6nnek, n\u00e9h\u00e1ny fot\u00f3t k\u00e9sz\u00edtenek, majd egy kis kikapcsol\u00f3d\u00e1s ut\u00e1n m\u00e1r mennek is. A modern t\u00f6megturizmus nagyj\u00e1b\u00f3l \u00edgy \u00edrhat\u00f3 le. Ez nem felt\u00e9tlen\u00fcl rossz, de ezzel a felfog\u00e1ssal a [&hellip;]","og_url":"https:\/\/vetk.hu\/en\/erseki-koszonto\/","og_site_name":"Veszpr\u00e9mi \u00c9rseks\u00e9g Turisztikai K\u00f6zpont","article_modified_time":"2026-03-24T13:57:53+00:00","og_image":[{"url":"https:\/\/vetk.hu\/wp-content\/uploads\/2023\/05\/Gyorgy-ersek-1-732x1024.jpg","type":"","width":"","height":""}],"twitter_card":"summary_large_image","twitter_misc":{"Estimated reading time":"2 minutes"},"schema":{"@context":"https:\/\/schema.org","@graph":[{"@type":"WebPage","@id":"https:\/\/vetk.hu\/erseki-koszonto\/","url":"https:\/\/vetk.hu\/erseki-koszonto\/","name":"\u00c9rseki k\u00f6sz\u00f6nt\u0151 - Veszpr\u00e9mi \u00c9rseks\u00e9g Turisztikai K\u00f6zpont","isPartOf":{"@id":"https:\/\/vetk.hu\/#website"},"primaryImageOfPage":{"@id":"https:\/\/vetk.hu\/erseki-koszonto\/#primaryimage"},"image":{"@id":"https:\/\/vetk.hu\/erseki-koszonto\/#primaryimage"},"thumbnailUrl":"https:\/\/vetk.hu\/wp-content\/uploads\/2023\/05\/Gyorgy-ersek-1-732x1024.jpg","datePublished":"2023-04-13T18:22:22+00:00","dateModified":"2026-03-24T13:57:53+00:00","breadcrumb":{"@id":"https:\/\/vetk.hu\/erseki-koszonto\/#breadcrumb"},"inLanguage":"en-GB","potentialAction":[{"@type":"ReadAction","target":["https:\/\/vetk.hu\/erseki-koszonto\/"]}]},{"@type":"ImageObject","inLanguage":"en-GB","@id":"https:\/\/vetk.hu\/erseki-koszonto\/#primaryimage","url":"https:\/\/vetk.hu\/wp-content\/uploads\/2023\/05\/Gyorgy-ersek-1-732x1024.jpg","contentUrl":"https:\/\/vetk.hu\/wp-content\/uploads\/2023\/05\/Gyorgy-ersek-1-732x1024.jpg"},{"@type":"BreadcrumbList","@id":"https:\/\/vetk.hu\/erseki-koszonto\/#breadcrumb","itemListElement":[{"@type":"ListItem","position":1,"name":"Home","item":"https:\/\/vetk.hu\/"},{"@type":"ListItem","position":2,"name":"\u00c9rseki k\u00f6sz\u00f6nt\u0151"}]},{"@type":"WebSite","@id":"https:\/\/vetk.hu\/#website","url":"https:\/\/vetk.hu\/","name":"Veszpr\u00e9mi \u00c9rseki Turisztikai K\u00f6zpont \u2013 Hit, \u00f6r\u00f6ks\u00e9g, \u00e9lm\u00e9ny | vetk.hu","description":"","publisher":{"@id":"https:\/\/vetk.hu\/#organization"},"potentialAction":[{"@type":"SearchAction","target":{"@type":"EntryPoint","urlTemplate":"https:\/\/vetk.hu\/?s={search_term_string}"},"query-input":{"@type":"PropertyValueSpecification","valueRequired":true,"valueName":"search_term_string"}}],"inLanguage":"en-GB"},{"@type":"Organization","@id":"https:\/\/vetk.hu\/#organization","name":"Veszpr\u00e9mi \u00c9rseki Turisztikai K\u00f6zpont","url":"https:\/\/vetk.hu\/","logo":{"@type":"ImageObject","inLanguage":"en-GB","@id":"https:\/\/vetk.hu\/#\/schema\/logo\/image\/","url":"https:\/\/vetk.hu\/wp-content\/uploads\/2023\/04\/cropped-Group-3.png","contentUrl":"https:\/\/vetk.hu\/wp-content\/uploads\/2023\/04\/cropped-Group-3.png","width":353,"height":338,"caption":"Veszpr\u00e9mi \u00c9rseki Turisztikai K\u00f6zpont"},"image":{"@id":"https:\/\/vetk.hu\/#\/schema\/logo\/image\/"}}]}},"ticketed":false,"_links":{"self":[{"href":"https:\/\/vetk.hu\/en\/wp-json\/wp\/v2\/pages\/190","targetHints":{"allow":["GET"]}}],"collection":[{"href":"https:\/\/vetk.hu\/en\/wp-json\/wp\/v2\/pages"}],"about":[{"href":"https:\/\/vetk.hu\/en\/wp-json\/wp\/v2\/types\/page"}],"author":[{"embeddable":true,"href":"https:\/\/vetk.hu\/en\/wp-json\/wp\/v2\/users\/1"}],"replies":[{"embeddable":true,"href":"https:\/\/vetk.hu\/en\/wp-json\/wp\/v2\/comments?post=190"}],"version-history":[{"count":21,"href":"https:\/\/vetk.hu\/en\/wp-json\/wp\/v2\/pages\/190\/revisions"}],"predecessor-version":[{"id":6284,"href":"https:\/\/vetk.hu\/en\/wp-json\/wp\/v2\/pages\/190\/revisions\/6284"}],"wp:attachment":[{"href":"https:\/\/vetk.hu\/en\/wp-json\/wp\/v2\/media?parent=190"}],"curies":[{"name":"wp","href":"https:\/\/api.w.org\/{rel}","templated":true}]}}