{"id":210,"date":"2023-04-24T21:47:44","date_gmt":"2023-04-24T19:47:44","guid":{"rendered":"https:\/\/turisztika.dinosprojekt.com\/?page_id=210"},"modified":"2025-11-13T11:00:35","modified_gmt":"2025-11-13T10:00:35","slug":"erseki-boraszat","status":"publish","type":"page","link":"https:\/\/vetk.hu\/en\/erseki-boraszat\/","title":{"rendered":"Veszpr\u00e9m Archdiocese Winery"},"content":{"rendered":"<div data-elementor-type=\"wp-page\" data-elementor-id=\"210\" class=\"elementor elementor-210\" data-elementor-post-type=\"page\">\n\t\t\t\t\t\t<section class=\"elementor-section elementor-top-section elementor-element elementor-element-63286ad elementor-section-boxed elementor-section-height-default elementor-section-height-default\" data-id=\"63286ad\" data-element_type=\"section\" data-e-type=\"section\">\n\t\t\t\t\t\t<div class=\"elementor-container elementor-column-gap-default\">\n\t\t\t\t\t<div class=\"elementor-column elementor-col-50 elementor-top-column elementor-element elementor-element-9e6008e\" data-id=\"9e6008e\" data-element_type=\"column\" data-e-type=\"column\">\n\t\t\t<div class=\"elementor-widget-wrap elementor-element-populated\">\n\t\t\t\t\t\t<div class=\"elementor-element elementor-element-9014b12 elementor-widget elementor-widget-text-editor\" data-id=\"9014b12\" data-element_type=\"widget\" data-e-type=\"widget\" data-widget_type=\"text-editor.default\">\n\t\t\t\t<div class=\"elementor-widget-container\">\n\t\t\t\t\t\t\t\t\t<p><strong>A<\/strong> <b>The Veszpr\u00e9m Archbishopric has been involved in viticulture and <a href=\"https:\/\/ersekipinceszet.hu\/\">winemaking since the 13th century<\/a>.<\/b><\/p><p>Precisely in 1277, the then bishop, P\u00e9ter K\u0151szegi (1275\u20131288), acquired<br \/>the estate in Mindszentk\u00e1lla (Bishop's Hill). Currently, grapes are cultivated on 4 hectares of land here.<\/p><p>The soil of Mindszentk\u00e1lla, part of the Balaton Uplands Wine Region, is diverse and varied, formed mainly on volcanic bedrock. As a result, white wines produced here (Sauvignon Blanc, Riesling, Italian Riesling) are characterized by a unique acidity, salty, mineral taste, fruitiness, and smoothness.<\/p>\t\t\t\t\t\t\t\t<\/div>\n\t\t\t\t<\/div>\n\t\t\t\t\t<\/div>\n\t\t<\/div>\n\t\t\t\t<div class=\"elementor-column elementor-col-50 elementor-top-column elementor-element elementor-element-59332d9\" data-id=\"59332d9\" data-element_type=\"column\" data-e-type=\"column\">\n\t\t\t<div class=\"elementor-widget-wrap elementor-element-populated\">\n\t\t\t\t\t\t<div class=\"elementor-element elementor-element-3b5dc15 elementor-widget elementor-widget-image\" data-id=\"3b5dc15\" data-element_type=\"widget\" data-e-type=\"widget\" data-widget_type=\"image.default\">\n\t\t\t\t<div class=\"elementor-widget-container\">\n\t\t\t\t\t\t\t\t\t\t\t\t\t\t\t<img fetchpriority=\"high\" decoding=\"async\" width=\"800\" height=\"388\" src=\"https:\/\/vetk.hu\/wp-content\/uploads\/2023\/05\/Veszpremi_Erseki-Pinceszet_1277-1024x496.png\" class=\"attachment-large size-large wp-image-331\" alt=\"\" srcset=\"https:\/\/vetk.hu\/wp-content\/uploads\/2023\/05\/Veszpremi_Erseki-Pinceszet_1277-1024x496.png 1024w, https:\/\/vetk.hu\/wp-content\/uploads\/2023\/05\/Veszpremi_Erseki-Pinceszet_1277-300x145.png 300w, https:\/\/vetk.hu\/wp-content\/uploads\/2023\/05\/Veszpremi_Erseki-Pinceszet_1277-768x372.png 768w, https:\/\/vetk.hu\/wp-content\/uploads\/2023\/05\/Veszpremi_Erseki-Pinceszet_1277.png 1033w\" sizes=\"(max-width: 800px) 100vw, 800px\" \/>\t\t\t\t\t\t\t\t\t\t\t\t\t\t\t<\/div>\n\t\t\t\t<\/div>\n\t\t\t\t\t<\/div>\n\t\t<\/div>\n\t\t\t\t\t<\/div>\n\t\t<\/section>\n\t\t\t\t<section class=\"elementor-section elementor-top-section elementor-element elementor-element-e07809e elementor-section-boxed elementor-section-height-default elementor-section-height-default\" data-id=\"e07809e\" data-element_type=\"section\" data-e-type=\"section\">\n\t\t\t\t\t\t<div class=\"elementor-container elementor-column-gap-default\">\n\t\t\t\t\t<div class=\"elementor-column elementor-col-100 elementor-top-column elementor-element elementor-element-bbbd992\" data-id=\"bbbd992\" data-element_type=\"column\" data-e-type=\"column\">\n\t\t\t<div class=\"elementor-widget-wrap elementor-element-populated\">\n\t\t\t\t\t\t<div class=\"elementor-element elementor-element-cae5a44 elementor-widget__width-initial elementor-widget elementor-widget-text-editor\" data-id=\"cae5a44\" data-element_type=\"widget\" data-e-type=\"widget\" data-widget_type=\"text-editor.default\">\n\t\t\t\t<div class=\"elementor-widget-container\">\n\t\t\t\t\t\t\t\t\t<p>Red wines (Pinot Noir, Syrah, Cabernet Franc, Grenache, Monastrell) are known for their exceptionally fruity character and rich spiciness in aroma. <br><\/p>\n<p>In the early 20th century, the Archbishopric's vineyards expanded to include an area in Fels\u0151\u00f6rs, which has since been under continuous cultivation. Grape varieties in the Balatonf\u00fcred\u2013Csopak Wine Region include (white) Sauvignon Blanc, Riesling, Italian Riesling, (red) Pinot Noir, Syrah, Cabernet Franc. <br><\/p><p>The wines are crafted in traditional methods in individual press houses on the estates, but also with the aid of the most advanced technical equipment. From the Fels\u0151\u00f6rs vineyards, there is a magnificent view, offering a vast panorama of Lake Balaton.<\/p>\n<p>At the wine competition organized by the National Council of Vineyard Communities (Hegyk\u00f6zs\u00e9gek Nemzeti Tan\u00e1csa), the 2021 Sauvignon Blanc and the 2021 Italian Riesling received gold ratings in 2022. Products from the Veszpr\u00e9m Archdiocese Winery are also available in the castle.<\/p>\t\t\t\t\t\t\t\t<\/div>\n\t\t\t\t<\/div>\n\t\t\t\t\t<\/div>\n\t\t<\/div>\n\t\t\t\t\t<\/div>\n\t\t<\/section>\n\t\t\t\t<section class=\"elementor-section elementor-top-section elementor-element elementor-element-6640f9a elementor-section-boxed elementor-section-height-default elementor-section-height-default\" data-id=\"6640f9a\" data-element_type=\"section\" data-e-type=\"section\">\n\t\t\t\t\t\t<div class=\"elementor-container elementor-column-gap-default\">\n\t\t\t\t\t<div class=\"elementor-column elementor-col-100 elementor-top-column elementor-element elementor-element-6d7e9da\" data-id=\"6d7e9da\" data-element_type=\"column\" data-e-type=\"column\">\n\t\t\t<div class=\"elementor-widget-wrap elementor-element-populated\">\n\t\t\t\t\t\t<div class=\"elementor-element elementor-element-73698ee elementor-widget elementor-widget-image\" data-id=\"73698ee\" data-element_type=\"widget\" data-e-type=\"widget\" data-widget_type=\"image.default\">\n\t\t\t\t<div class=\"elementor-widget-container\">\n\t\t\t\t\t\t\t\t\t\t\t\t\t\t\t<img decoding=\"async\" width=\"768\" height=\"502\" src=\"https:\/\/vetk.hu\/wp-content\/uploads\/2023\/05\/Veszpremi-Erseki-Pinceszet_megujult-borcsalad-768x502.png\" class=\"attachment-medium_large size-medium_large wp-image-330\" alt=\"\" srcset=\"https:\/\/vetk.hu\/wp-content\/uploads\/2023\/05\/Veszpremi-Erseki-Pinceszet_megujult-borcsalad-768x502.png 768w, https:\/\/vetk.hu\/wp-content\/uploads\/2023\/05\/Veszpremi-Erseki-Pinceszet_megujult-borcsalad-300x196.png 300w, https:\/\/vetk.hu\/wp-content\/uploads\/2023\/05\/Veszpremi-Erseki-Pinceszet_megujult-borcsalad-1024x670.png 1024w, https:\/\/vetk.hu\/wp-content\/uploads\/2023\/05\/Veszpremi-Erseki-Pinceszet_megujult-borcsalad-1536x1004.png 1536w, https:\/\/vetk.hu\/wp-content\/uploads\/2023\/05\/Veszpremi-Erseki-Pinceszet_megujult-borcsalad.png 1728w\" sizes=\"(max-width: 768px) 100vw, 768px\" \/>\t\t\t\t\t\t\t\t\t\t\t\t\t\t\t<\/div>\n\t\t\t\t<\/div>\n\t\t\t\t\t<\/div>\n\t\t<\/div>\n\t\t\t\t\t<\/div>\n\t\t<\/section>\n\t\t\t\t<\/div>","protected":false},"excerpt":{"rendered":"<p>A Veszpr\u00e9mi \u00c9rseks\u00e9g 13. sz\u00e1zad \u00f3ta dokument\u00e1lhat\u00f3an foglalkozik sz\u0151l\u0151m\u0171vel\u00e9ssel \u00e9s bork\u00e9sz\u00edt\u00e9ssel. Eg\u00e9szen pontosan 1277-ben jutott hozz\u00e1 az akkori p\u00fcsp\u00f6k, K\u0151szegi P\u00e9ter(1275\u20131288) a Mindszentk\u00e1lla ter\u00fclet\u00e9n l\u00e9v\u0151 birtokhoz (P\u00fcsp\u00f6k-domb). Jelenleg 4 hekt\u00e1ron [&hellip;]<\/p>\n","protected":false},"author":1,"featured_media":0,"parent":0,"menu_order":0,"comment_status":"closed","ping_status":"closed","template":"","meta":{"_acf_changed":false,"_price":"","_stock":"","_tribe_ticket_header":"","_tribe_default_ticket_provider":"","_tribe_ticket_capacity":"0","_ticket_start_date":"","_ticket_end_date":"","_tribe_ticket_show_description":"","_tribe_ticket_show_not_going":false,"_tribe_ticket_use_global_stock":"","_tribe_ticket_global_stock_level":"","_global_stock_mode":"","_global_stock_cap":"","_tribe_rsvp_for_event":"","_tribe_ticket_going_count":"","_tribe_ticket_not_going_count":"","_tribe_tickets_list":"[]","_tribe_ticket_has_attendee_info_fields":false,"footnotes":"","_tec_slr_enabled":"","_tec_slr_layout":""},"class_list":["post-210","page","type-page","status-publish","hentry"],"acf":[],"yoast_head":"<!-- This site is optimized with the Yoast SEO plugin v27.3 - https:\/\/yoast.com\/product\/yoast-seo-wordpress\/ -->\n<title>\u00c9rseki Pinc\u00e9szet - Veszpr\u00e9mi \u00c9rseks\u00e9g Turisztikai K\u00f6zpont<\/title>\n<meta name=\"robots\" content=\"index, follow, max-snippet:-1, max-image-preview:large, max-video-preview:-1\" \/>\n<link rel=\"canonical\" href=\"https:\/\/vetk.hu\/en\/erseki-boraszat\/\" \/>\n<meta property=\"og:locale\" content=\"en_GB\" \/>\n<meta property=\"og:type\" content=\"article\" \/>\n<meta property=\"og:title\" content=\"\u00c9rseki Pinc\u00e9szet - Veszpr\u00e9mi \u00c9rseks\u00e9g Turisztikai K\u00f6zpont\" \/>\n<meta property=\"og:description\" content=\"A Veszpr\u00e9mi \u00c9rseks\u00e9g 13. sz\u00e1zad \u00f3ta dokument\u00e1lhat\u00f3an foglalkozik sz\u0151l\u0151m\u0171vel\u00e9ssel \u00e9s bork\u00e9sz\u00edt\u00e9ssel. Eg\u00e9szen pontosan 1277-ben jutott hozz\u00e1 az akkori p\u00fcsp\u00f6k, K\u0151szegi P\u00e9ter(1275\u20131288) a Mindszentk\u00e1lla ter\u00fclet\u00e9n l\u00e9v\u0151 birtokhoz (P\u00fcsp\u00f6k-domb). Jelenleg 4 hekt\u00e1ron [&hellip;]\" \/>\n<meta property=\"og:url\" content=\"https:\/\/vetk.hu\/en\/erseki-boraszat\/\" \/>\n<meta property=\"og:site_name\" content=\"Veszpr\u00e9mi \u00c9rseks\u00e9g Turisztikai K\u00f6zpont\" \/>\n<meta property=\"article:modified_time\" content=\"2025-11-13T10:00:35+00:00\" \/>\n<meta property=\"og:image\" content=\"https:\/\/vetk.hu\/wp-content\/uploads\/2023\/05\/Veszpremi_Erseki-Pinceszet_1277.png\" \/>\n\t<meta property=\"og:image:width\" content=\"1033\" \/>\n\t<meta property=\"og:image:height\" content=\"500\" \/>\n\t<meta property=\"og:image:type\" content=\"image\/png\" \/>\n<meta name=\"twitter:card\" content=\"summary_large_image\" \/>\n<meta name=\"twitter:label1\" content=\"Estimated reading time\" \/>\n\t<meta name=\"twitter:data1\" content=\"2 minutes\" \/>\n<script type=\"application\/ld+json\" class=\"yoast-schema-graph\">{\"@context\":\"https:\\\/\\\/schema.org\",\"@graph\":[{\"@type\":\"WebPage\",\"@id\":\"https:\\\/\\\/vetk.hu\\\/erseki-boraszat\\\/\",\"url\":\"https:\\\/\\\/vetk.hu\\\/erseki-boraszat\\\/\",\"name\":\"\u00c9rseki Pinc\u00e9szet - Veszpr\u00e9mi \u00c9rseks\u00e9g Turisztikai K\u00f6zpont\",\"isPartOf\":{\"@id\":\"https:\\\/\\\/vetk.hu\\\/#website\"},\"primaryImageOfPage\":{\"@id\":\"https:\\\/\\\/vetk.hu\\\/erseki-boraszat\\\/#primaryimage\"},\"image\":{\"@id\":\"https:\\\/\\\/vetk.hu\\\/erseki-boraszat\\\/#primaryimage\"},\"thumbnailUrl\":\"https:\\\/\\\/vetk.hu\\\/wp-content\\\/uploads\\\/2023\\\/05\\\/Veszpremi_Erseki-Pinceszet_1277-1024x496.png\",\"datePublished\":\"2023-04-24T19:47:44+00:00\",\"dateModified\":\"2025-11-13T10:00:35+00:00\",\"breadcrumb\":{\"@id\":\"https:\\\/\\\/vetk.hu\\\/erseki-boraszat\\\/#breadcrumb\"},\"inLanguage\":\"en-GB\",\"potentialAction\":[{\"@type\":\"ReadAction\",\"target\":[\"https:\\\/\\\/vetk.hu\\\/erseki-boraszat\\\/\"]}]},{\"@type\":\"ImageObject\",\"inLanguage\":\"en-GB\",\"@id\":\"https:\\\/\\\/vetk.hu\\\/erseki-boraszat\\\/#primaryimage\",\"url\":\"https:\\\/\\\/vetk.hu\\\/wp-content\\\/uploads\\\/2023\\\/05\\\/Veszpremi_Erseki-Pinceszet_1277-1024x496.png\",\"contentUrl\":\"https:\\\/\\\/vetk.hu\\\/wp-content\\\/uploads\\\/2023\\\/05\\\/Veszpremi_Erseki-Pinceszet_1277-1024x496.png\"},{\"@type\":\"BreadcrumbList\",\"@id\":\"https:\\\/\\\/vetk.hu\\\/erseki-boraszat\\\/#breadcrumb\",\"itemListElement\":[{\"@type\":\"ListItem\",\"position\":1,\"name\":\"Home\",\"item\":\"https:\\\/\\\/vetk.hu\\\/\"},{\"@type\":\"ListItem\",\"position\":2,\"name\":\"\u00c9rseki Pinc\u00e9szet\"}]},{\"@type\":\"WebSite\",\"@id\":\"https:\\\/\\\/vetk.hu\\\/#website\",\"url\":\"https:\\\/\\\/vetk.hu\\\/\",\"name\":\"Veszpr\u00e9mi \u00c9rseki Turisztikai K\u00f6zpont \u2013 Hit, \u00f6r\u00f6ks\u00e9g, \u00e9lm\u00e9ny | vetk.hu\",\"description\":\"\",\"publisher\":{\"@id\":\"https:\\\/\\\/vetk.hu\\\/#organization\"},\"potentialAction\":[{\"@type\":\"SearchAction\",\"target\":{\"@type\":\"EntryPoint\",\"urlTemplate\":\"https:\\\/\\\/vetk.hu\\\/?s={search_term_string}\"},\"query-input\":{\"@type\":\"PropertyValueSpecification\",\"valueRequired\":true,\"valueName\":\"search_term_string\"}}],\"inLanguage\":\"en-GB\"},{\"@type\":\"Organization\",\"@id\":\"https:\\\/\\\/vetk.hu\\\/#organization\",\"name\":\"Veszpr\u00e9mi \u00c9rseki Turisztikai K\u00f6zpont\",\"url\":\"https:\\\/\\\/vetk.hu\\\/\",\"logo\":{\"@type\":\"ImageObject\",\"inLanguage\":\"en-GB\",\"@id\":\"https:\\\/\\\/vetk.hu\\\/#\\\/schema\\\/logo\\\/image\\\/\",\"url\":\"https:\\\/\\\/vetk.hu\\\/wp-content\\\/uploads\\\/2023\\\/04\\\/cropped-Group-3.png\",\"contentUrl\":\"https:\\\/\\\/vetk.hu\\\/wp-content\\\/uploads\\\/2023\\\/04\\\/cropped-Group-3.png\",\"width\":353,\"height\":338,\"caption\":\"Veszpr\u00e9mi \u00c9rseki Turisztikai K\u00f6zpont\"},\"image\":{\"@id\":\"https:\\\/\\\/vetk.hu\\\/#\\\/schema\\\/logo\\\/image\\\/\"}}]}<\/script>\n<!-- \/ Yoast SEO plugin. -->","yoast_head_json":{"title":"\u00c9rseki Pinc\u00e9szet - Veszpr\u00e9mi \u00c9rseks\u00e9g Turisztikai K\u00f6zpont","robots":{"index":"index","follow":"follow","max-snippet":"max-snippet:-1","max-image-preview":"max-image-preview:large","max-video-preview":"max-video-preview:-1"},"canonical":"https:\/\/vetk.hu\/en\/erseki-boraszat\/","og_locale":"en_GB","og_type":"article","og_title":"\u00c9rseki Pinc\u00e9szet - Veszpr\u00e9mi \u00c9rseks\u00e9g Turisztikai K\u00f6zpont","og_description":"A Veszpr\u00e9mi \u00c9rseks\u00e9g 13. sz\u00e1zad \u00f3ta dokument\u00e1lhat\u00f3an foglalkozik sz\u0151l\u0151m\u0171vel\u00e9ssel \u00e9s bork\u00e9sz\u00edt\u00e9ssel. Eg\u00e9szen pontosan 1277-ben jutott hozz\u00e1 az akkori p\u00fcsp\u00f6k, K\u0151szegi P\u00e9ter(1275\u20131288) a Mindszentk\u00e1lla ter\u00fclet\u00e9n l\u00e9v\u0151 birtokhoz (P\u00fcsp\u00f6k-domb). Jelenleg 4 hekt\u00e1ron [&hellip;]","og_url":"https:\/\/vetk.hu\/en\/erseki-boraszat\/","og_site_name":"Veszpr\u00e9mi \u00c9rseks\u00e9g Turisztikai K\u00f6zpont","article_modified_time":"2025-11-13T10:00:35+00:00","og_image":[{"width":1033,"height":500,"url":"https:\/\/vetk.hu\/wp-content\/uploads\/2023\/05\/Veszpremi_Erseki-Pinceszet_1277.png","type":"image\/png"}],"twitter_card":"summary_large_image","twitter_misc":{"Estimated reading time":"2 minutes"},"schema":{"@context":"https:\/\/schema.org","@graph":[{"@type":"WebPage","@id":"https:\/\/vetk.hu\/erseki-boraszat\/","url":"https:\/\/vetk.hu\/erseki-boraszat\/","name":"\u00c9rseki Pinc\u00e9szet - Veszpr\u00e9mi \u00c9rseks\u00e9g Turisztikai K\u00f6zpont","isPartOf":{"@id":"https:\/\/vetk.hu\/#website"},"primaryImageOfPage":{"@id":"https:\/\/vetk.hu\/erseki-boraszat\/#primaryimage"},"image":{"@id":"https:\/\/vetk.hu\/erseki-boraszat\/#primaryimage"},"thumbnailUrl":"https:\/\/vetk.hu\/wp-content\/uploads\/2023\/05\/Veszpremi_Erseki-Pinceszet_1277-1024x496.png","datePublished":"2023-04-24T19:47:44+00:00","dateModified":"2025-11-13T10:00:35+00:00","breadcrumb":{"@id":"https:\/\/vetk.hu\/erseki-boraszat\/#breadcrumb"},"inLanguage":"en-GB","potentialAction":[{"@type":"ReadAction","target":["https:\/\/vetk.hu\/erseki-boraszat\/"]}]},{"@type":"ImageObject","inLanguage":"en-GB","@id":"https:\/\/vetk.hu\/erseki-boraszat\/#primaryimage","url":"https:\/\/vetk.hu\/wp-content\/uploads\/2023\/05\/Veszpremi_Erseki-Pinceszet_1277-1024x496.png","contentUrl":"https:\/\/vetk.hu\/wp-content\/uploads\/2023\/05\/Veszpremi_Erseki-Pinceszet_1277-1024x496.png"},{"@type":"BreadcrumbList","@id":"https:\/\/vetk.hu\/erseki-boraszat\/#breadcrumb","itemListElement":[{"@type":"ListItem","position":1,"name":"Home","item":"https:\/\/vetk.hu\/"},{"@type":"ListItem","position":2,"name":"\u00c9rseki Pinc\u00e9szet"}]},{"@type":"WebSite","@id":"https:\/\/vetk.hu\/#website","url":"https:\/\/vetk.hu\/","name":"Veszpr\u00e9mi \u00c9rseki Turisztikai K\u00f6zpont \u2013 Hit, \u00f6r\u00f6ks\u00e9g, \u00e9lm\u00e9ny | vetk.hu","description":"","publisher":{"@id":"https:\/\/vetk.hu\/#organization"},"potentialAction":[{"@type":"SearchAction","target":{"@type":"EntryPoint","urlTemplate":"https:\/\/vetk.hu\/?s={search_term_string}"},"query-input":{"@type":"PropertyValueSpecification","valueRequired":true,"valueName":"search_term_string"}}],"inLanguage":"en-GB"},{"@type":"Organization","@id":"https:\/\/vetk.hu\/#organization","name":"Veszpr\u00e9mi \u00c9rseki Turisztikai K\u00f6zpont","url":"https:\/\/vetk.hu\/","logo":{"@type":"ImageObject","inLanguage":"en-GB","@id":"https:\/\/vetk.hu\/#\/schema\/logo\/image\/","url":"https:\/\/vetk.hu\/wp-content\/uploads\/2023\/04\/cropped-Group-3.png","contentUrl":"https:\/\/vetk.hu\/wp-content\/uploads\/2023\/04\/cropped-Group-3.png","width":353,"height":338,"caption":"Veszpr\u00e9mi \u00c9rseki Turisztikai K\u00f6zpont"},"image":{"@id":"https:\/\/vetk.hu\/#\/schema\/logo\/image\/"}}]}},"ticketed":false,"_links":{"self":[{"href":"https:\/\/vetk.hu\/en\/wp-json\/wp\/v2\/pages\/210","targetHints":{"allow":["GET"]}}],"collection":[{"href":"https:\/\/vetk.hu\/en\/wp-json\/wp\/v2\/pages"}],"about":[{"href":"https:\/\/vetk.hu\/en\/wp-json\/wp\/v2\/types\/page"}],"author":[{"embeddable":true,"href":"https:\/\/vetk.hu\/en\/wp-json\/wp\/v2\/users\/1"}],"replies":[{"embeddable":true,"href":"https:\/\/vetk.hu\/en\/wp-json\/wp\/v2\/comments?post=210"}],"version-history":[{"count":12,"href":"https:\/\/vetk.hu\/en\/wp-json\/wp\/v2\/pages\/210\/revisions"}],"predecessor-version":[{"id":6547,"href":"https:\/\/vetk.hu\/en\/wp-json\/wp\/v2\/pages\/210\/revisions\/6547"}],"wp:attachment":[{"href":"https:\/\/vetk.hu\/en\/wp-json\/wp\/v2\/media?parent=210"}],"curies":[{"name":"wp","href":"https:\/\/api.w.org\/{rel}","templated":true}]}}