{"id":214,"date":"2023-04-24T21:50:26","date_gmt":"2023-04-24T19:50:26","guid":{"rendered":"https:\/\/turisztika.dinosprojekt.com\/?page_id=214"},"modified":"2025-11-13T11:47:09","modified_gmt":"2025-11-13T10:47:09","slug":"gizella-etterem","status":"publish","type":"page","link":"https:\/\/vetk.hu\/en\/gizella-etterem\/","title":{"rendered":"Gizella Hotel and Restaurant"},"content":{"rendered":"<div data-elementor-type=\"wp-page\" data-elementor-id=\"214\" class=\"elementor elementor-214\" data-elementor-post-type=\"page\">\n\t\t\t\t\t\t<section class=\"elementor-section elementor-top-section elementor-element elementor-element-77d5952 elementor-section-boxed elementor-section-height-default elementor-section-height-default\" data-id=\"77d5952\" data-element_type=\"section\" data-e-type=\"section\">\n\t\t\t\t\t\t<div class=\"elementor-container elementor-column-gap-default\">\n\t\t\t\t\t<div class=\"elementor-column elementor-col-50 elementor-top-column elementor-element elementor-element-05c0f0a\" data-id=\"05c0f0a\" data-element_type=\"column\" data-e-type=\"column\">\n\t\t\t<div class=\"elementor-widget-wrap elementor-element-populated\">\n\t\t\t\t\t\t<div class=\"elementor-element elementor-element-ab8e328 elementor-widget elementor-widget-text-editor\" data-id=\"ab8e328\" data-element_type=\"widget\" data-e-type=\"widget\" data-widget_type=\"text-editor.default\">\n\t\t\t\t<div class=\"elementor-widget-container\">\n\t\t\t\t\t\t\t\t\t<p>The Gisela Hotel and Restaurant, <strong>Gisela Hotel<\/strong> named after Hungary's first queen, is situated north of the castle district, at the foot of Benedict Hill, in the historic part of Veszpr\u00e9m. The restaurant is located in a pleasant environment close to the S\u00e9d stream, which flows at the base of the hill.<\/p><p>In the more than 200-year-old historic building, the original Baroque style blends with modern simplicity and elegance. The building is accessible through a nearby assault staircase leading to the charming streets and squares of the castle quarter. The hotel's restaurant, with its unique atmosphere, consists of three vaulted rooms. The venue is equipped with modern technology according to needs, but the experience is enhanced by the panoramic view and plenty of natural light illuminating the restaurant.<\/p><p>The Gisela Hotel &amp; Restaurant operates as an \u00e0 la carte restaurant from June 2023. We welcome our dear guests daily from 12:00 to 20:00 with our renewed, modern menu, delicious dishes, and courteous service. The conference room can accommodate larger events of up to 120 people, but smaller rooms can also be rented for family celebrations, corporate training sessions, and events. Adjacent to the restaurant is the Gisela Hotel, which offers discounted rooms for events.<\/p><p><strong>Contact:<\/strong>:<br \/>Address: 8200 Veszpr\u00e9m, J\u00f3kai M\u00f3r. u. 48.<br \/>Phone: +36 88\/579-490<br \/>Email: info@hotelgizella.hu<\/p><p>For further information, please visit the restaurant's <a href=\"https:\/\/hotelgizella.hu\/\" target=\"_blank\" rel=\"noopener\">website<\/a>.<\/p>\t\t\t\t\t\t\t\t<\/div>\n\t\t\t\t<\/div>\n\t\t\t\t\t<\/div>\n\t\t<\/div>\n\t\t\t\t<div class=\"elementor-column elementor-col-50 elementor-top-column elementor-element elementor-element-355fdc6\" data-id=\"355fdc6\" data-element_type=\"column\" data-e-type=\"column\">\n\t\t\t<div class=\"elementor-widget-wrap elementor-element-populated\">\n\t\t\t\t\t\t<div class=\"elementor-element elementor-element-cf73b3d elementor-widget elementor-widget-image\" data-id=\"cf73b3d\" data-element_type=\"widget\" data-e-type=\"widget\" data-widget_type=\"image.default\">\n\t\t\t\t<div class=\"elementor-widget-container\">\n\t\t\t\t\t\t\t\t\t\t\t\t\t\t\t<img fetchpriority=\"high\" decoding=\"async\" width=\"480\" height=\"640\" src=\"https:\/\/vetk.hu\/wp-content\/uploads\/2023\/05\/Gizella-Etterem-2.jpg\" class=\"attachment-large size-large wp-image-348\" alt=\"\" srcset=\"https:\/\/vetk.hu\/wp-content\/uploads\/2023\/05\/Gizella-Etterem-2.jpg 480w, https:\/\/vetk.hu\/wp-content\/uploads\/2023\/05\/Gizella-Etterem-2-225x300.jpg 225w\" sizes=\"(max-width: 480px) 100vw, 480px\" \/>\t\t\t\t\t\t\t\t\t\t\t\t\t\t\t<\/div>\n\t\t\t\t<\/div>\n\t\t\t\t\t<\/div>\n\t\t<\/div>\n\t\t\t\t\t<\/div>\n\t\t<\/section>\n\t\t\t\t<section class=\"elementor-section elementor-top-section elementor-element elementor-element-d7cf5b4 elementor-section-boxed elementor-section-height-default elementor-section-height-default\" data-id=\"d7cf5b4\" data-element_type=\"section\" data-e-type=\"section\">\n\t\t\t\t\t\t<div class=\"elementor-container elementor-column-gap-default\">\n\t\t\t\t\t<div class=\"elementor-column elementor-col-50 elementor-top-column elementor-element elementor-element-d4c83c9\" data-id=\"d4c83c9\" data-element_type=\"column\" data-e-type=\"column\">\n\t\t\t<div class=\"elementor-widget-wrap elementor-element-populated\">\n\t\t\t\t\t\t<div class=\"elementor-element elementor-element-be92aa1 elementor-widget elementor-widget-image\" data-id=\"be92aa1\" data-element_type=\"widget\" data-e-type=\"widget\" data-widget_type=\"image.default\">\n\t\t\t\t<div class=\"elementor-widget-container\">\n\t\t\t\t\t\t\t\t\t\t\t\t\t\t\t<img decoding=\"async\" width=\"640\" height=\"480\" src=\"https:\/\/vetk.hu\/wp-content\/uploads\/2023\/05\/Gizella-Etterem-3.jpg\" class=\"attachment-large size-large wp-image-346\" alt=\"\" srcset=\"https:\/\/vetk.hu\/wp-content\/uploads\/2023\/05\/Gizella-Etterem-3.jpg 640w, https:\/\/vetk.hu\/wp-content\/uploads\/2023\/05\/Gizella-Etterem-3-300x225.jpg 300w\" sizes=\"(max-width: 640px) 100vw, 640px\" \/>\t\t\t\t\t\t\t\t\t\t\t\t\t\t\t<\/div>\n\t\t\t\t<\/div>\n\t\t\t\t\t<\/div>\n\t\t<\/div>\n\t\t\t\t<div class=\"elementor-column elementor-col-50 elementor-top-column elementor-element elementor-element-8229084\" data-id=\"8229084\" data-element_type=\"column\" data-e-type=\"column\">\n\t\t\t<div class=\"elementor-widget-wrap elementor-element-populated\">\n\t\t\t\t\t\t<div class=\"elementor-element elementor-element-65eaa42 elementor-widget elementor-widget-image\" data-id=\"65eaa42\" data-element_type=\"widget\" data-e-type=\"widget\" data-widget_type=\"image.default\">\n\t\t\t\t<div class=\"elementor-widget-container\">\n\t\t\t\t\t\t\t\t\t\t\t\t\t\t\t<img decoding=\"async\" width=\"640\" height=\"480\" src=\"https:\/\/vetk.hu\/wp-content\/uploads\/2023\/05\/Gizella-Etterem-1.jpg\" class=\"attachment-large size-large wp-image-347\" alt=\"\" srcset=\"https:\/\/vetk.hu\/wp-content\/uploads\/2023\/05\/Gizella-Etterem-1.jpg 640w, https:\/\/vetk.hu\/wp-content\/uploads\/2023\/05\/Gizella-Etterem-1-300x225.jpg 300w\" sizes=\"(max-width: 640px) 100vw, 640px\" \/>\t\t\t\t\t\t\t\t\t\t\t\t\t\t\t<\/div>\n\t\t\t\t<\/div>\n\t\t\t\t\t<\/div>\n\t\t<\/div>\n\t\t\t\t\t<\/div>\n\t\t<\/section>\n\t\t\t\t<section class=\"elementor-section elementor-top-section elementor-element elementor-element-fb0fd9f elementor-section-boxed elementor-section-height-default elementor-section-height-default\" data-id=\"fb0fd9f\" data-element_type=\"section\" data-e-type=\"section\">\n\t\t\t\t\t\t<div class=\"elementor-container elementor-column-gap-default\">\n\t\t\t\t\t<div class=\"elementor-column elementor-col-100 elementor-top-column elementor-element elementor-element-31da2a4\" data-id=\"31da2a4\" data-element_type=\"column\" data-e-type=\"column\">\n\t\t\t<div class=\"elementor-widget-wrap elementor-element-populated\">\n\t\t\t\t\t\t<div class=\"elementor-element elementor-element-d48d181 elementor-hidden-desktop elementor-hidden-tablet elementor-hidden-mobile elementor-widget elementor-widget-heading\" data-id=\"d48d181\" data-element_type=\"widget\" data-e-type=\"widget\" data-widget_type=\"heading.default\">\n\t\t\t\t<div class=\"elementor-widget-container\">\n\t\t\t\t\t<h2 class=\"elementor-heading-title elementor-size-default\">Gisela Restaurant 2023 autumn-winter menu:<\/h2>\t\t\t\t<\/div>\n\t\t\t\t<\/div>\n\t\t\t\t\t<\/div>\n\t\t<\/div>\n\t\t\t\t\t<\/div>\n\t\t<\/section>\n\t\t\t\t<section class=\"elementor-section elementor-top-section elementor-element elementor-element-610cecc elementor-section-boxed elementor-section-height-default elementor-section-height-default\" data-id=\"610cecc\" data-element_type=\"section\" data-e-type=\"section\">\n\t\t\t\t\t\t<div class=\"elementor-container elementor-column-gap-default\">\n\t\t\t\t\t<div class=\"elementor-column elementor-col-100 elementor-top-column elementor-element elementor-element-59a6c5b\" data-id=\"59a6c5b\" data-element_type=\"column\" data-e-type=\"column\">\n\t\t\t<div class=\"elementor-widget-wrap elementor-element-populated\">\n\t\t\t\t\t\t<div class=\"elementor-element elementor-element-9b0d6c6 gallery-spacing-custom elementor-widget__width-initial elementor-hidden-desktop elementor-hidden-tablet elementor-hidden-mobile elementor-widget elementor-widget-image-gallery\" data-id=\"9b0d6c6\" data-element_type=\"widget\" data-e-type=\"widget\" data-widget_type=\"image-gallery.default\">\n\t\t\t\t<div class=\"elementor-widget-container\">\n\t\t\t\t\t\t\t<div class=\"elementor-image-gallery\">\n\t\t\t<div id='gallery-1' class='gallery galleryid-214 gallery-columns-4 gallery-size-medium'><figure class='gallery-item'>\n\t\t\t<div class='gallery-icon portrait'>\n\t\t\t\t<a data-elementor-open-lightbox=\"yes\" data-elementor-lightbox-slideshow=\"9b0d6c6\" data-elementor-lightbox-title=\"\u00c9tlap 2023_\u0150SZ-T\u00c9L \u00e1rakkal_page-0001\" data-e-action-hash=\"#elementor-action%3Aaction%3Dlightbox%26settings%3DeyJpZCI6MzA4MSwidXJsIjoiaHR0cHM6XC9cL3ZldGsuaHVcL3dwLWNvbnRlbnRcL3VwbG9hZHNcLzIwMjNcLzExXC9FdGxhcC0yMDIzX09TWi1URUwtYXJha2thbF9wYWdlLTAwMDEuanBnIiwic2xpZGVzaG93IjoiOWIwZDZjNiJ9\" href='https:\/\/vetk.hu\/wp-content\/uploads\/2023\/11\/Etlap-2023_OSZ-TEL-arakkal_page-0001.jpg'><img loading=\"lazy\" width=\"212\" height=\"300\" src=\"https:\/\/vetk.hu\/wp-content\/uploads\/2023\/11\/Etlap-2023_OSZ-TEL-arakkal_page-0001-212x300.jpg\" class=\"attachment-medium size-medium\" alt=\"\" decoding=\"async\" srcset=\"https:\/\/vetk.hu\/wp-content\/uploads\/2023\/11\/Etlap-2023_OSZ-TEL-arakkal_page-0001-212x300.jpg 212w, https:\/\/vetk.hu\/wp-content\/uploads\/2023\/11\/Etlap-2023_OSZ-TEL-arakkal_page-0001-724x1024.jpg 724w, https:\/\/vetk.hu\/wp-content\/uploads\/2023\/11\/Etlap-2023_OSZ-TEL-arakkal_page-0001-768x1086.jpg 768w, https:\/\/vetk.hu\/wp-content\/uploads\/2023\/11\/Etlap-2023_OSZ-TEL-arakkal_page-0001-1086x1536.jpg 1086w, https:\/\/vetk.hu\/wp-content\/uploads\/2023\/11\/Etlap-2023_OSZ-TEL-arakkal_page-0001.jpg 1241w\" sizes=\"(max-width: 212px) 100vw, 212px\" \/><\/a>\n\t\t\t<\/div><\/figure><figure class='gallery-item'>\n\t\t\t<div class='gallery-icon portrait'>\n\t\t\t\t<a data-elementor-open-lightbox=\"yes\" data-elementor-lightbox-slideshow=\"9b0d6c6\" data-elementor-lightbox-title=\"\u00c9tlap 2023_\u0150SZ-T\u00c9L \u00e1rakkal_page-0002\" data-e-action-hash=\"#elementor-action%3Aaction%3Dlightbox%26settings%3DeyJpZCI6MzA4MiwidXJsIjoiaHR0cHM6XC9cL3ZldGsuaHVcL3dwLWNvbnRlbnRcL3VwbG9hZHNcLzIwMjNcLzExXC9FdGxhcC0yMDIzX09TWi1URUwtYXJha2thbF9wYWdlLTAwMDIuanBnIiwic2xpZGVzaG93IjoiOWIwZDZjNiJ9\" href='https:\/\/vetk.hu\/wp-content\/uploads\/2023\/11\/Etlap-2023_OSZ-TEL-arakkal_page-0002.jpg'><img loading=\"lazy\" width=\"212\" height=\"300\" src=\"https:\/\/vetk.hu\/wp-content\/uploads\/2023\/11\/Etlap-2023_OSZ-TEL-arakkal_page-0002-212x300.jpg\" class=\"attachment-medium size-medium\" alt=\"\" decoding=\"async\" srcset=\"https:\/\/vetk.hu\/wp-content\/uploads\/2023\/11\/Etlap-2023_OSZ-TEL-arakkal_page-0002-212x300.jpg 212w, https:\/\/vetk.hu\/wp-content\/uploads\/2023\/11\/Etlap-2023_OSZ-TEL-arakkal_page-0002-724x1024.jpg 724w, https:\/\/vetk.hu\/wp-content\/uploads\/2023\/11\/Etlap-2023_OSZ-TEL-arakkal_page-0002-768x1086.jpg 768w, https:\/\/vetk.hu\/wp-content\/uploads\/2023\/11\/Etlap-2023_OSZ-TEL-arakkal_page-0002-1086x1536.jpg 1086w, https:\/\/vetk.hu\/wp-content\/uploads\/2023\/11\/Etlap-2023_OSZ-TEL-arakkal_page-0002.jpg 1241w\" sizes=\"(max-width: 212px) 100vw, 212px\" \/><\/a>\n\t\t\t<\/div><\/figure><figure class='gallery-item'>\n\t\t\t<div class='gallery-icon portrait'>\n\t\t\t\t<a data-elementor-open-lightbox=\"yes\" data-elementor-lightbox-slideshow=\"9b0d6c6\" data-elementor-lightbox-title=\"\u00c9tlap 2023_\u0150SZ-T\u00c9L \u00e1rakkal_page-0003\" data-e-action-hash=\"#elementor-action%3Aaction%3Dlightbox%26settings%3DeyJpZCI6MzA4MywidXJsIjoiaHR0cHM6XC9cL3ZldGsuaHVcL3dwLWNvbnRlbnRcL3VwbG9hZHNcLzIwMjNcLzExXC9FdGxhcC0yMDIzX09TWi1URUwtYXJha2thbF9wYWdlLTAwMDMuanBnIiwic2xpZGVzaG93IjoiOWIwZDZjNiJ9\" href='https:\/\/vetk.hu\/wp-content\/uploads\/2023\/11\/Etlap-2023_OSZ-TEL-arakkal_page-0003.jpg'><img loading=\"lazy\" width=\"212\" height=\"300\" src=\"https:\/\/vetk.hu\/wp-content\/uploads\/2023\/11\/Etlap-2023_OSZ-TEL-arakkal_page-0003-212x300.jpg\" class=\"attachment-medium size-medium\" alt=\"\" decoding=\"async\" srcset=\"https:\/\/vetk.hu\/wp-content\/uploads\/2023\/11\/Etlap-2023_OSZ-TEL-arakkal_page-0003-212x300.jpg 212w, https:\/\/vetk.hu\/wp-content\/uploads\/2023\/11\/Etlap-2023_OSZ-TEL-arakkal_page-0003-724x1024.jpg 724w, https:\/\/vetk.hu\/wp-content\/uploads\/2023\/11\/Etlap-2023_OSZ-TEL-arakkal_page-0003-768x1086.jpg 768w, https:\/\/vetk.hu\/wp-content\/uploads\/2023\/11\/Etlap-2023_OSZ-TEL-arakkal_page-0003-1086x1536.jpg 1086w, https:\/\/vetk.hu\/wp-content\/uploads\/2023\/11\/Etlap-2023_OSZ-TEL-arakkal_page-0003.jpg 1241w\" sizes=\"(max-width: 212px) 100vw, 212px\" \/><\/a>\n\t\t\t<\/div><\/figure><figure class='gallery-item'>\n\t\t\t<div class='gallery-icon portrait'>\n\t\t\t\t<a data-elementor-open-lightbox=\"yes\" data-elementor-lightbox-slideshow=\"9b0d6c6\" data-elementor-lightbox-title=\"\u00c9tlap 2023_\u0150SZ-T\u00c9L \u00e1rakkal_page-0004\" data-e-action-hash=\"#elementor-action%3Aaction%3Dlightbox%26settings%3DeyJpZCI6MzA4NCwidXJsIjoiaHR0cHM6XC9cL3ZldGsuaHVcL3dwLWNvbnRlbnRcL3VwbG9hZHNcLzIwMjNcLzExXC9FdGxhcC0yMDIzX09TWi1URUwtYXJha2thbF9wYWdlLTAwMDQuanBnIiwic2xpZGVzaG93IjoiOWIwZDZjNiJ9\" href='https:\/\/vetk.hu\/wp-content\/uploads\/2023\/11\/Etlap-2023_OSZ-TEL-arakkal_page-0004.jpg'><img loading=\"lazy\" width=\"212\" height=\"300\" src=\"https:\/\/vetk.hu\/wp-content\/uploads\/2023\/11\/Etlap-2023_OSZ-TEL-arakkal_page-0004-212x300.jpg\" class=\"attachment-medium size-medium\" alt=\"\" decoding=\"async\" srcset=\"https:\/\/vetk.hu\/wp-content\/uploads\/2023\/11\/Etlap-2023_OSZ-TEL-arakkal_page-0004-212x300.jpg 212w, https:\/\/vetk.hu\/wp-content\/uploads\/2023\/11\/Etlap-2023_OSZ-TEL-arakkal_page-0004-724x1024.jpg 724w, https:\/\/vetk.hu\/wp-content\/uploads\/2023\/11\/Etlap-2023_OSZ-TEL-arakkal_page-0004-768x1086.jpg 768w, https:\/\/vetk.hu\/wp-content\/uploads\/2023\/11\/Etlap-2023_OSZ-TEL-arakkal_page-0004-1086x1536.jpg 1086w, https:\/\/vetk.hu\/wp-content\/uploads\/2023\/11\/Etlap-2023_OSZ-TEL-arakkal_page-0004.jpg 1241w\" sizes=\"(max-width: 212px) 100vw, 212px\" \/><\/a>\n\t\t\t<\/div><\/figure>\n\t\t<\/div>\n\t\t<\/div>\n\t\t\t\t\t\t<\/div>\n\t\t\t\t<\/div>\n\t\t\t\t\t<\/div>\n\t\t<\/div>\n\t\t\t\t\t<\/div>\n\t\t<\/section>\n\t\t\t\t<section class=\"elementor-section elementor-top-section elementor-element elementor-element-af317a4 elementor-section-boxed elementor-section-height-default elementor-section-height-default\" data-id=\"af317a4\" data-element_type=\"section\" data-e-type=\"section\">\n\t\t\t\t\t\t<div class=\"elementor-container elementor-column-gap-default\">\n\t\t\t\t\t<div class=\"elementor-column elementor-col-100 elementor-top-column elementor-element elementor-element-fd46678\" data-id=\"fd46678\" data-element_type=\"column\" data-e-type=\"column\">\n\t\t\t<div class=\"elementor-widget-wrap elementor-element-populated\">\n\t\t\t\t\t\t<div class=\"elementor-element elementor-element-2b07512 elementor-widget elementor-widget-google_maps\" data-id=\"2b07512\" data-element_type=\"widget\" data-e-type=\"widget\" data-widget_type=\"google_maps.default\">\n\t\t\t\t<div class=\"elementor-widget-container\">\n\t\t\t\t\t\t\t<div class=\"elementor-custom-embed\">\n\t\t\t<iframe loading=\"lazy\"\n\t\t\t\t\tsrc=\"https:\/\/maps.google.com\/maps?q=8200%20Veszpr%C3%A9m%2C%20J%C3%B3kai%20M%C3%B3r%20u.%2048.&#038;t=m&#038;z=18&#038;output=embed&#038;iwloc=near\"\n\t\t\t\t\ttitle=\"Address: 8200 Veszpr\u00e9m, J\u00f3kai M\u00f3r. u. 48.\"\n\t\t\t\t\taria-label=\"Address: 8200 Veszpr\u00e9m, J\u00f3kai M\u00f3r. u. 48.\"\n\t\t\t><\/iframe>\n\t\t<\/div>\n\t\t\t\t\t\t<\/div>\n\t\t\t\t<\/div>\n\t\t\t\t\t<\/div>\n\t\t<\/div>\n\t\t\t\t\t<\/div>\n\t\t<\/section>\n\t\t\t\t<section class=\"elementor-section elementor-top-section elementor-element elementor-element-985468e elementor-section-boxed elementor-section-height-default elementor-section-height-default\" data-id=\"985468e\" data-element_type=\"section\" data-e-type=\"section\">\n\t\t\t\t\t\t<div class=\"elementor-container elementor-column-gap-default\">\n\t\t\t\t\t<div class=\"elementor-column elementor-col-100 elementor-top-column elementor-element elementor-element-e100b10\" data-id=\"e100b10\" data-element_type=\"column\" data-e-type=\"column\">\n\t\t\t<div class=\"elementor-widget-wrap\">\n\t\t\t\t\t\t\t<\/div>\n\t\t<\/div>\n\t\t\t\t\t<\/div>\n\t\t<\/section>\n\t\t\t\t<\/div>","protected":false},"excerpt":{"rendered":"<p>Az els\u0151 magyar kir\u00e1lyn\u00e9 nev\u00e9t visel\u0151 Gizella Hotel \u00e9s \u00c9tterem a v\u00e1rnegyedt\u0151l \u00e9szakra a Benedek-hegy l\u00e1b\u00e1n\u00e1l helyezkedik el, Veszpr\u00e9m t\u00f6rt\u00e9nelmi v\u00e1rosr\u00e9sz\u00e9ben. Az \u00e9tterem kellemes k\u00f6rnyezetben, a hegy t\u00f6v\u00e9ben csordog\u00e1l\u00f3 S\u00e9d [&hellip;]<\/p>\n","protected":false},"author":1,"featured_media":0,"parent":0,"menu_order":0,"comment_status":"closed","ping_status":"closed","template":"","meta":{"_acf_changed":false,"_price":"","_stock":"","_tribe_ticket_header":"","_tribe_default_ticket_provider":"","_tribe_ticket_capacity":"0","_ticket_start_date":"","_ticket_end_date":"","_tribe_ticket_show_description":"","_tribe_ticket_show_not_going":false,"_tribe_ticket_use_global_stock":"","_tribe_ticket_global_stock_level":"","_global_stock_mode":"","_global_stock_cap":"","_tribe_rsvp_for_event":"","_tribe_ticket_going_count":"","_tribe_ticket_not_going_count":"","_tribe_tickets_list":"[]","_tribe_ticket_has_attendee_info_fields":false,"footnotes":"","_tec_slr_enabled":"","_tec_slr_layout":""},"class_list":["post-214","page","type-page","status-publish","hentry"],"acf":[],"yoast_head":"<!-- This site is optimized with the Yoast SEO plugin v27.3 - https:\/\/yoast.com\/product\/yoast-seo-wordpress\/ -->\n<title>Gizella Hotel \u00e9s \u00c9tterem - Veszpr\u00e9mi \u00c9rseks\u00e9g Turisztikai K\u00f6zpont<\/title>\n<meta name=\"robots\" content=\"index, follow, max-snippet:-1, max-image-preview:large, max-video-preview:-1\" \/>\n<link rel=\"canonical\" href=\"https:\/\/vetk.hu\/en\/gizella-etterem\/\" \/>\n<meta property=\"og:locale\" content=\"en_GB\" \/>\n<meta property=\"og:type\" content=\"article\" \/>\n<meta property=\"og:title\" content=\"Gizella Hotel \u00e9s \u00c9tterem - Veszpr\u00e9mi \u00c9rseks\u00e9g Turisztikai K\u00f6zpont\" \/>\n<meta property=\"og:description\" content=\"Az els\u0151 magyar kir\u00e1lyn\u00e9 nev\u00e9t visel\u0151 Gizella Hotel \u00e9s \u00c9tterem a v\u00e1rnegyedt\u0151l \u00e9szakra a Benedek-hegy l\u00e1b\u00e1n\u00e1l helyezkedik el, Veszpr\u00e9m t\u00f6rt\u00e9nelmi v\u00e1rosr\u00e9sz\u00e9ben. Az \u00e9tterem kellemes k\u00f6rnyezetben, a hegy t\u00f6v\u00e9ben csordog\u00e1l\u00f3 S\u00e9d [&hellip;]\" \/>\n<meta property=\"og:url\" content=\"https:\/\/vetk.hu\/en\/gizella-etterem\/\" \/>\n<meta property=\"og:site_name\" content=\"Veszpr\u00e9mi \u00c9rseks\u00e9g Turisztikai K\u00f6zpont\" \/>\n<meta property=\"article:modified_time\" content=\"2025-11-13T10:47:09+00:00\" \/>\n<meta property=\"og:image\" content=\"https:\/\/vetk.hu\/wp-content\/uploads\/2023\/05\/Gizella-Etterem-2.jpg\" \/>\n<meta name=\"twitter:card\" content=\"summary_large_image\" \/>\n<meta name=\"twitter:label1\" content=\"Estimated reading time\" \/>\n\t<meta name=\"twitter:data1\" content=\"3 minutes\" \/>\n<script type=\"application\/ld+json\" class=\"yoast-schema-graph\">{\"@context\":\"https:\\\/\\\/schema.org\",\"@graph\":[{\"@type\":\"WebPage\",\"@id\":\"https:\\\/\\\/vetk.hu\\\/gizella-etterem\\\/\",\"url\":\"https:\\\/\\\/vetk.hu\\\/gizella-etterem\\\/\",\"name\":\"Gizella Hotel \u00e9s \u00c9tterem - Veszpr\u00e9mi \u00c9rseks\u00e9g Turisztikai K\u00f6zpont\",\"isPartOf\":{\"@id\":\"https:\\\/\\\/vetk.hu\\\/#website\"},\"primaryImageOfPage\":{\"@id\":\"https:\\\/\\\/vetk.hu\\\/gizella-etterem\\\/#primaryimage\"},\"image\":{\"@id\":\"https:\\\/\\\/vetk.hu\\\/gizella-etterem\\\/#primaryimage\"},\"thumbnailUrl\":\"https:\\\/\\\/vetk.hu\\\/wp-content\\\/uploads\\\/2023\\\/05\\\/Gizella-Etterem-2.jpg\",\"datePublished\":\"2023-04-24T19:50:26+00:00\",\"dateModified\":\"2025-11-13T10:47:09+00:00\",\"breadcrumb\":{\"@id\":\"https:\\\/\\\/vetk.hu\\\/gizella-etterem\\\/#breadcrumb\"},\"inLanguage\":\"en-GB\",\"potentialAction\":[{\"@type\":\"ReadAction\",\"target\":[\"https:\\\/\\\/vetk.hu\\\/gizella-etterem\\\/\"]}]},{\"@type\":\"ImageObject\",\"inLanguage\":\"en-GB\",\"@id\":\"https:\\\/\\\/vetk.hu\\\/gizella-etterem\\\/#primaryimage\",\"url\":\"https:\\\/\\\/vetk.hu\\\/wp-content\\\/uploads\\\/2023\\\/05\\\/Gizella-Etterem-2.jpg\",\"contentUrl\":\"https:\\\/\\\/vetk.hu\\\/wp-content\\\/uploads\\\/2023\\\/05\\\/Gizella-Etterem-2.jpg\"},{\"@type\":\"BreadcrumbList\",\"@id\":\"https:\\\/\\\/vetk.hu\\\/gizella-etterem\\\/#breadcrumb\",\"itemListElement\":[{\"@type\":\"ListItem\",\"position\":1,\"name\":\"Home\",\"item\":\"https:\\\/\\\/vetk.hu\\\/\"},{\"@type\":\"ListItem\",\"position\":2,\"name\":\"Gizella Hotel \u00e9s \u00c9tterem\"}]},{\"@type\":\"WebSite\",\"@id\":\"https:\\\/\\\/vetk.hu\\\/#website\",\"url\":\"https:\\\/\\\/vetk.hu\\\/\",\"name\":\"Veszpr\u00e9mi \u00c9rseki Turisztikai K\u00f6zpont \u2013 Hit, \u00f6r\u00f6ks\u00e9g, \u00e9lm\u00e9ny | vetk.hu\",\"description\":\"\",\"publisher\":{\"@id\":\"https:\\\/\\\/vetk.hu\\\/#organization\"},\"potentialAction\":[{\"@type\":\"SearchAction\",\"target\":{\"@type\":\"EntryPoint\",\"urlTemplate\":\"https:\\\/\\\/vetk.hu\\\/?s={search_term_string}\"},\"query-input\":{\"@type\":\"PropertyValueSpecification\",\"valueRequired\":true,\"valueName\":\"search_term_string\"}}],\"inLanguage\":\"en-GB\"},{\"@type\":\"Organization\",\"@id\":\"https:\\\/\\\/vetk.hu\\\/#organization\",\"name\":\"Veszpr\u00e9mi \u00c9rseki Turisztikai K\u00f6zpont\",\"url\":\"https:\\\/\\\/vetk.hu\\\/\",\"logo\":{\"@type\":\"ImageObject\",\"inLanguage\":\"en-GB\",\"@id\":\"https:\\\/\\\/vetk.hu\\\/#\\\/schema\\\/logo\\\/image\\\/\",\"url\":\"https:\\\/\\\/vetk.hu\\\/wp-content\\\/uploads\\\/2023\\\/04\\\/cropped-Group-3.png\",\"contentUrl\":\"https:\\\/\\\/vetk.hu\\\/wp-content\\\/uploads\\\/2023\\\/04\\\/cropped-Group-3.png\",\"width\":353,\"height\":338,\"caption\":\"Veszpr\u00e9mi \u00c9rseki Turisztikai K\u00f6zpont\"},\"image\":{\"@id\":\"https:\\\/\\\/vetk.hu\\\/#\\\/schema\\\/logo\\\/image\\\/\"}}]}<\/script>\n<!-- \/ Yoast SEO plugin. -->","yoast_head_json":{"title":"Gizella Hotel \u00e9s \u00c9tterem - Veszpr\u00e9mi \u00c9rseks\u00e9g Turisztikai K\u00f6zpont","robots":{"index":"index","follow":"follow","max-snippet":"max-snippet:-1","max-image-preview":"max-image-preview:large","max-video-preview":"max-video-preview:-1"},"canonical":"https:\/\/vetk.hu\/en\/gizella-etterem\/","og_locale":"en_GB","og_type":"article","og_title":"Gizella Hotel \u00e9s \u00c9tterem - Veszpr\u00e9mi \u00c9rseks\u00e9g Turisztikai K\u00f6zpont","og_description":"Az els\u0151 magyar kir\u00e1lyn\u00e9 nev\u00e9t visel\u0151 Gizella Hotel \u00e9s \u00c9tterem a v\u00e1rnegyedt\u0151l \u00e9szakra a Benedek-hegy l\u00e1b\u00e1n\u00e1l helyezkedik el, Veszpr\u00e9m t\u00f6rt\u00e9nelmi v\u00e1rosr\u00e9sz\u00e9ben. Az \u00e9tterem kellemes k\u00f6rnyezetben, a hegy t\u00f6v\u00e9ben csordog\u00e1l\u00f3 S\u00e9d [&hellip;]","og_url":"https:\/\/vetk.hu\/en\/gizella-etterem\/","og_site_name":"Veszpr\u00e9mi \u00c9rseks\u00e9g Turisztikai K\u00f6zpont","article_modified_time":"2025-11-13T10:47:09+00:00","og_image":[{"url":"https:\/\/vetk.hu\/wp-content\/uploads\/2023\/05\/Gizella-Etterem-2.jpg","type":"","width":"","height":""}],"twitter_card":"summary_large_image","twitter_misc":{"Estimated reading time":"3 minutes"},"schema":{"@context":"https:\/\/schema.org","@graph":[{"@type":"WebPage","@id":"https:\/\/vetk.hu\/gizella-etterem\/","url":"https:\/\/vetk.hu\/gizella-etterem\/","name":"Gizella Hotel \u00e9s \u00c9tterem - Veszpr\u00e9mi \u00c9rseks\u00e9g Turisztikai K\u00f6zpont","isPartOf":{"@id":"https:\/\/vetk.hu\/#website"},"primaryImageOfPage":{"@id":"https:\/\/vetk.hu\/gizella-etterem\/#primaryimage"},"image":{"@id":"https:\/\/vetk.hu\/gizella-etterem\/#primaryimage"},"thumbnailUrl":"https:\/\/vetk.hu\/wp-content\/uploads\/2023\/05\/Gizella-Etterem-2.jpg","datePublished":"2023-04-24T19:50:26+00:00","dateModified":"2025-11-13T10:47:09+00:00","breadcrumb":{"@id":"https:\/\/vetk.hu\/gizella-etterem\/#breadcrumb"},"inLanguage":"en-GB","potentialAction":[{"@type":"ReadAction","target":["https:\/\/vetk.hu\/gizella-etterem\/"]}]},{"@type":"ImageObject","inLanguage":"en-GB","@id":"https:\/\/vetk.hu\/gizella-etterem\/#primaryimage","url":"https:\/\/vetk.hu\/wp-content\/uploads\/2023\/05\/Gizella-Etterem-2.jpg","contentUrl":"https:\/\/vetk.hu\/wp-content\/uploads\/2023\/05\/Gizella-Etterem-2.jpg"},{"@type":"BreadcrumbList","@id":"https:\/\/vetk.hu\/gizella-etterem\/#breadcrumb","itemListElement":[{"@type":"ListItem","position":1,"name":"Home","item":"https:\/\/vetk.hu\/"},{"@type":"ListItem","position":2,"name":"Gizella Hotel \u00e9s \u00c9tterem"}]},{"@type":"WebSite","@id":"https:\/\/vetk.hu\/#website","url":"https:\/\/vetk.hu\/","name":"Veszpr\u00e9mi \u00c9rseki Turisztikai K\u00f6zpont \u2013 Hit, \u00f6r\u00f6ks\u00e9g, \u00e9lm\u00e9ny | vetk.hu","description":"","publisher":{"@id":"https:\/\/vetk.hu\/#organization"},"potentialAction":[{"@type":"SearchAction","target":{"@type":"EntryPoint","urlTemplate":"https:\/\/vetk.hu\/?s={search_term_string}"},"query-input":{"@type":"PropertyValueSpecification","valueRequired":true,"valueName":"search_term_string"}}],"inLanguage":"en-GB"},{"@type":"Organization","@id":"https:\/\/vetk.hu\/#organization","name":"Veszpr\u00e9mi \u00c9rseki Turisztikai K\u00f6zpont","url":"https:\/\/vetk.hu\/","logo":{"@type":"ImageObject","inLanguage":"en-GB","@id":"https:\/\/vetk.hu\/#\/schema\/logo\/image\/","url":"https:\/\/vetk.hu\/wp-content\/uploads\/2023\/04\/cropped-Group-3.png","contentUrl":"https:\/\/vetk.hu\/wp-content\/uploads\/2023\/04\/cropped-Group-3.png","width":353,"height":338,"caption":"Veszpr\u00e9mi \u00c9rseki Turisztikai K\u00f6zpont"},"image":{"@id":"https:\/\/vetk.hu\/#\/schema\/logo\/image\/"}}]}},"ticketed":false,"_links":{"self":[{"href":"https:\/\/vetk.hu\/en\/wp-json\/wp\/v2\/pages\/214","targetHints":{"allow":["GET"]}}],"collection":[{"href":"https:\/\/vetk.hu\/en\/wp-json\/wp\/v2\/pages"}],"about":[{"href":"https:\/\/vetk.hu\/en\/wp-json\/wp\/v2\/types\/page"}],"author":[{"embeddable":true,"href":"https:\/\/vetk.hu\/en\/wp-json\/wp\/v2\/users\/1"}],"replies":[{"embeddable":true,"href":"https:\/\/vetk.hu\/en\/wp-json\/wp\/v2\/comments?post=214"}],"version-history":[{"count":19,"href":"https:\/\/vetk.hu\/en\/wp-json\/wp\/v2\/pages\/214\/revisions"}],"predecessor-version":[{"id":6577,"href":"https:\/\/vetk.hu\/en\/wp-json\/wp\/v2\/pages\/214\/revisions\/6577"}],"wp:attachment":[{"href":"https:\/\/vetk.hu\/en\/wp-json\/wp\/v2\/media?parent=214"}],"curies":[{"name":"wp","href":"https:\/\/api.w.org\/{rel}","templated":true}]}}