{"id":230,"date":"2023-04-24T22:10:16","date_gmt":"2023-04-24T20:10:16","guid":{"rendered":"https:\/\/turisztika.dinosprojekt.com\/?page_id=230"},"modified":"2023-05-05T15:42:57","modified_gmt":"2023-05-05T13:42:57","slug":"boldog-gizella-egyhazmegyei-gyujtemeny-gizella-muzeum","status":"publish","type":"page","link":"https:\/\/vetk.hu\/en\/boldog-gizella-egyhazmegyei-gyujtemeny-gizella-muzeum\/","title":{"rendered":"Gizella M\u00fazeum"},"content":{"rendered":"<div data-elementor-type=\"wp-page\" data-elementor-id=\"230\" class=\"elementor elementor-230\" data-elementor-post-type=\"page\">\n\t\t\t\t\t\t<section class=\"elementor-section elementor-top-section elementor-element elementor-element-5ac6d87 elementor-section-boxed elementor-section-height-default elementor-section-height-default\" data-id=\"5ac6d87\" data-element_type=\"section\" data-e-type=\"section\">\n\t\t\t\t\t\t<div class=\"elementor-container elementor-column-gap-default\">\n\t\t\t\t\t<div class=\"elementor-column elementor-col-50 elementor-top-column elementor-element elementor-element-5c73ab7\" data-id=\"5c73ab7\" data-element_type=\"column\" data-e-type=\"column\">\n\t\t\t<div class=\"elementor-widget-wrap elementor-element-populated\">\n\t\t\t\t\t\t<div class=\"elementor-element elementor-element-6770e1d elementor-widget elementor-widget-text-editor\" data-id=\"6770e1d\" data-element_type=\"widget\" data-e-type=\"widget\" data-widget_type=\"text-editor.default\">\n\t\t\t\t<div class=\"elementor-widget-container\">\n\t\t\t\t\t\t\t\t\t<p style=\"color: #105044; font-family: 'DM Sans', sans-serif;\">A&nbsp;<a href=\"http:\/\/www.wip2023.hu\" target=\"_blank\">Boldog Gizella F\u0151egyh\u00e1zmegyei Gy\u0171jtem\u00e9ny<\/a>&nbsp;1985-\u00f6s alap\u00edt\u00e1sa \u00f3ta egyh\u00e1zi m\u0171kincsek, p\u00fcsp\u00f6ki-f\u0151papi hagyat\u00e9kok, kir\u00e1lyn\u00e9i adom\u00e1nyok \u0151rz\u0151je.&nbsp;Gondos gazdak\u00e9nt \u0151rk\u00f6dik a F\u0151egyh\u00e1zmegye t\u00f6rt\u00e9neti, m\u0171v\u00e9szeti \u00f6r\u00f6ks\u00e9ge f\u00f6l\u00f6tt: gy\u0171jti, gondozza \u00e9s bemutatja a t\u00f6rt\u00e9neti szempontb\u00f3l jelent\u0151s t\u00e1rgyakat, dokumentumokat.&nbsp;<\/p>\n<p style=\"color: #105044; font-family: 'DM Sans', sans-serif;\">A t\u00f6bbezer darabot sz\u00e1ml\u00e1l\u00f3 t\u00e1rgyegy\u00fcttesben \u00f6tv\u00f6s-, textil-, szoborgy\u0171jtem\u00e9ny, fest\u00e9szeti \u00e9s grafikai gy\u0171jtem\u00e9ny, porcel\u00e1n- \u00e9s ker\u00e1miagy\u0171jtem\u00e9ny mellett b\u00fatorzat, kolostormunk\u00e1k \u00e9s n\u00e9pi szakr\u00e1lis eml\u00e9kek is megtal\u00e1lhat\u00f3k.&nbsp;<\/p>\n<p style=\"color: #105044; font-family: 'DM Sans', sans-serif;\">K\u0151t\u00e1r\u00e1ban nem csup\u00e1n a v\u00e1rhegy \u00e9s a v\u00e1ros, hanem az egyh\u00e1zmegye t\u00e1volabbi vid\u00e9keinek eml\u00e9kei is fellelhet\u0151k: k\u0151faragv\u00e1nyok, let\u0171nt korok \u00e9p\u00fclet-, s\u00edrk\u0151-, olt\u00e1r- \u00e9s szobort\u00f6red\u00e9kek.<\/p>\n<p style=\"color: #105044; font-family: 'DM Sans', sans-serif;\">A Veszpr\u00e9mi F\u0151egyh\u00e1zmegye Magyarorsz\u00e1g Korm\u00e1nya t\u00e1mogat\u00e1s\u00e1val 2020 \u00e9s 2025 k\u00f6z\u00f6tt 18 m\u0171eml\u00e9k \u00e9p\u00fclet k\u00fcl\u00f6nb\u00f6z\u0151 m\u00e9rt\u00e9k\u0171 fel\u00faj\u00edt\u00e1s\u00e1t val\u00f3s\u00edtja meg a veszpr\u00e9mi v\u00e1rhegyen. A fel\u00faj\u00edt\u00e1s egy\u00fattal lehet\u0151s\u00e9g a Gy\u0171jtem\u00e9ny meg\u00fajul\u00e1s\u00e1ra, amely \u00faj \u00e9p\u00fcletekben, meg\u00fajul\u00f3 ki\u00e1ll\u00edt\u00e1sokkal, programokkal v\u00e1rja a l\u00e1togat\u00f3kat.<\/p>\n<p style=\"color: #105044; font-family: 'DM Sans', sans-serif;\">A Veszpr\u00e9mi F\u0151egyh\u00e1zmegye Magyarorsz\u00e1g Korm\u00e1nya t\u00e1mogat\u00e1s\u00e1val 2020 \u00e9s 2025 k\u00f6z\u00f6tt 18 m\u0171eml\u00e9k \u00e9p\u00fclet k\u00fcl\u00f6nb\u00f6z\u0151 m\u00e9rt\u00e9k\u0171 fel\u00faj\u00edt\u00e1s\u00e1t val\u00f3s\u00edtja meg a veszpr\u00e9mi v\u00e1rhegyen. A fel\u00faj\u00edt\u00e1s egy\u00fattal lehet\u0151s\u00e9g a Gy\u0171jtem\u00e9ny meg\u00fajul\u00e1s\u00e1ra, amely \u00faj \u00e9p\u00fcletekben, meg\u00fajul\u00f3 ki\u00e1ll\u00edt\u00e1sokkal, programokkal v\u00e1rja a l\u00e1togat\u00f3kat.<\/p>\n<div style=\"color: #105044; font-family: 'DM Sans', sans-serif;\">A Gy\u0171jtem\u00e9ny szakmai ir\u00e1ny\u00edt\u00e1s\u00e1val megval\u00f3sul\u00f3 WIP\u201923 ki\u00e1ll\u00edt\u00e1s betekint\u00e9st enged a kulissz\u00e1k m\u00f6g\u00e9 \u00e9s a fel\u00faj\u00edt\u00e1s k\u00fcl\u00f6nb\u00f6z\u0151 f\u00e1zisaiban mutatja be a v\u00e1rnegyed \u00e9p\u00fcleteit, m\u0171t\u00e1rgyait.<\/div>\t\t\t\t\t\t\t\t<\/div>\n\t\t\t\t<\/div>\n\t\t\t\t\t<\/div>\n\t\t<\/div>\n\t\t\t\t<div class=\"elementor-column elementor-col-50 elementor-top-column elementor-element elementor-element-82b1023\" data-id=\"82b1023\" data-element_type=\"column\" data-e-type=\"column\">\n\t\t\t<div class=\"elementor-widget-wrap elementor-element-populated\">\n\t\t\t\t\t\t<div class=\"elementor-element elementor-element-8b63ec4 elementor-widget__width-initial e-transform elementor-widget elementor-widget-image\" data-id=\"8b63ec4\" data-element_type=\"widget\" data-e-type=\"widget\" data-settings=\"{&quot;_transform_scaleX_effect&quot;:{&quot;unit&quot;:&quot;px&quot;,&quot;size&quot;:&quot;&quot;,&quot;sizes&quot;:[]},&quot;_transform_scaleX_effect_tablet&quot;:{&quot;unit&quot;:&quot;px&quot;,&quot;size&quot;:&quot;&quot;,&quot;sizes&quot;:[]},&quot;_transform_scaleX_effect_mobile&quot;:{&quot;unit&quot;:&quot;px&quot;,&quot;size&quot;:&quot;&quot;,&quot;sizes&quot;:[]},&quot;_transform_scaleY_effect&quot;:{&quot;unit&quot;:&quot;px&quot;,&quot;size&quot;:&quot;&quot;,&quot;sizes&quot;:[]},&quot;_transform_scaleY_effect_tablet&quot;:{&quot;unit&quot;:&quot;px&quot;,&quot;size&quot;:&quot;&quot;,&quot;sizes&quot;:[]},&quot;_transform_scaleY_effect_mobile&quot;:{&quot;unit&quot;:&quot;px&quot;,&quot;size&quot;:&quot;&quot;,&quot;sizes&quot;:[]}}\" data-widget_type=\"image.default\">\n\t\t\t\t<div class=\"elementor-widget-container\">\n\t\t\t\t\t\t\t\t\t\t\t\t\t\t\t<img fetchpriority=\"high\" decoding=\"async\" width=\"768\" height=\"1024\" src=\"https:\/\/vetk.hu\/wp-content\/uploads\/2023\/05\/Gizella-Muzeum-2-768x1024.jpeg\" class=\"attachment-large size-large wp-image-285\" alt=\"\" srcset=\"https:\/\/vetk.hu\/wp-content\/uploads\/2023\/05\/Gizella-Muzeum-2-768x1024.jpeg 768w, https:\/\/vetk.hu\/wp-content\/uploads\/2023\/05\/Gizella-Muzeum-2-225x300.jpeg 225w, https:\/\/vetk.hu\/wp-content\/uploads\/2023\/05\/Gizella-Muzeum-2.jpeg 1104w\" sizes=\"(max-width: 768px) 100vw, 768px\" \/>\t\t\t\t\t\t\t\t\t\t\t\t\t\t\t<\/div>\n\t\t\t\t<\/div>\n\t\t\t\t\t<\/div>\n\t\t<\/div>\n\t\t\t\t\t<\/div>\n\t\t<\/section>\n\t\t\t\t<section class=\"elementor-section elementor-top-section elementor-element elementor-element-92b9bb0 elementor-section-boxed elementor-section-height-default elementor-section-height-default\" data-id=\"92b9bb0\" data-element_type=\"section\" data-e-type=\"section\">\n\t\t\t\t\t\t<div class=\"elementor-container elementor-column-gap-default\">\n\t\t\t\t\t<div class=\"elementor-column elementor-col-50 elementor-top-column elementor-element elementor-element-09c895f\" data-id=\"09c895f\" data-element_type=\"column\" data-e-type=\"column\">\n\t\t\t<div class=\"elementor-widget-wrap elementor-element-populated\">\n\t\t\t\t\t\t<div class=\"elementor-element elementor-element-9a56930 elementor-widget elementor-widget-text-editor\" data-id=\"9a56930\" data-element_type=\"widget\" data-e-type=\"widget\" data-widget_type=\"text-editor.default\">\n\t\t\t\t<div class=\"elementor-widget-container\">\n\t\t\t\t\t\t\t\t\t<p><strong>El\u00e9rhet\u0151s\u00e9gek:<\/strong><\/p>\n<p>C\u00edm: 8200 Veszpr\u00e9m, V\u00e1r u. 35. Pf.: 109.<br>Iroda: 8200 Veszpr\u00e9m Eszterh\u00e1zy u. 1.<br>Email: gizellamuzeum@veszpremiersekseg.hu<br>Tel.: +36 88 580 529<br><\/p>\t\t\t\t\t\t\t\t<\/div>\n\t\t\t\t<\/div>\n\t\t\t\t\t<\/div>\n\t\t<\/div>\n\t\t\t\t<div class=\"elementor-column elementor-col-50 elementor-top-column elementor-element elementor-element-23aeede\" data-id=\"23aeede\" data-element_type=\"column\" data-e-type=\"column\">\n\t\t\t<div class=\"elementor-widget-wrap elementor-element-populated\">\n\t\t\t\t\t\t<div class=\"elementor-element elementor-element-cbaf85f elementor-widget elementor-widget-text-editor\" data-id=\"cbaf85f\" data-element_type=\"widget\" data-e-type=\"widget\" data-widget_type=\"text-editor.default\">\n\t\t\t\t<div class=\"elementor-widget-container\">\n\t\t\t\t\t\t\t\t\t<p><strong style=\"color: var( --e-global-color-6a74c10 ); font-size: 1rem;\">Munkat\u00e1rsak:<\/strong><br><\/p>\n<p><b>Igazgat\u00f3:<\/b><span style=\"font-weight: 400;\"> Dr. Nagy Veronika<br><\/span><b>F\u0151muzeol\u00f3gus:<\/b><span style=\"font-weight: 400;\"> Gaylhoffer-Kov\u00e1cs G\u00e1bor<br><\/span><b>Gy\u0171jtem\u00e9nyi munkat\u00e1rs:<\/b><span> Horv\u00e1thn\u00e9 Szukop Andrea<\/span><\/p>\t\t\t\t\t\t\t\t<\/div>\n\t\t\t\t<\/div>\n\t\t\t\t\t<\/div>\n\t\t<\/div>\n\t\t\t\t\t<\/div>\n\t\t<\/section>\n\t\t\t\t<section class=\"elementor-section elementor-top-section elementor-element elementor-element-fcab94a elementor-section-boxed elementor-section-height-default elementor-section-height-default\" data-id=\"fcab94a\" data-element_type=\"section\" data-e-type=\"section\">\n\t\t\t\t\t\t<div class=\"elementor-container elementor-column-gap-default\">\n\t\t\t\t\t<div class=\"elementor-column elementor-col-50 elementor-top-column elementor-element elementor-element-09554a2\" data-id=\"09554a2\" data-element_type=\"column\" data-e-type=\"column\">\n\t\t\t<div class=\"elementor-widget-wrap elementor-element-populated\">\n\t\t\t\t\t\t<div class=\"elementor-element elementor-element-9c45d68 elementor-widget elementor-widget-image\" data-id=\"9c45d68\" data-element_type=\"widget\" data-e-type=\"widget\" data-widget_type=\"image.default\">\n\t\t\t\t<div class=\"elementor-widget-container\">\n\t\t\t\t\t\t\t\t\t\t\t\t\t\t\t<img decoding=\"async\" width=\"800\" height=\"600\" src=\"https:\/\/vetk.hu\/wp-content\/uploads\/2023\/05\/Gizella-Muzeum-1-1-1024x768.jpeg\" class=\"attachment-large size-large wp-image-284\" alt=\"\" srcset=\"https:\/\/vetk.hu\/wp-content\/uploads\/2023\/05\/Gizella-Muzeum-1-1-1024x768.jpeg 1024w, https:\/\/vetk.hu\/wp-content\/uploads\/2023\/05\/Gizella-Muzeum-1-1-300x225.jpeg 300w, https:\/\/vetk.hu\/wp-content\/uploads\/2023\/05\/Gizella-Muzeum-1-1-768x576.jpeg 768w, https:\/\/vetk.hu\/wp-content\/uploads\/2023\/05\/Gizella-Muzeum-1-1.jpeg 1486w\" sizes=\"(max-width: 800px) 100vw, 800px\" \/>\t\t\t\t\t\t\t\t\t\t\t\t\t\t\t<\/div>\n\t\t\t\t<\/div>\n\t\t\t\t\t<\/div>\n\t\t<\/div>\n\t\t\t\t<div class=\"elementor-column elementor-col-50 elementor-top-column elementor-element elementor-element-53ac323\" data-id=\"53ac323\" data-element_type=\"column\" data-e-type=\"column\">\n\t\t\t<div class=\"elementor-widget-wrap elementor-element-populated\">\n\t\t\t\t\t\t<div class=\"elementor-element elementor-element-7d3bf3e elementor-widget elementor-widget-image\" data-id=\"7d3bf3e\" data-element_type=\"widget\" data-e-type=\"widget\" data-widget_type=\"image.default\">\n\t\t\t\t<div class=\"elementor-widget-container\">\n\t\t\t\t\t\t\t\t\t\t\t\t\t\t\t<img decoding=\"async\" width=\"800\" height=\"600\" src=\"https:\/\/vetk.hu\/wp-content\/uploads\/2023\/05\/Gizella-Muzeum-3-1024x768.jpeg\" class=\"attachment-large size-large wp-image-286\" alt=\"\" srcset=\"https:\/\/vetk.hu\/wp-content\/uploads\/2023\/05\/Gizella-Muzeum-3-1024x768.jpeg 1024w, https:\/\/vetk.hu\/wp-content\/uploads\/2023\/05\/Gizella-Muzeum-3-300x225.jpeg 300w, https:\/\/vetk.hu\/wp-content\/uploads\/2023\/05\/Gizella-Muzeum-3-768x576.jpeg 768w, https:\/\/vetk.hu\/wp-content\/uploads\/2023\/05\/Gizella-Muzeum-3.jpeg 1520w\" sizes=\"(max-width: 800px) 100vw, 800px\" \/>\t\t\t\t\t\t\t\t\t\t\t\t\t\t\t<\/div>\n\t\t\t\t<\/div>\n\t\t\t\t\t<\/div>\n\t\t<\/div>\n\t\t\t\t\t<\/div>\n\t\t<\/section>\n\t\t\t\t<section class=\"elementor-section elementor-top-section elementor-element elementor-element-ea49461 elementor-section-boxed elementor-section-height-default elementor-section-height-default\" data-id=\"ea49461\" data-element_type=\"section\" data-e-type=\"section\">\n\t\t\t\t\t\t<div class=\"elementor-container elementor-column-gap-default\">\n\t\t\t\t\t<div class=\"elementor-column elementor-col-100 elementor-top-column elementor-element elementor-element-4ef7145\" data-id=\"4ef7145\" data-element_type=\"column\" data-e-type=\"column\">\n\t\t\t<div class=\"elementor-widget-wrap elementor-element-populated\">\n\t\t\t\t\t\t<div class=\"elementor-element elementor-element-b0d59eb elementor-widget elementor-widget-google_maps\" data-id=\"b0d59eb\" data-element_type=\"widget\" data-e-type=\"widget\" data-widget_type=\"google_maps.default\">\n\t\t\t\t<div class=\"elementor-widget-container\">\n\t\t\t\t\t\t\t<div class=\"elementor-custom-embed\">\n\t\t\t<iframe loading=\"lazy\"\n\t\t\t\t\tsrc=\"https:\/\/maps.google.com\/maps?q=8200%20Veszpr%C3%A9m%2C%20V%C3%A1r%20u.%2035&#038;t=m&#038;z=18&#038;output=embed&#038;iwloc=near\"\n\t\t\t\t\ttitle=\"8200 Veszpr\u00e9m, V\u00e1r u. 35\"\n\t\t\t\t\taria-label=\"8200 Veszpr\u00e9m, V\u00e1r u. 35\"\n\t\t\t><\/iframe>\n\t\t<\/div>\n\t\t\t\t\t\t<\/div>\n\t\t\t\t<\/div>\n\t\t\t\t\t<\/div>\n\t\t<\/div>\n\t\t\t\t\t<\/div>\n\t\t<\/section>\n\t\t\t\t<\/div>","protected":false},"excerpt":{"rendered":"<p>A&nbsp;Boldog Gizella F\u0151egyh\u00e1zmegyei Gy\u0171jtem\u00e9ny&nbsp;1985-\u00f6s alap\u00edt\u00e1sa \u00f3ta egyh\u00e1zi m\u0171kincsek, p\u00fcsp\u00f6ki-f\u0151papi hagyat\u00e9kok, kir\u00e1lyn\u00e9i adom\u00e1nyok \u0151rz\u0151je.&nbsp;Gondos gazdak\u00e9nt \u0151rk\u00f6dik a F\u0151egyh\u00e1zmegye t\u00f6rt\u00e9neti, m\u0171v\u00e9szeti \u00f6r\u00f6ks\u00e9ge f\u00f6l\u00f6tt: gy\u0171jti, gondozza \u00e9s bemutatja a t\u00f6rt\u00e9neti szempontb\u00f3l jelent\u0151s t\u00e1rgyakat, [&hellip;]<\/p>\n","protected":false},"author":1,"featured_media":0,"parent":0,"menu_order":0,"comment_status":"closed","ping_status":"closed","template":"","meta":{"_acf_changed":false,"_price":"","_stock":"","_tribe_ticket_header":"","_tribe_default_ticket_provider":"","_tribe_ticket_capacity":"0","_ticket_start_date":"","_ticket_end_date":"","_tribe_ticket_show_description":"","_tribe_ticket_show_not_going":false,"_tribe_ticket_use_global_stock":"","_tribe_ticket_global_stock_level":"","_global_stock_mode":"","_global_stock_cap":"","_tribe_rsvp_for_event":"","_tribe_ticket_going_count":"","_tribe_ticket_not_going_count":"","_tribe_tickets_list":"[]","_tribe_ticket_has_attendee_info_fields":false,"footnotes":"","_tec_slr_enabled":"","_tec_slr_layout":""},"class_list":["post-230","page","type-page","status-publish","hentry"],"acf":[],"yoast_head":"<!-- This site is optimized with the Yoast SEO plugin v27.3 - https:\/\/yoast.com\/product\/yoast-seo-wordpress\/ -->\n<title>Gizella M\u00fazeum - Veszpr\u00e9mi \u00c9rseks\u00e9g Turisztikai K\u00f6zpont<\/title>\n<meta name=\"robots\" content=\"index, follow, max-snippet:-1, max-image-preview:large, max-video-preview:-1\" \/>\n<link rel=\"canonical\" href=\"https:\/\/vetk.hu\/en\/boldog-gizella-egyhazmegyei-gyujtemeny-gizella-muzeum\/\" \/>\n<meta property=\"og:locale\" content=\"en_GB\" \/>\n<meta property=\"og:type\" content=\"article\" \/>\n<meta property=\"og:title\" content=\"Gizella M\u00fazeum - Veszpr\u00e9mi \u00c9rseks\u00e9g Turisztikai K\u00f6zpont\" \/>\n<meta property=\"og:description\" content=\"A&nbsp;Boldog Gizella F\u0151egyh\u00e1zmegyei Gy\u0171jtem\u00e9ny&nbsp;1985-\u00f6s alap\u00edt\u00e1sa \u00f3ta egyh\u00e1zi m\u0171kincsek, p\u00fcsp\u00f6ki-f\u0151papi hagyat\u00e9kok, kir\u00e1lyn\u00e9i adom\u00e1nyok \u0151rz\u0151je.&nbsp;Gondos gazdak\u00e9nt \u0151rk\u00f6dik a F\u0151egyh\u00e1zmegye t\u00f6rt\u00e9neti, m\u0171v\u00e9szeti \u00f6r\u00f6ks\u00e9ge f\u00f6l\u00f6tt: gy\u0171jti, gondozza \u00e9s bemutatja a t\u00f6rt\u00e9neti szempontb\u00f3l jelent\u0151s t\u00e1rgyakat, [&hellip;]\" \/>\n<meta property=\"og:url\" content=\"https:\/\/vetk.hu\/en\/boldog-gizella-egyhazmegyei-gyujtemeny-gizella-muzeum\/\" \/>\n<meta property=\"og:site_name\" content=\"Veszpr\u00e9mi \u00c9rseks\u00e9g Turisztikai K\u00f6zpont\" \/>\n<meta property=\"article:modified_time\" content=\"2023-05-05T13:42:57+00:00\" \/>\n<meta property=\"og:image\" content=\"http:\/\/vetk.hu\/wp-content\/uploads\/2023\/05\/Gizella-Muzeum-2-768x1024.jpeg\" \/>\n<meta name=\"twitter:card\" content=\"summary_large_image\" \/>\n<meta name=\"twitter:label1\" content=\"Estimated reading time\" \/>\n\t<meta name=\"twitter:data1\" content=\"2 minutes\" \/>\n<script type=\"application\/ld+json\" class=\"yoast-schema-graph\">{\"@context\":\"https:\\\/\\\/schema.org\",\"@graph\":[{\"@type\":\"WebPage\",\"@id\":\"https:\\\/\\\/vetk.hu\\\/boldog-gizella-egyhazmegyei-gyujtemeny-gizella-muzeum\\\/\",\"url\":\"https:\\\/\\\/vetk.hu\\\/boldog-gizella-egyhazmegyei-gyujtemeny-gizella-muzeum\\\/\",\"name\":\"Gizella M\u00fazeum - Veszpr\u00e9mi \u00c9rseks\u00e9g Turisztikai K\u00f6zpont\",\"isPartOf\":{\"@id\":\"https:\\\/\\\/vetk.hu\\\/#website\"},\"primaryImageOfPage\":{\"@id\":\"https:\\\/\\\/vetk.hu\\\/boldog-gizella-egyhazmegyei-gyujtemeny-gizella-muzeum\\\/#primaryimage\"},\"image\":{\"@id\":\"https:\\\/\\\/vetk.hu\\\/boldog-gizella-egyhazmegyei-gyujtemeny-gizella-muzeum\\\/#primaryimage\"},\"thumbnailUrl\":\"http:\\\/\\\/vetk.hu\\\/wp-content\\\/uploads\\\/2023\\\/05\\\/Gizella-Muzeum-2-768x1024.jpeg\",\"datePublished\":\"2023-04-24T20:10:16+00:00\",\"dateModified\":\"2023-05-05T13:42:57+00:00\",\"breadcrumb\":{\"@id\":\"https:\\\/\\\/vetk.hu\\\/boldog-gizella-egyhazmegyei-gyujtemeny-gizella-muzeum\\\/#breadcrumb\"},\"inLanguage\":\"en-GB\",\"potentialAction\":[{\"@type\":\"ReadAction\",\"target\":[\"https:\\\/\\\/vetk.hu\\\/boldog-gizella-egyhazmegyei-gyujtemeny-gizella-muzeum\\\/\"]}]},{\"@type\":\"ImageObject\",\"inLanguage\":\"en-GB\",\"@id\":\"https:\\\/\\\/vetk.hu\\\/boldog-gizella-egyhazmegyei-gyujtemeny-gizella-muzeum\\\/#primaryimage\",\"url\":\"http:\\\/\\\/vetk.hu\\\/wp-content\\\/uploads\\\/2023\\\/05\\\/Gizella-Muzeum-2-768x1024.jpeg\",\"contentUrl\":\"http:\\\/\\\/vetk.hu\\\/wp-content\\\/uploads\\\/2023\\\/05\\\/Gizella-Muzeum-2-768x1024.jpeg\"},{\"@type\":\"BreadcrumbList\",\"@id\":\"https:\\\/\\\/vetk.hu\\\/boldog-gizella-egyhazmegyei-gyujtemeny-gizella-muzeum\\\/#breadcrumb\",\"itemListElement\":[{\"@type\":\"ListItem\",\"position\":1,\"name\":\"Home\",\"item\":\"https:\\\/\\\/vetk.hu\\\/\"},{\"@type\":\"ListItem\",\"position\":2,\"name\":\"Gizella M\u00fazeum\"}]},{\"@type\":\"WebSite\",\"@id\":\"https:\\\/\\\/vetk.hu\\\/#website\",\"url\":\"https:\\\/\\\/vetk.hu\\\/\",\"name\":\"Veszpr\u00e9mi \u00c9rseki Turisztikai K\u00f6zpont \u2013 Hit, \u00f6r\u00f6ks\u00e9g, \u00e9lm\u00e9ny | vetk.hu\",\"description\":\"\",\"publisher\":{\"@id\":\"https:\\\/\\\/vetk.hu\\\/#organization\"},\"potentialAction\":[{\"@type\":\"SearchAction\",\"target\":{\"@type\":\"EntryPoint\",\"urlTemplate\":\"https:\\\/\\\/vetk.hu\\\/?s={search_term_string}\"},\"query-input\":{\"@type\":\"PropertyValueSpecification\",\"valueRequired\":true,\"valueName\":\"search_term_string\"}}],\"inLanguage\":\"en-GB\"},{\"@type\":\"Organization\",\"@id\":\"https:\\\/\\\/vetk.hu\\\/#organization\",\"name\":\"Veszpr\u00e9mi \u00c9rseki Turisztikai K\u00f6zpont\",\"url\":\"https:\\\/\\\/vetk.hu\\\/\",\"logo\":{\"@type\":\"ImageObject\",\"inLanguage\":\"en-GB\",\"@id\":\"https:\\\/\\\/vetk.hu\\\/#\\\/schema\\\/logo\\\/image\\\/\",\"url\":\"https:\\\/\\\/vetk.hu\\\/wp-content\\\/uploads\\\/2023\\\/04\\\/cropped-Group-3.png\",\"contentUrl\":\"https:\\\/\\\/vetk.hu\\\/wp-content\\\/uploads\\\/2023\\\/04\\\/cropped-Group-3.png\",\"width\":353,\"height\":338,\"caption\":\"Veszpr\u00e9mi \u00c9rseki Turisztikai K\u00f6zpont\"},\"image\":{\"@id\":\"https:\\\/\\\/vetk.hu\\\/#\\\/schema\\\/logo\\\/image\\\/\"}}]}<\/script>\n<!-- \/ Yoast SEO plugin. -->","yoast_head_json":{"title":"Gizella M\u00fazeum - Veszpr\u00e9mi \u00c9rseks\u00e9g Turisztikai K\u00f6zpont","robots":{"index":"index","follow":"follow","max-snippet":"max-snippet:-1","max-image-preview":"max-image-preview:large","max-video-preview":"max-video-preview:-1"},"canonical":"https:\/\/vetk.hu\/en\/boldog-gizella-egyhazmegyei-gyujtemeny-gizella-muzeum\/","og_locale":"en_GB","og_type":"article","og_title":"Gizella M\u00fazeum - Veszpr\u00e9mi \u00c9rseks\u00e9g Turisztikai K\u00f6zpont","og_description":"A&nbsp;Boldog Gizella F\u0151egyh\u00e1zmegyei Gy\u0171jtem\u00e9ny&nbsp;1985-\u00f6s alap\u00edt\u00e1sa \u00f3ta egyh\u00e1zi m\u0171kincsek, p\u00fcsp\u00f6ki-f\u0151papi hagyat\u00e9kok, kir\u00e1lyn\u00e9i adom\u00e1nyok \u0151rz\u0151je.&nbsp;Gondos gazdak\u00e9nt \u0151rk\u00f6dik a F\u0151egyh\u00e1zmegye t\u00f6rt\u00e9neti, m\u0171v\u00e9szeti \u00f6r\u00f6ks\u00e9ge f\u00f6l\u00f6tt: gy\u0171jti, gondozza \u00e9s bemutatja a t\u00f6rt\u00e9neti szempontb\u00f3l jelent\u0151s t\u00e1rgyakat, [&hellip;]","og_url":"https:\/\/vetk.hu\/en\/boldog-gizella-egyhazmegyei-gyujtemeny-gizella-muzeum\/","og_site_name":"Veszpr\u00e9mi \u00c9rseks\u00e9g Turisztikai K\u00f6zpont","article_modified_time":"2023-05-05T13:42:57+00:00","og_image":[{"url":"http:\/\/vetk.hu\/wp-content\/uploads\/2023\/05\/Gizella-Muzeum-2-768x1024.jpeg","type":"","width":"","height":""}],"twitter_card":"summary_large_image","twitter_misc":{"Estimated reading time":"2 minutes"},"schema":{"@context":"https:\/\/schema.org","@graph":[{"@type":"WebPage","@id":"https:\/\/vetk.hu\/boldog-gizella-egyhazmegyei-gyujtemeny-gizella-muzeum\/","url":"https:\/\/vetk.hu\/boldog-gizella-egyhazmegyei-gyujtemeny-gizella-muzeum\/","name":"Gizella M\u00fazeum - Veszpr\u00e9mi \u00c9rseks\u00e9g Turisztikai K\u00f6zpont","isPartOf":{"@id":"https:\/\/vetk.hu\/#website"},"primaryImageOfPage":{"@id":"https:\/\/vetk.hu\/boldog-gizella-egyhazmegyei-gyujtemeny-gizella-muzeum\/#primaryimage"},"image":{"@id":"https:\/\/vetk.hu\/boldog-gizella-egyhazmegyei-gyujtemeny-gizella-muzeum\/#primaryimage"},"thumbnailUrl":"http:\/\/vetk.hu\/wp-content\/uploads\/2023\/05\/Gizella-Muzeum-2-768x1024.jpeg","datePublished":"2023-04-24T20:10:16+00:00","dateModified":"2023-05-05T13:42:57+00:00","breadcrumb":{"@id":"https:\/\/vetk.hu\/boldog-gizella-egyhazmegyei-gyujtemeny-gizella-muzeum\/#breadcrumb"},"inLanguage":"en-GB","potentialAction":[{"@type":"ReadAction","target":["https:\/\/vetk.hu\/boldog-gizella-egyhazmegyei-gyujtemeny-gizella-muzeum\/"]}]},{"@type":"ImageObject","inLanguage":"en-GB","@id":"https:\/\/vetk.hu\/boldog-gizella-egyhazmegyei-gyujtemeny-gizella-muzeum\/#primaryimage","url":"http:\/\/vetk.hu\/wp-content\/uploads\/2023\/05\/Gizella-Muzeum-2-768x1024.jpeg","contentUrl":"http:\/\/vetk.hu\/wp-content\/uploads\/2023\/05\/Gizella-Muzeum-2-768x1024.jpeg"},{"@type":"BreadcrumbList","@id":"https:\/\/vetk.hu\/boldog-gizella-egyhazmegyei-gyujtemeny-gizella-muzeum\/#breadcrumb","itemListElement":[{"@type":"ListItem","position":1,"name":"Home","item":"https:\/\/vetk.hu\/"},{"@type":"ListItem","position":2,"name":"Gizella M\u00fazeum"}]},{"@type":"WebSite","@id":"https:\/\/vetk.hu\/#website","url":"https:\/\/vetk.hu\/","name":"Veszpr\u00e9mi \u00c9rseki Turisztikai K\u00f6zpont \u2013 Hit, \u00f6r\u00f6ks\u00e9g, \u00e9lm\u00e9ny | vetk.hu","description":"","publisher":{"@id":"https:\/\/vetk.hu\/#organization"},"potentialAction":[{"@type":"SearchAction","target":{"@type":"EntryPoint","urlTemplate":"https:\/\/vetk.hu\/?s={search_term_string}"},"query-input":{"@type":"PropertyValueSpecification","valueRequired":true,"valueName":"search_term_string"}}],"inLanguage":"en-GB"},{"@type":"Organization","@id":"https:\/\/vetk.hu\/#organization","name":"Veszpr\u00e9mi \u00c9rseki Turisztikai K\u00f6zpont","url":"https:\/\/vetk.hu\/","logo":{"@type":"ImageObject","inLanguage":"en-GB","@id":"https:\/\/vetk.hu\/#\/schema\/logo\/image\/","url":"https:\/\/vetk.hu\/wp-content\/uploads\/2023\/04\/cropped-Group-3.png","contentUrl":"https:\/\/vetk.hu\/wp-content\/uploads\/2023\/04\/cropped-Group-3.png","width":353,"height":338,"caption":"Veszpr\u00e9mi \u00c9rseki Turisztikai K\u00f6zpont"},"image":{"@id":"https:\/\/vetk.hu\/#\/schema\/logo\/image\/"}}]}},"ticketed":false,"_links":{"self":[{"href":"https:\/\/vetk.hu\/en\/wp-json\/wp\/v2\/pages\/230","targetHints":{"allow":["GET"]}}],"collection":[{"href":"https:\/\/vetk.hu\/en\/wp-json\/wp\/v2\/pages"}],"about":[{"href":"https:\/\/vetk.hu\/en\/wp-json\/wp\/v2\/types\/page"}],"author":[{"embeddable":true,"href":"https:\/\/vetk.hu\/en\/wp-json\/wp\/v2\/users\/1"}],"replies":[{"embeddable":true,"href":"https:\/\/vetk.hu\/en\/wp-json\/wp\/v2\/comments?post=230"}],"version-history":[{"count":6,"href":"https:\/\/vetk.hu\/en\/wp-json\/wp\/v2\/pages\/230\/revisions"}],"predecessor-version":[{"id":423,"href":"https:\/\/vetk.hu\/en\/wp-json\/wp\/v2\/pages\/230\/revisions\/423"}],"wp:attachment":[{"href":"https:\/\/vetk.hu\/en\/wp-json\/wp\/v2\/media?parent=230"}],"curies":[{"name":"wp","href":"https:\/\/api.w.org\/{rel}","templated":true}]}}