{"id":3,"date":"2023-04-06T16:27:27","date_gmt":"2023-04-06T14:27:27","guid":{"rendered":"https:\/\/turisztika.dinosprojekt.com\/?page_id=3"},"modified":"2026-05-04T10:16:22","modified_gmt":"2026-05-04T08:16:22","slug":"adatkezelesi-tajekoztato","status":"publish","type":"page","link":"https:\/\/vetk.hu\/en\/adatkezelesi-tajekoztato\/","title":{"rendered":"Privacy Policy"},"content":{"rendered":"<div data-elementor-type=\"wp-page\" data-elementor-id=\"3\" class=\"elementor elementor-3\" data-elementor-post-type=\"page\">\n\t\t\t\t\t\t<section class=\"elementor-section elementor-top-section elementor-element elementor-element-733e3cc elementor-section-boxed elementor-section-height-default elementor-section-height-default\" data-id=\"733e3cc\" data-element_type=\"section\" data-e-type=\"section\">\n\t\t\t\t\t\t<div class=\"elementor-container elementor-column-gap-default\">\n\t\t\t\t\t<div class=\"elementor-column elementor-col-100 elementor-top-column elementor-element elementor-element-feb73be\" data-id=\"feb73be\" data-element_type=\"column\" data-e-type=\"column\">\n\t\t\t<div class=\"elementor-widget-wrap elementor-element-populated\">\n\t\t\t\t\t\t<div class=\"elementor-element elementor-element-bc4d614 elementor-widget elementor-widget-heading\" data-id=\"bc4d614\" data-element_type=\"widget\" data-e-type=\"widget\" data-widget_type=\"heading.default\">\n\t\t\t\t<div class=\"elementor-widget-container\">\n\t\t\t\t\t<h2 class=\"elementor-heading-title elementor-size-default\">Privacy Policy<\/h2>\t\t\t\t<\/div>\n\t\t\t\t<\/div>\n\t\t\t\t\t<\/div>\n\t\t<\/div>\n\t\t\t\t\t<\/div>\n\t\t<\/section>\n\t\t\t\t<section class=\"elementor-section elementor-top-section elementor-element elementor-element-32444ff elementor-section-boxed elementor-section-height-default elementor-section-height-default\" data-id=\"32444ff\" data-element_type=\"section\" data-e-type=\"section\">\n\t\t\t\t\t\t<div class=\"elementor-container elementor-column-gap-default\">\n\t\t\t\t\t<div class=\"elementor-column elementor-col-100 elementor-top-column elementor-element elementor-element-65aeaf8\" data-id=\"65aeaf8\" data-element_type=\"column\" data-e-type=\"column\">\n\t\t\t<div class=\"elementor-widget-wrap elementor-element-populated\">\n\t\t\t\t\t\t<div class=\"elementor-element elementor-element-8061140 elementor-widget elementor-widget-text-editor\" data-id=\"8061140\" data-element_type=\"widget\" data-e-type=\"widget\" data-widget_type=\"text-editor.default\">\n\t\t\t\t<div class=\"elementor-widget-container\">\n\t\t\t\t\t\t\t\t\t<p style=\"text-align: center;\">Archdiocese of Veszpr\u00e9m<\/p><p style=\"text-align: center;\">Privacy Policy<\/p><p>The handling of personal data is carried out in compliance with applicable legal requirements, while taking all necessary security, technical, and organizational measures to ensure the security of personal data.<\/p><p>The public content of our website can be viewed by anyone without registration or login.<\/p><p>A specific privacy notice regarding registration for events organized by the Archdiocese of Veszpr\u00e9m and its internal units is available on the website at the location indicated.<\/p><ol><li>Name of the data controller<\/li><\/ol><p>Archdiocese of Veszpr\u00e9m (hereinafter: Archdiocese or Data Controller) Headquarters: 8200 Veszpr\u00e9m, V\u00e1r u. 16., postal address: 8201 Veszpr\u00e9m, P.O. Box 109, telephone number: 06-88-426-088; e-mail:titkarsag@veszpremiersekseg.hu<\/p><ol><li>Name and contact information of the Data Protection Officer<\/li><li>Bal\u00e1zs Demeter; jog@veszpermiersekseg.hu, phone number: 06-88-220-542<\/li><li>The purposes of data processing and the scope of personal data processed<\/li><\/ol><p>In accordance with the given contact or case type.<\/p><p>3.1. In the case of visiting the website: Ensuring the proper functioning of the website, distinguishing between the work sessions of users visiting our website, storing the data provided during the visit, and preventing data loss. If cookies are enabled, the operator of the website does not retain any identifiers or passwords.<\/p><p>Personal data processed: the IP address of visitors to the website.<\/p><p>3.2. In the case of contracts entered into by the Archdiocese, the purpose of data processing is to secure the resources and infrastructure necessary for the effective performance of the Archdiocese\u2019s duties, as well as the preparation and conclusion of contracts related to ensuring the Archdiocese\u2019s operational conditions.<\/p><p>Personal data processed: name, phone number, email address, and, in certain cases, personal identification data.<\/p><p>3.3. In the case of job applications, the purpose of data processing is to conduct the process of selecting new employees and to prepare the employment contract.<\/p><p>Personal data processed: name, phone number, email address, personal identification data, school transcripts, resume.<\/p><p>3.4. In the case of registration for and participation in events organized by the Archdiocese or its internal units, the purpose of data processing is to organize the event, record registrants, the successful execution of the Event, and maintaining contact with participants.<\/p><p>Personal data processed: name, phone number, email address, and possibly home address.<\/p><p>Within a specific range of events, the <u>Photographs and video recordings may be taken of the event, in which case the<\/u>Recordings may be made of the data subject. In this case, the purpose of the data processing is to document the event, to provide information about the Event, and to make reports on the Event available to a wide audience of interested parties and to the general public.<\/p><p>Pursuant to Section 2:48(2) of Act V of 2013 on the Civil Code, the consent of the data subject is not required for the creation of a recording or the use of a recording in the case of a mass recording or a recording of a public figure\u2019s appearance in public life.<\/p><p>3.5. In the case of data processing for marketing purposes carried out by the Archdiocese\u2019s internal units: sending program information and promotional materials via email or regular mail regarding exhibitions, events, and special offers, with the aim of raising awareness of and promoting the Archdiocese\u2019s internal units\u2019 services and encouraging their use.<\/p><p>Personal data processed: name, phone number, email address, and possibly home address.<\/p><p>In the case of data processing for marketing purposes, instructions on how to unsubscribe from the newsletter or mailing list will be clearly indicated in the email, or, in the case of other forms of communication, in an appropriate manner consistent with the medium used.<\/p><p>3.6. The purpose of data processing within the security camera surveillance system operating in the Archdiocese\u2019s buildings is to protect life and physical safety, safeguard property, ensure and maintain personal safety, and prevent and provide evidence of unlawful acts.<\/p><p>Personal data processed: a photograph of the data subject.<\/p><p>The Archdiocese stores the recordings for 3 days from the date of recording and automatically deletes them thereafter, unless their use is required in an official proceeding pursuant to a directive from the relevant authority.<\/p><p>Access to the recordings is granted to persons authorized to do so under the relevant regulations of the Archdiocese for the purpose of performing their official duties. \u00a0<\/p><ol start=\"4\"><li>4. Legal basis for Data Processing:<\/li><\/ol><p>Depending on the type of contact or case, the appropriate legal basis defined in the relevant legislation.<\/p><p>4.1. Consent of the data subject\u00a0<\/p><p>Regulation (EU) 2016\/679 of the European Parliament and of the Council on the protection of natural persons with regard to the processing of personal data and on the free movement of such data, and repealing Directive 95\/46\/EC, pursuant to Regulation (EU) 2016\/679 of the European Parliament and of the Council (General Data Protection Regulation) (hereinafter: GDPR), data processing may only take place if the data subject, through a clear affirmative act, such as a written\u2014including electronic\u2014or oral statement, gives their voluntary, specific, informed, and unambiguous consent to the processing of personal data relating to the natural person. Such consent is also deemed to have been given if the data subject checks a box to that effect while viewing a website, as well as any other statement or action that, in the given context, clearly indicates the data subject\u2019s consent to the intended processing of their personal data.<\/p><p>If data processing serves multiple purposes at the same time, consent must be given for all purposes of data processing.<\/p><p>Visiting the website, registering for events, data processing for marketing purposes, and in the case of job applications, the legal basis for data processing is the data subject\u2019s consent pursuant to Article 6(1)(a) of the GDPR.<\/p><p>The provision of personal data included in the application submitted for the position is not based on any legal or contractual obligation, nor is it a prerequisite for entering into a contract; and the applicant is not required to provide this information; however, in such a case, the Archdiocese will not be able to consider the application for the job posting due to the lack of data.<\/p><p>4.2. Legal Basis for the Performance of the Contract\u00a0<\/p><p>In the case of contracts entered into by the Archdiocese, the legal basis for data processing is Article 6(1)(b) of the GDPR, meaning that the processing is necessary for the performance of a contract to which the data subject is a party, or is necessary for taking steps at the data subject\u2019s request prior to entering into a contract.<\/p><p>4.3. Legal basis related to legitimate interests<\/p><p>The legal basis for recording footage from the security camera surveillance system is the legitimate interest of the Archdiocese, pursuant to Article 6(1)(f) of the GDPR.<\/p><p>After taking all circumstances into account, the Archdiocese determined that, in the interest of the safety of persons present in the buildings operated by it and its internal units, the maintenance of order in those buildings, and the protection of property\u2014taking into account the short retention period of the recordings, careful data security measures, and the safeguards ensuring the exercise of the data subject\u2019s rights\u2014the operation of the camera surveillance system is lawful. Based on the results of this assessment, the benefits achievable through data processing overall outweigh any potential disadvantages caused by recording and storage, and do not result in a significant infringement of interests.<\/p><ol start=\"5\"><li>Source of the personal data processed<\/li><\/ol><p>The archdiocese obtains the data from the party contacting it.<\/p><ol start=\"6\"><li>6. Recipients of personal data, or categories of recipients<\/li><\/ol><p>The employees designated for handling the specific matter within the archdiocese, solely for the purpose of performing their job duties.<\/p><p>Depending on the type and necessity of the data processing in question, the Archdiocese may engage a data processor in accordance with applicable laws; further information on this matter can be provided on a case-by-case basis.<\/p><ol start=\"7\"><li>Retention period for personal data\u00a0<\/li><\/ol><p>In the case of contracts, the archdiocese retains the personal data specified in the contract for 8 years following the relevant year in accordance with the provisions of the Accounting Act. In the case of registrations for events, the data is stored for the duration of the event, and if separate consent is given for further communication, until the withdrawal of consent. The handling of CVs submitted for job applications occurs until the advertised position is filled, or until the applicant withdraws their consent to data processing.<\/p><ol start=\"8\"><li>Processing of Minors' Personal Data<\/li><\/ol><p>In the case of minors under the age of 18, consent, authorization, or approval for the processing of the minor\u2019s personal data must be provided by the parent or legal guardian exercising parental authority over the minor.<\/p><ol start=\"9\"><li>Data Security<\/li><\/ol><p>The Data Controller ensures the security of personal data and takes the necessary technical and organizational measures to ensure that the data provided, collected, stored, and processed are protected; furthermore, the Data Controller takes all necessary steps to prevent the destruction, unauthorized use, and unauthorized alteration of such data. The Data Controller shall ensure that access to stored data, whether through an internal system or by direct access, is restricted to authorized persons and is limited solely to the purposes of data processing; ensures the necessary, regular maintenance of the IT equipment used and the appropriate protection of all components of the IT system used with regard to the confidentiality, integrity, and availability of the data.<\/p><ol start=\"10\"><li>8. Rights of the data subject regarding data processing\u00a0<\/li><\/ol><p>8.1. Deadline<\/p><p>The archdiocese will fulfil the request for exercising the data subject's rights within a maximum of 25 days from its receipt. The day of receipt of the request does not count towards this deadline.<\/p><p>10.2. The data subject\u2019s rights related to data processing<\/p><p>10.2.1. Right to access<\/p><p>The data subject is entitled to request information from the archdiocese at the contact details provided in point 1 regarding whether their personal data is being processed, and if so, they have the right to know:<\/p><p>what personal data of theirs is being processed by the archdiocese; on what legal basis; for what purpose of data processing; and for how long it is being processed.<br \/>The archdiocese will provide the data subject with a copy of the personal data forming the subject of data processing free of charge upon the first request, thereafter it may charge a reasonable fee based on administrative costs.<\/p><p>In order to fulfil data security requirements and protect the rights of the data subject, the archdiocese is obliged to ensure that the identity of the data subject and the person exercising the access right match. Therefore, providing information, access to data, and issuing copies of data are subject to the identification of the data subject.<\/p><p>10.2.2. Right to rectification<\/p><p>The data subject can request, through the contact details provided in point 1, that the archdiocese amend any of their personal data. If the data subject can credibly prove the accuracy of the corrected data, the archdiocese will fulfil the request within a maximum of 25 days and notify the data subject at the provided contact details.<\/p><p>10.2.3. Right to data blocking (restriction of processing)<\/p><p>The data subject can request the archdiocese to restrict the processing of their personal data through the contact details provided in point 1 (clearly indicating the restricted nature of processing and ensuring separate handling from other data).<\/p><p>10.2.4. Right to object<\/p><p>The data subject can, at any time, object to the processing of their data for reasons related to their particular situation through the contact details provided in point 1, if they believe that the archdiocese is processing their personal data inappropriately concerning the purpose stated in this privacy policy.<\/p><p>10.2.5. Right to erasure<\/p><p>The data subject can request the archdiocese to erase their personal data through the contact details provided in point 1. The archdiocese will promptly erase the personal data upon the data subject's request if:<\/p><ul><li>the archdiocese no longer needs the personal data for the purposes for which it collected or processed it;<\/li><li>the data subject withdraws their consent, which constitutes the legal basis for data processing, and there is no other legal basis for the data processing;<\/li><li>the data subject objects to the processing of their personal data, and the archdiocese has no overriding legitimate grounds for the processing;<\/li><li>\u00a0the Archdiocese processed personal data unlawfully;<\/li><li>\u00a0the personal data has to be erased for compliance with a legal obligation in Union or Member State<\/li><\/ul><p>law to which the controller is subject<\/p><ol start=\"11\"><li>11. Right to judicial remedy<\/li><\/ol><p>If the data subject believes that the Archdiocese has violated applicable data protection requirements in the processing of their personal data, then:<br \/>\u2013 You may file a complaint with the National Authority for Data Protection and Freedom of Information, address: 1055 Budapest, Falk Miksa Street 9\u201311, P.O. Box: 1363 Budapest, P.O. Box 9, Email: ugyfelszolgalat@naih.hu, website: www.naih.hu), or<\/p><p>\u2013 You have the option of turning to a court to protect your data, which will hear the case on an expedited basis. In this case, you are free to decide whether to file your complaint with the court having jurisdiction over your place of residence (permanent address), your place of stay (temporary address), or the Authority\u2019s headquarters. You can find the court with jurisdiction based on your place of residence or temporary residence at http:\/\/birosag.hu\/ugyfelkapcsolati-portal\/birosag-kereso. Based on the seat of the Archdiocese, the Veszpr\u00e9m Court has jurisdiction over the case.<\/p>\t\t\t\t\t\t\t\t<\/div>\n\t\t\t\t<\/div>\n\t\t\t\t\t<\/div>\n\t\t<\/div>\n\t\t\t\t\t<\/div>\n\t\t<\/section>\n\t\t\t\t<\/div>","protected":false},"excerpt":{"rendered":"<p>Adatkezel\u00e9si t\u00e1j\u00e9koztat\u00f3 Veszpr\u00e9mi F\u0151egyh\u00e1zmegye Adatkezel\u00e9si t\u00e1j\u00e9koztat\u00f3 A szeme\u0301lyes adatok kezele\u0301se a vonatkozo\u0301 jogszaba\u0301lyi elo\u030bi\u0301ra\u0301soknak megfelelo\u030ben to\u0308rte\u0301nik minden olyan biztonsa\u0301gi, technikai e\u0301s szerveze\u0301si inte\u0301zkede\u0301s megte\u0301tele mellett, amely a szeme\u0301lyes adatok biztonsa\u0301ga\u0301t [&hellip;]<\/p>\n","protected":false},"author":1,"featured_media":0,"parent":0,"menu_order":0,"comment_status":"closed","ping_status":"open","template":"elementor_header_footer","meta":{"_acf_changed":false,"_price":"","_stock":"","_tribe_ticket_header":"","_tribe_default_ticket_provider":"","_tribe_ticket_capacity":"0","_ticket_start_date":"","_ticket_end_date":"","_tribe_ticket_show_description":"","_tribe_ticket_show_not_going":false,"_tribe_ticket_use_global_stock":"","_tribe_ticket_global_stock_level":"","_global_stock_mode":"","_global_stock_cap":"","_tribe_rsvp_for_event":"","_tribe_ticket_going_count":"","_tribe_ticket_not_going_count":"","_tribe_tickets_list":"[]","_tribe_ticket_has_attendee_info_fields":false,"footnotes":"","_tec_slr_enabled":"","_tec_slr_layout":""},"class_list":["post-3","page","type-page","status-publish","hentry"],"acf":[],"yoast_head":"<!-- This site is optimized with the Yoast SEO plugin v27.6 - https:\/\/yoast.com\/product\/yoast-seo-wordpress\/ -->\n<title>Adatkezel\u00e9si t\u00e1j\u00e9koztat\u00f3 - Veszpr\u00e9mi \u00c9rseks\u00e9g Turisztikai K\u00f6zpont<\/title>\n<meta name=\"robots\" content=\"index, follow, max-snippet:-1, max-image-preview:large, max-video-preview:-1\" \/>\n<link rel=\"canonical\" href=\"https:\/\/vetk.hu\/en\/adatkezelesi-tajekoztato\/\" \/>\n<meta property=\"og:locale\" content=\"en_GB\" \/>\n<meta property=\"og:type\" content=\"article\" \/>\n<meta property=\"og:title\" content=\"Adatkezel\u00e9si t\u00e1j\u00e9koztat\u00f3 - Veszpr\u00e9mi \u00c9rseks\u00e9g Turisztikai K\u00f6zpont\" \/>\n<meta property=\"og:description\" content=\"Adatkezel\u00e9si t\u00e1j\u00e9koztat\u00f3 Veszpr\u00e9mi F\u0151egyh\u00e1zmegye Adatkezel\u00e9si t\u00e1j\u00e9koztat\u00f3 A szeme\u0301lyes adatok kezele\u0301se a vonatkozo\u0301 jogszaba\u0301lyi elo\u030bi\u0301ra\u0301soknak megfelelo\u030ben to\u0308rte\u0301nik minden olyan biztonsa\u0301gi, technikai e\u0301s szerveze\u0301si inte\u0301zkede\u0301s megte\u0301tele mellett, amely a szeme\u0301lyes adatok biztonsa\u0301ga\u0301t [&hellip;]\" \/>\n<meta property=\"og:url\" content=\"https:\/\/vetk.hu\/en\/adatkezelesi-tajekoztato\/\" \/>\n<meta property=\"og:site_name\" content=\"Veszpr\u00e9mi \u00c9rseks\u00e9g Turisztikai K\u00f6zpont\" \/>\n<meta property=\"article:modified_time\" content=\"2026-05-04T08:16:22+00:00\" \/>\n<meta property=\"og:image\" content=\"https:\/\/vetk.hu\/wp-content\/uploads\/2025\/10\/turisztikai_kozpont-002.png\" \/>\n\t<meta property=\"og:image:width\" content=\"1080\" \/>\n\t<meta property=\"og:image:height\" content=\"1080\" \/>\n\t<meta property=\"og:image:type\" content=\"image\/png\" \/>\n<meta name=\"twitter:card\" content=\"summary_large_image\" \/>\n<meta name=\"twitter:label1\" content=\"Estimated reading time\" \/>\n\t<meta name=\"twitter:data1\" content=\"10 minutes\" \/>\n<script type=\"application\/ld+json\" class=\"yoast-schema-graph\">{\"@context\":\"https:\\\/\\\/schema.org\",\"@graph\":[{\"@type\":\"WebPage\",\"@id\":\"https:\\\/\\\/vetk.hu\\\/adatkezelesi-tajekoztato\\\/\",\"url\":\"https:\\\/\\\/vetk.hu\\\/adatkezelesi-tajekoztato\\\/\",\"name\":\"Adatkezel\u00e9si t\u00e1j\u00e9koztat\u00f3 - Veszpr\u00e9mi \u00c9rseks\u00e9g Turisztikai K\u00f6zpont\",\"isPartOf\":{\"@id\":\"https:\\\/\\\/vetk.hu\\\/#website\"},\"datePublished\":\"2023-04-06T14:27:27+00:00\",\"dateModified\":\"2026-05-04T08:16:22+00:00\",\"breadcrumb\":{\"@id\":\"https:\\\/\\\/vetk.hu\\\/adatkezelesi-tajekoztato\\\/#breadcrumb\"},\"inLanguage\":\"en-GB\",\"potentialAction\":[{\"@type\":\"ReadAction\",\"target\":[\"https:\\\/\\\/vetk.hu\\\/adatkezelesi-tajekoztato\\\/\"]}]},{\"@type\":\"BreadcrumbList\",\"@id\":\"https:\\\/\\\/vetk.hu\\\/adatkezelesi-tajekoztato\\\/#breadcrumb\",\"itemListElement\":[{\"@type\":\"ListItem\",\"position\":1,\"name\":\"Home\",\"item\":\"https:\\\/\\\/vetk.hu\\\/\"},{\"@type\":\"ListItem\",\"position\":2,\"name\":\"Adatkezel\u00e9si t\u00e1j\u00e9koztat\u00f3\"}]},{\"@type\":\"WebSite\",\"@id\":\"https:\\\/\\\/vetk.hu\\\/#website\",\"url\":\"https:\\\/\\\/vetk.hu\\\/\",\"name\":\"Veszpr\u00e9mi \u00c9rseki Turisztikai K\u00f6zpont \u2013 Hit, \u00f6r\u00f6ks\u00e9g, \u00e9lm\u00e9ny | vetk.hu\",\"description\":\"\",\"publisher\":{\"@id\":\"https:\\\/\\\/vetk.hu\\\/#organization\"},\"potentialAction\":[{\"@type\":\"SearchAction\",\"target\":{\"@type\":\"EntryPoint\",\"urlTemplate\":\"https:\\\/\\\/vetk.hu\\\/?s={search_term_string}\"},\"query-input\":{\"@type\":\"PropertyValueSpecification\",\"valueRequired\":true,\"valueName\":\"search_term_string\"}}],\"inLanguage\":\"en-GB\"},{\"@type\":\"Organization\",\"@id\":\"https:\\\/\\\/vetk.hu\\\/#organization\",\"name\":\"Veszpr\u00e9mi \u00c9rseki Turisztikai K\u00f6zpont\",\"url\":\"https:\\\/\\\/vetk.hu\\\/\",\"logo\":{\"@type\":\"ImageObject\",\"inLanguage\":\"en-GB\",\"@id\":\"https:\\\/\\\/vetk.hu\\\/#\\\/schema\\\/logo\\\/image\\\/\",\"url\":\"https:\\\/\\\/vetk.hu\\\/wp-content\\\/uploads\\\/2023\\\/04\\\/cropped-Group-3.png\",\"contentUrl\":\"https:\\\/\\\/vetk.hu\\\/wp-content\\\/uploads\\\/2023\\\/04\\\/cropped-Group-3.png\",\"width\":353,\"height\":338,\"caption\":\"Veszpr\u00e9mi \u00c9rseki Turisztikai K\u00f6zpont\"},\"image\":{\"@id\":\"https:\\\/\\\/vetk.hu\\\/#\\\/schema\\\/logo\\\/image\\\/\"}}]}<\/script>\n<!-- \/ Yoast SEO plugin. -->","yoast_head_json":{"title":"Adatkezel\u00e9si t\u00e1j\u00e9koztat\u00f3 - Veszpr\u00e9mi \u00c9rseks\u00e9g Turisztikai K\u00f6zpont","robots":{"index":"index","follow":"follow","max-snippet":"max-snippet:-1","max-image-preview":"max-image-preview:large","max-video-preview":"max-video-preview:-1"},"canonical":"https:\/\/vetk.hu\/en\/adatkezelesi-tajekoztato\/","og_locale":"en_GB","og_type":"article","og_title":"Adatkezel\u00e9si t\u00e1j\u00e9koztat\u00f3 - Veszpr\u00e9mi \u00c9rseks\u00e9g Turisztikai K\u00f6zpont","og_description":"Adatkezel\u00e9si t\u00e1j\u00e9koztat\u00f3 Veszpr\u00e9mi F\u0151egyh\u00e1zmegye Adatkezel\u00e9si t\u00e1j\u00e9koztat\u00f3 A szeme\u0301lyes adatok kezele\u0301se a vonatkozo\u0301 jogszaba\u0301lyi elo\u030bi\u0301ra\u0301soknak megfelelo\u030ben to\u0308rte\u0301nik minden olyan biztonsa\u0301gi, technikai e\u0301s szerveze\u0301si inte\u0301zkede\u0301s megte\u0301tele mellett, amely a szeme\u0301lyes adatok biztonsa\u0301ga\u0301t [&hellip;]","og_url":"https:\/\/vetk.hu\/en\/adatkezelesi-tajekoztato\/","og_site_name":"Veszpr\u00e9mi \u00c9rseks\u00e9g Turisztikai K\u00f6zpont","article_modified_time":"2026-05-04T08:16:22+00:00","og_image":[{"width":1080,"height":1080,"url":"https:\/\/vetk.hu\/wp-content\/uploads\/2025\/10\/turisztikai_kozpont-002.png","type":"image\/png"}],"twitter_card":"summary_large_image","twitter_misc":{"Estimated reading time":"10 minutes"},"schema":{"@context":"https:\/\/schema.org","@graph":[{"@type":"WebPage","@id":"https:\/\/vetk.hu\/adatkezelesi-tajekoztato\/","url":"https:\/\/vetk.hu\/adatkezelesi-tajekoztato\/","name":"Adatkezel\u00e9si t\u00e1j\u00e9koztat\u00f3 - Veszpr\u00e9mi \u00c9rseks\u00e9g Turisztikai K\u00f6zpont","isPartOf":{"@id":"https:\/\/vetk.hu\/#website"},"datePublished":"2023-04-06T14:27:27+00:00","dateModified":"2026-05-04T08:16:22+00:00","breadcrumb":{"@id":"https:\/\/vetk.hu\/adatkezelesi-tajekoztato\/#breadcrumb"},"inLanguage":"en-GB","potentialAction":[{"@type":"ReadAction","target":["https:\/\/vetk.hu\/adatkezelesi-tajekoztato\/"]}]},{"@type":"BreadcrumbList","@id":"https:\/\/vetk.hu\/adatkezelesi-tajekoztato\/#breadcrumb","itemListElement":[{"@type":"ListItem","position":1,"name":"Home","item":"https:\/\/vetk.hu\/"},{"@type":"ListItem","position":2,"name":"Adatkezel\u00e9si t\u00e1j\u00e9koztat\u00f3"}]},{"@type":"WebSite","@id":"https:\/\/vetk.hu\/#website","url":"https:\/\/vetk.hu\/","name":"Veszpr\u00e9mi \u00c9rseki Turisztikai K\u00f6zpont \u2013 Hit, \u00f6r\u00f6ks\u00e9g, \u00e9lm\u00e9ny | vetk.hu","description":"","publisher":{"@id":"https:\/\/vetk.hu\/#organization"},"potentialAction":[{"@type":"SearchAction","target":{"@type":"EntryPoint","urlTemplate":"https:\/\/vetk.hu\/?s={search_term_string}"},"query-input":{"@type":"PropertyValueSpecification","valueRequired":true,"valueName":"search_term_string"}}],"inLanguage":"en-GB"},{"@type":"Organization","@id":"https:\/\/vetk.hu\/#organization","name":"Veszpr\u00e9mi \u00c9rseki Turisztikai K\u00f6zpont","url":"https:\/\/vetk.hu\/","logo":{"@type":"ImageObject","inLanguage":"en-GB","@id":"https:\/\/vetk.hu\/#\/schema\/logo\/image\/","url":"https:\/\/vetk.hu\/wp-content\/uploads\/2023\/04\/cropped-Group-3.png","contentUrl":"https:\/\/vetk.hu\/wp-content\/uploads\/2023\/04\/cropped-Group-3.png","width":353,"height":338,"caption":"Veszpr\u00e9mi \u00c9rseki Turisztikai K\u00f6zpont"},"image":{"@id":"https:\/\/vetk.hu\/#\/schema\/logo\/image\/"}}]}},"ticketed":false,"_links":{"self":[{"href":"https:\/\/vetk.hu\/en\/wp-json\/wp\/v2\/pages\/3","targetHints":{"allow":["GET"]}}],"collection":[{"href":"https:\/\/vetk.hu\/en\/wp-json\/wp\/v2\/pages"}],"about":[{"href":"https:\/\/vetk.hu\/en\/wp-json\/wp\/v2\/types\/page"}],"author":[{"embeddable":true,"href":"https:\/\/vetk.hu\/en\/wp-json\/wp\/v2\/users\/1"}],"replies":[{"embeddable":true,"href":"https:\/\/vetk.hu\/en\/wp-json\/wp\/v2\/comments?post=3"}],"version-history":[{"count":18,"href":"https:\/\/vetk.hu\/en\/wp-json\/wp\/v2\/pages\/3\/revisions"}],"predecessor-version":[{"id":9797,"href":"https:\/\/vetk.hu\/en\/wp-json\/wp\/v2\/pages\/3\/revisions\/9797"}],"wp:attachment":[{"href":"https:\/\/vetk.hu\/en\/wp-json\/wp\/v2\/media?parent=3"}],"curies":[{"name":"wp","href":"https:\/\/api.w.org\/{rel}","templated":true}]}}