{"id":424,"date":"2023-05-07T09:48:34","date_gmt":"2023-05-07T07:48:34","guid":{"rendered":"https:\/\/turisztika.dinosprojekt.com\/?page_id=424"},"modified":"2023-05-07T10:18:08","modified_gmt":"2023-05-07T08:18:08","slug":"gyalogos-zarandoklat","status":"publish","type":"page","link":"https:\/\/vetk.hu\/en\/gyalogos-zarandoklat\/","title":{"rendered":"Gyalogos zar\u00e1ndoklat"},"content":{"rendered":"<div data-elementor-type=\"wp-page\" data-elementor-id=\"424\" class=\"elementor elementor-424\" data-elementor-post-type=\"page\">\n\t\t\t\t\t\t<section class=\"elementor-section elementor-top-section elementor-element elementor-element-9265aea elementor-section-boxed elementor-section-height-default elementor-section-height-default\" data-id=\"9265aea\" data-element_type=\"section\" data-e-type=\"section\">\n\t\t\t\t\t\t<div class=\"elementor-container elementor-column-gap-default\">\n\t\t\t\t\t<div class=\"elementor-column elementor-col-100 elementor-top-column elementor-element elementor-element-3ea0263\" data-id=\"3ea0263\" data-element_type=\"column\" data-e-type=\"column\">\n\t\t\t<div class=\"elementor-widget-wrap elementor-element-populated\">\n\t\t\t\t\t\t<div class=\"elementor-element elementor-element-b3d3634 elementor-widget elementor-widget-text-editor\" data-id=\"b3d3634\" data-element_type=\"widget\" data-e-type=\"widget\" data-widget_type=\"text-editor.default\">\n\t\t\t\t<div class=\"elementor-widget-container\">\n\t\t\t\t\t\t\t\t\t<p><strong>A Veszpr\u00e9mi F\u0151egyh\u00e1zmegye ter\u00fclet\u00e9n t\u00f6bb nagyobb zar\u00e1ndok\u00fat szakasza is megtal\u00e1lhat\u00f3, amelyek egy\u00e9nileg \u00e9s csoportos szervez\u00e9sben is teljes\u00edthet\u0151k A s\u00e9t\u00e1k alkalm\u00e1val megismerkedhet\u00fcnk az adott ter\u00fclet l\u00e1tnival\u00f3ival \u00e9s t\u00f6rt\u00e9nelm\u00e9vel egyar\u00e1nt.<\/strong><\/p>\t\t\t\t\t\t\t\t<\/div>\n\t\t\t\t<\/div>\n\t\t\t\t\t<\/div>\n\t\t<\/div>\n\t\t\t\t\t<\/div>\n\t\t<\/section>\n\t\t\t\t<section class=\"elementor-section elementor-top-section elementor-element elementor-element-b8f5255 elementor-section-boxed elementor-section-height-default elementor-section-height-default\" data-id=\"b8f5255\" data-element_type=\"section\" data-e-type=\"section\">\n\t\t\t\t\t\t<div class=\"elementor-container elementor-column-gap-default\">\n\t\t\t\t\t<div class=\"elementor-column elementor-col-50 elementor-top-column elementor-element elementor-element-eb7750d\" data-id=\"eb7750d\" data-element_type=\"column\" data-e-type=\"column\">\n\t\t\t<div class=\"elementor-widget-wrap elementor-element-populated\">\n\t\t\t\t\t\t<div class=\"elementor-element elementor-element-24bf17a elementor-widget elementor-widget-image\" data-id=\"24bf17a\" data-element_type=\"widget\" data-e-type=\"widget\" data-widget_type=\"image.default\">\n\t\t\t\t<div class=\"elementor-widget-container\">\n\t\t\t\t\t\t\t\t\t\t\t\t\t\t\t<img fetchpriority=\"high\" decoding=\"async\" width=\"746\" height=\"455\" src=\"https:\/\/vetk.hu\/wp-content\/uploads\/2023\/05\/Maria-ut.jpg\" class=\"attachment-large size-large wp-image-433\" alt=\"\" srcset=\"https:\/\/vetk.hu\/wp-content\/uploads\/2023\/05\/Maria-ut.jpg 746w, https:\/\/vetk.hu\/wp-content\/uploads\/2023\/05\/Maria-ut-300x183.jpg 300w\" sizes=\"(max-width: 746px) 100vw, 746px\" \/>\t\t\t\t\t\t\t\t\t\t\t\t\t\t\t<\/div>\n\t\t\t\t<\/div>\n\t\t\t\t\t<\/div>\n\t\t<\/div>\n\t\t\t\t<div class=\"elementor-column elementor-col-50 elementor-top-column elementor-element elementor-element-7d21e17\" data-id=\"7d21e17\" data-element_type=\"column\" data-e-type=\"column\">\n\t\t\t<div class=\"elementor-widget-wrap elementor-element-populated\">\n\t\t\t\t\t\t<div class=\"elementor-element elementor-element-c7f71eb elementor-widget__width-initial elementor-widget elementor-widget-text-editor\" data-id=\"c7f71eb\" data-element_type=\"widget\" data-e-type=\"widget\" data-widget_type=\"text-editor.default\">\n\t\t\t\t<div class=\"elementor-widget-container\">\n\t\t\t\t\t\t\t\t\t<p>A zar\u00e1ndokutak a b\u00e9kess\u00e9g, szeretet, elm\u00e9ly\u00fcl\u00e9s \u00e9s megnyugv\u00e1s \u00fatjai. Seg\u00edtik a testi, szellemi \u00e9s lelki meg\u00fajul\u00e1st, az elcsendesed\u00e9st.<\/p><p>A <strong>M\u00e1ria-\u00fat<\/strong> a S\u00fcmeg\u2013Balatonalm\u00e1di \u00fatvonalon \u00e9rinti az egyh\u00e1zmegy\u00e9t.<\/p><p>A t\u00fara aj\u00e1nlott id\u0151tartama 3 nap, amely sor\u00e1n barangolhatunk a Balaton Felvid\u00e9k t\u00f6rt\u00e9nelmi romjai, templomai \u00e9s egy\u00e9b l\u00e1tnival\u00f3i k\u00f6z\u00f6tt. <\/p><p>A zar\u00e1ndoklat kiindul\u00f3pontja a S\u00fcmegi v\u00e1r, v\u00e9gpontja a balatonalm\u00e1di Szent Imre Pl\u00e9b\u00e1niatemplom \u00e9s Szent Jobb k\u00e1polna.<\/p><p>Az \u00fatvonalat \u00e9s egy\u00e9b hasznos inform\u00e1ci\u00f3t, valamint a M\u00e1ria-\u00fat tov\u00e1bbi magyarorsz\u00e1gi szakaszait a zar\u00e1ndok\u00fat <a href=\"https:\/\/mariaut.hu\/utvonal\/1581\/Sumeg__Balatonalmadi\" target=\"_blank\" rel=\"noopener\">hivatalos honlapj\u00e1n<\/a> tekintheti meg.<\/p>\t\t\t\t\t\t\t\t<\/div>\n\t\t\t\t<\/div>\n\t\t\t\t\t<\/div>\n\t\t<\/div>\n\t\t\t\t\t<\/div>\n\t\t<\/section>\n\t\t\t\t<section class=\"elementor-section elementor-top-section elementor-element elementor-element-8ee33e7 elementor-section-boxed elementor-section-height-default elementor-section-height-default\" data-id=\"8ee33e7\" data-element_type=\"section\" data-e-type=\"section\">\n\t\t\t\t\t\t<div class=\"elementor-container elementor-column-gap-default\">\n\t\t\t\t\t<div class=\"elementor-column elementor-col-50 elementor-top-column elementor-element elementor-element-d6d73e4\" data-id=\"d6d73e4\" data-element_type=\"column\" data-e-type=\"column\">\n\t\t\t<div class=\"elementor-widget-wrap elementor-element-populated\">\n\t\t\t\t\t\t<div class=\"elementor-element elementor-element-1ea5068 elementor-widget elementor-widget-text-editor\" data-id=\"1ea5068\" data-element_type=\"widget\" data-e-type=\"widget\" data-widget_type=\"text-editor.default\">\n\t\t\t\t<div class=\"elementor-widget-container\">\n\t\t\t\t\t\t\t\t\t<p>A <strong>Szent Jakab-\u00fat<\/strong> (<em>Camino Benedictus<\/em>) magyarorsz\u00e1gi \u00e1ga a haz\u00e1nkban tal\u00e1lhat\u00f3 benc\u00e9s kolostorokat k\u00f6ti \u00f6ssze. A zar\u00e1ndok\u00fat olyan sz\u00e9ps\u00e9gekkel teli t\u00e1jakon vezet \u00e1t egyh\u00e1zmegy\u00e9nkben, mint a Tihanyi-f\u00e9lsziget \u00e9s a Bakony.<\/p><p>A Tihanyt\u00f3l Pannonhalm\u00e1ig tart\u00f3 szakaszon a t\u00far\u00e1z\u00f3k megtekinthetik a tihanyi \u0151slevendul\u00e1st, a v\u00e1szolyi Szent Jakab forr\u00e1st, a nagyv\u00e1zsonyi Kinizsi-v\u00e1rat, a bakonyb\u00e9li benc\u00e9s monostort, valamint a pannonhalmi benc\u00e9s f\u0151ap\u00e1ts\u00e1got.<\/p><p>A zar\u00e1ndok\u00fat tov\u00e1bb haladva, Ausztria ter\u00fclet\u00e9n becsatlakozik az eg\u00e9sz Eur\u00f3p\u00e1t \u00e1t\u00edvel\u0151 Camino de Santiago hivatalos zar\u00e1ndok\u00fatba.<\/p><p>Az \u00fatvonalat \u00e9s egy\u00e9b hasznos inform\u00e1ci\u00f3t, valamint a Szent Jakab \u00fat tov\u00e1bbi magyarorsz\u00e1gi szakaszait a zar\u00e1ndok\u00fat <a href=\"https:\/\/www.szentjakabut.hu\/hu\/a-magyarorszagi-szent-jakab-zarandokutak\/utvonalak-magyarorszagon\/tihany-pannonhalma\" target=\"_blank\" rel=\"noopener\">hivatalos honlapj\u00e1n <\/a>tekintheti meg.<\/p>\t\t\t\t\t\t\t\t<\/div>\n\t\t\t\t<\/div>\n\t\t\t\t\t<\/div>\n\t\t<\/div>\n\t\t\t\t<div class=\"elementor-column elementor-col-50 elementor-top-column elementor-element elementor-element-9acfabf\" data-id=\"9acfabf\" data-element_type=\"column\" data-e-type=\"column\">\n\t\t\t<div class=\"elementor-widget-wrap elementor-element-populated\">\n\t\t\t\t\t\t<div class=\"elementor-element elementor-element-a63bb58 elementor-widget__width-initial elementor-widget elementor-widget-image\" data-id=\"a63bb58\" data-element_type=\"widget\" data-e-type=\"widget\" data-widget_type=\"image.default\">\n\t\t\t\t<div class=\"elementor-widget-container\">\n\t\t\t\t\t\t\t\t\t\t\t\t\t\t\t<img decoding=\"async\" width=\"622\" height=\"489\" src=\"https:\/\/vetk.hu\/wp-content\/uploads\/2023\/05\/SzentJakabUt.png\" class=\"attachment-large size-large wp-image-432\" alt=\"\" srcset=\"https:\/\/vetk.hu\/wp-content\/uploads\/2023\/05\/SzentJakabUt.png 622w, https:\/\/vetk.hu\/wp-content\/uploads\/2023\/05\/SzentJakabUt-300x236.png 300w\" sizes=\"(max-width: 622px) 100vw, 622px\" \/>\t\t\t\t\t\t\t\t\t\t\t\t\t\t\t<\/div>\n\t\t\t\t<\/div>\n\t\t\t\t\t<\/div>\n\t\t<\/div>\n\t\t\t\t\t<\/div>\n\t\t<\/section>\n\t\t\t\t<\/div>","protected":false},"excerpt":{"rendered":"<p>A Veszpr\u00e9mi F\u0151egyh\u00e1zmegye ter\u00fclet\u00e9n t\u00f6bb nagyobb zar\u00e1ndok\u00fat szakasza is megtal\u00e1lhat\u00f3, amelyek egy\u00e9nileg \u00e9s csoportos szervez\u00e9sben is teljes\u00edthet\u0151k A s\u00e9t\u00e1k alkalm\u00e1val megismerkedhet\u00fcnk az adott ter\u00fclet l\u00e1tnival\u00f3ival \u00e9s t\u00f6rt\u00e9nelm\u00e9vel egyar\u00e1nt. A zar\u00e1ndokutak [&hellip;]<\/p>\n","protected":false},"author":1,"featured_media":0,"parent":0,"menu_order":0,"comment_status":"closed","ping_status":"closed","template":"","meta":{"_acf_changed":false,"_price":"","_stock":"","_tribe_ticket_header":"","_tribe_default_ticket_provider":"","_tribe_ticket_capacity":"0","_ticket_start_date":"","_ticket_end_date":"","_tribe_ticket_show_description":"","_tribe_ticket_show_not_going":false,"_tribe_ticket_use_global_stock":"","_tribe_ticket_global_stock_level":"","_global_stock_mode":"","_global_stock_cap":"","_tribe_rsvp_for_event":"","_tribe_ticket_going_count":"","_tribe_ticket_not_going_count":"","_tribe_tickets_list":"[]","_tribe_ticket_has_attendee_info_fields":false,"footnotes":"","_tec_slr_enabled":"","_tec_slr_layout":""},"class_list":["post-424","page","type-page","status-publish","hentry"],"acf":[],"yoast_head":"<!-- This site is optimized with the Yoast SEO plugin v27.3 - https:\/\/yoast.com\/product\/yoast-seo-wordpress\/ -->\n<title>Gyalogos zar\u00e1ndoklat - Veszpr\u00e9mi \u00c9rseks\u00e9g Turisztikai K\u00f6zpont<\/title>\n<meta name=\"robots\" content=\"index, follow, max-snippet:-1, max-image-preview:large, max-video-preview:-1\" \/>\n<link rel=\"canonical\" href=\"https:\/\/vetk.hu\/en\/gyalogos-zarandoklat\/\" \/>\n<meta property=\"og:locale\" content=\"en_GB\" \/>\n<meta property=\"og:type\" content=\"article\" \/>\n<meta property=\"og:title\" content=\"Gyalogos zar\u00e1ndoklat - Veszpr\u00e9mi \u00c9rseks\u00e9g Turisztikai K\u00f6zpont\" \/>\n<meta property=\"og:description\" content=\"A Veszpr\u00e9mi F\u0151egyh\u00e1zmegye ter\u00fclet\u00e9n t\u00f6bb nagyobb zar\u00e1ndok\u00fat szakasza is megtal\u00e1lhat\u00f3, amelyek egy\u00e9nileg \u00e9s csoportos szervez\u00e9sben is teljes\u00edthet\u0151k A s\u00e9t\u00e1k alkalm\u00e1val megismerkedhet\u00fcnk az adott ter\u00fclet l\u00e1tnival\u00f3ival \u00e9s t\u00f6rt\u00e9nelm\u00e9vel egyar\u00e1nt. A zar\u00e1ndokutak [&hellip;]\" \/>\n<meta property=\"og:url\" content=\"https:\/\/vetk.hu\/en\/gyalogos-zarandoklat\/\" \/>\n<meta property=\"og:site_name\" content=\"Veszpr\u00e9mi \u00c9rseks\u00e9g Turisztikai K\u00f6zpont\" \/>\n<meta property=\"article:modified_time\" content=\"2023-05-07T08:18:08+00:00\" \/>\n<meta property=\"og:image\" content=\"http:\/\/vetk.hu\/wp-content\/uploads\/2023\/05\/Maria-ut.jpg\" \/>\n<meta name=\"twitter:card\" content=\"summary_large_image\" \/>\n<meta name=\"twitter:label1\" content=\"Estimated reading time\" \/>\n\t<meta name=\"twitter:data1\" content=\"2 minutes\" \/>\n<script type=\"application\/ld+json\" class=\"yoast-schema-graph\">{\"@context\":\"https:\\\/\\\/schema.org\",\"@graph\":[{\"@type\":\"WebPage\",\"@id\":\"https:\\\/\\\/vetk.hu\\\/gyalogos-zarandoklat\\\/\",\"url\":\"https:\\\/\\\/vetk.hu\\\/gyalogos-zarandoklat\\\/\",\"name\":\"Gyalogos zar\u00e1ndoklat - Veszpr\u00e9mi \u00c9rseks\u00e9g Turisztikai K\u00f6zpont\",\"isPartOf\":{\"@id\":\"https:\\\/\\\/vetk.hu\\\/#website\"},\"primaryImageOfPage\":{\"@id\":\"https:\\\/\\\/vetk.hu\\\/gyalogos-zarandoklat\\\/#primaryimage\"},\"image\":{\"@id\":\"https:\\\/\\\/vetk.hu\\\/gyalogos-zarandoklat\\\/#primaryimage\"},\"thumbnailUrl\":\"http:\\\/\\\/vetk.hu\\\/wp-content\\\/uploads\\\/2023\\\/05\\\/Maria-ut.jpg\",\"datePublished\":\"2023-05-07T07:48:34+00:00\",\"dateModified\":\"2023-05-07T08:18:08+00:00\",\"breadcrumb\":{\"@id\":\"https:\\\/\\\/vetk.hu\\\/gyalogos-zarandoklat\\\/#breadcrumb\"},\"inLanguage\":\"en-GB\",\"potentialAction\":[{\"@type\":\"ReadAction\",\"target\":[\"https:\\\/\\\/vetk.hu\\\/gyalogos-zarandoklat\\\/\"]}]},{\"@type\":\"ImageObject\",\"inLanguage\":\"en-GB\",\"@id\":\"https:\\\/\\\/vetk.hu\\\/gyalogos-zarandoklat\\\/#primaryimage\",\"url\":\"http:\\\/\\\/vetk.hu\\\/wp-content\\\/uploads\\\/2023\\\/05\\\/Maria-ut.jpg\",\"contentUrl\":\"http:\\\/\\\/vetk.hu\\\/wp-content\\\/uploads\\\/2023\\\/05\\\/Maria-ut.jpg\"},{\"@type\":\"BreadcrumbList\",\"@id\":\"https:\\\/\\\/vetk.hu\\\/gyalogos-zarandoklat\\\/#breadcrumb\",\"itemListElement\":[{\"@type\":\"ListItem\",\"position\":1,\"name\":\"Home\",\"item\":\"https:\\\/\\\/vetk.hu\\\/\"},{\"@type\":\"ListItem\",\"position\":2,\"name\":\"Gyalogos zar\u00e1ndoklat\"}]},{\"@type\":\"WebSite\",\"@id\":\"https:\\\/\\\/vetk.hu\\\/#website\",\"url\":\"https:\\\/\\\/vetk.hu\\\/\",\"name\":\"Veszpr\u00e9mi \u00c9rseki Turisztikai K\u00f6zpont \u2013 Hit, \u00f6r\u00f6ks\u00e9g, \u00e9lm\u00e9ny | vetk.hu\",\"description\":\"\",\"publisher\":{\"@id\":\"https:\\\/\\\/vetk.hu\\\/#organization\"},\"potentialAction\":[{\"@type\":\"SearchAction\",\"target\":{\"@type\":\"EntryPoint\",\"urlTemplate\":\"https:\\\/\\\/vetk.hu\\\/?s={search_term_string}\"},\"query-input\":{\"@type\":\"PropertyValueSpecification\",\"valueRequired\":true,\"valueName\":\"search_term_string\"}}],\"inLanguage\":\"en-GB\"},{\"@type\":\"Organization\",\"@id\":\"https:\\\/\\\/vetk.hu\\\/#organization\",\"name\":\"Veszpr\u00e9mi \u00c9rseki Turisztikai K\u00f6zpont\",\"url\":\"https:\\\/\\\/vetk.hu\\\/\",\"logo\":{\"@type\":\"ImageObject\",\"inLanguage\":\"en-GB\",\"@id\":\"https:\\\/\\\/vetk.hu\\\/#\\\/schema\\\/logo\\\/image\\\/\",\"url\":\"https:\\\/\\\/vetk.hu\\\/wp-content\\\/uploads\\\/2023\\\/04\\\/cropped-Group-3.png\",\"contentUrl\":\"https:\\\/\\\/vetk.hu\\\/wp-content\\\/uploads\\\/2023\\\/04\\\/cropped-Group-3.png\",\"width\":353,\"height\":338,\"caption\":\"Veszpr\u00e9mi \u00c9rseki Turisztikai K\u00f6zpont\"},\"image\":{\"@id\":\"https:\\\/\\\/vetk.hu\\\/#\\\/schema\\\/logo\\\/image\\\/\"}}]}<\/script>\n<!-- \/ Yoast SEO plugin. -->","yoast_head_json":{"title":"Gyalogos zar\u00e1ndoklat - Veszpr\u00e9mi \u00c9rseks\u00e9g Turisztikai K\u00f6zpont","robots":{"index":"index","follow":"follow","max-snippet":"max-snippet:-1","max-image-preview":"max-image-preview:large","max-video-preview":"max-video-preview:-1"},"canonical":"https:\/\/vetk.hu\/en\/gyalogos-zarandoklat\/","og_locale":"en_GB","og_type":"article","og_title":"Gyalogos zar\u00e1ndoklat - Veszpr\u00e9mi \u00c9rseks\u00e9g Turisztikai K\u00f6zpont","og_description":"A Veszpr\u00e9mi F\u0151egyh\u00e1zmegye ter\u00fclet\u00e9n t\u00f6bb nagyobb zar\u00e1ndok\u00fat szakasza is megtal\u00e1lhat\u00f3, amelyek egy\u00e9nileg \u00e9s csoportos szervez\u00e9sben is teljes\u00edthet\u0151k A s\u00e9t\u00e1k alkalm\u00e1val megismerkedhet\u00fcnk az adott ter\u00fclet l\u00e1tnival\u00f3ival \u00e9s t\u00f6rt\u00e9nelm\u00e9vel egyar\u00e1nt. A zar\u00e1ndokutak [&hellip;]","og_url":"https:\/\/vetk.hu\/en\/gyalogos-zarandoklat\/","og_site_name":"Veszpr\u00e9mi \u00c9rseks\u00e9g Turisztikai K\u00f6zpont","article_modified_time":"2023-05-07T08:18:08+00:00","og_image":[{"url":"http:\/\/vetk.hu\/wp-content\/uploads\/2023\/05\/Maria-ut.jpg","type":"","width":"","height":""}],"twitter_card":"summary_large_image","twitter_misc":{"Estimated reading time":"2 minutes"},"schema":{"@context":"https:\/\/schema.org","@graph":[{"@type":"WebPage","@id":"https:\/\/vetk.hu\/gyalogos-zarandoklat\/","url":"https:\/\/vetk.hu\/gyalogos-zarandoklat\/","name":"Gyalogos zar\u00e1ndoklat - Veszpr\u00e9mi \u00c9rseks\u00e9g Turisztikai K\u00f6zpont","isPartOf":{"@id":"https:\/\/vetk.hu\/#website"},"primaryImageOfPage":{"@id":"https:\/\/vetk.hu\/gyalogos-zarandoklat\/#primaryimage"},"image":{"@id":"https:\/\/vetk.hu\/gyalogos-zarandoklat\/#primaryimage"},"thumbnailUrl":"http:\/\/vetk.hu\/wp-content\/uploads\/2023\/05\/Maria-ut.jpg","datePublished":"2023-05-07T07:48:34+00:00","dateModified":"2023-05-07T08:18:08+00:00","breadcrumb":{"@id":"https:\/\/vetk.hu\/gyalogos-zarandoklat\/#breadcrumb"},"inLanguage":"en-GB","potentialAction":[{"@type":"ReadAction","target":["https:\/\/vetk.hu\/gyalogos-zarandoklat\/"]}]},{"@type":"ImageObject","inLanguage":"en-GB","@id":"https:\/\/vetk.hu\/gyalogos-zarandoklat\/#primaryimage","url":"http:\/\/vetk.hu\/wp-content\/uploads\/2023\/05\/Maria-ut.jpg","contentUrl":"http:\/\/vetk.hu\/wp-content\/uploads\/2023\/05\/Maria-ut.jpg"},{"@type":"BreadcrumbList","@id":"https:\/\/vetk.hu\/gyalogos-zarandoklat\/#breadcrumb","itemListElement":[{"@type":"ListItem","position":1,"name":"Home","item":"https:\/\/vetk.hu\/"},{"@type":"ListItem","position":2,"name":"Gyalogos zar\u00e1ndoklat"}]},{"@type":"WebSite","@id":"https:\/\/vetk.hu\/#website","url":"https:\/\/vetk.hu\/","name":"Veszpr\u00e9mi \u00c9rseki Turisztikai K\u00f6zpont \u2013 Hit, \u00f6r\u00f6ks\u00e9g, \u00e9lm\u00e9ny | vetk.hu","description":"","publisher":{"@id":"https:\/\/vetk.hu\/#organization"},"potentialAction":[{"@type":"SearchAction","target":{"@type":"EntryPoint","urlTemplate":"https:\/\/vetk.hu\/?s={search_term_string}"},"query-input":{"@type":"PropertyValueSpecification","valueRequired":true,"valueName":"search_term_string"}}],"inLanguage":"en-GB"},{"@type":"Organization","@id":"https:\/\/vetk.hu\/#organization","name":"Veszpr\u00e9mi \u00c9rseki Turisztikai K\u00f6zpont","url":"https:\/\/vetk.hu\/","logo":{"@type":"ImageObject","inLanguage":"en-GB","@id":"https:\/\/vetk.hu\/#\/schema\/logo\/image\/","url":"https:\/\/vetk.hu\/wp-content\/uploads\/2023\/04\/cropped-Group-3.png","contentUrl":"https:\/\/vetk.hu\/wp-content\/uploads\/2023\/04\/cropped-Group-3.png","width":353,"height":338,"caption":"Veszpr\u00e9mi \u00c9rseki Turisztikai K\u00f6zpont"},"image":{"@id":"https:\/\/vetk.hu\/#\/schema\/logo\/image\/"}}]}},"ticketed":false,"_links":{"self":[{"href":"https:\/\/vetk.hu\/en\/wp-json\/wp\/v2\/pages\/424","targetHints":{"allow":["GET"]}}],"collection":[{"href":"https:\/\/vetk.hu\/en\/wp-json\/wp\/v2\/pages"}],"about":[{"href":"https:\/\/vetk.hu\/en\/wp-json\/wp\/v2\/types\/page"}],"author":[{"embeddable":true,"href":"https:\/\/vetk.hu\/en\/wp-json\/wp\/v2\/users\/1"}],"replies":[{"embeddable":true,"href":"https:\/\/vetk.hu\/en\/wp-json\/wp\/v2\/comments?post=424"}],"version-history":[{"count":4,"href":"https:\/\/vetk.hu\/en\/wp-json\/wp\/v2\/pages\/424\/revisions"}],"predecessor-version":[{"id":436,"href":"https:\/\/vetk.hu\/en\/wp-json\/wp\/v2\/pages\/424\/revisions\/436"}],"wp:attachment":[{"href":"https:\/\/vetk.hu\/en\/wp-json\/wp\/v2\/media?parent=424"}],"curies":[{"name":"wp","href":"https:\/\/api.w.org\/{rel}","templated":true}]}}