{"id":443,"date":"2023-05-07T11:20:39","date_gmt":"2023-05-07T09:20:39","guid":{"rendered":"https:\/\/turisztika.dinosprojekt.com\/?page_id=443"},"modified":"2023-05-07T13:25:35","modified_gmt":"2023-05-07T11:25:35","slug":"taborhelyek","status":"publish","type":"page","link":"https:\/\/vetk.hu\/en\/taborhelyek\/","title":{"rendered":"T\u00e1borhelyek"},"content":{"rendered":"<div data-elementor-type=\"wp-page\" data-elementor-id=\"443\" class=\"elementor elementor-443\" data-elementor-post-type=\"page\">\n\t\t\t\t\t\t<section class=\"elementor-section elementor-top-section elementor-element elementor-element-31b3706 elementor-section-boxed elementor-section-height-default elementor-section-height-default\" data-id=\"31b3706\" data-element_type=\"section\" data-e-type=\"section\">\n\t\t\t\t\t\t<div class=\"elementor-container elementor-column-gap-default\">\n\t\t\t\t\t<div class=\"elementor-column elementor-col-100 elementor-top-column elementor-element elementor-element-af52dc0\" data-id=\"af52dc0\" data-element_type=\"column\" data-e-type=\"column\">\n\t\t\t<div class=\"elementor-widget-wrap elementor-element-populated\">\n\t\t\t\t\t\t<div class=\"elementor-element elementor-element-8c37413 elementor-widget elementor-widget-text-editor\" data-id=\"8c37413\" data-element_type=\"widget\" data-e-type=\"widget\" data-widget_type=\"text-editor.default\">\n\t\t\t\t<div class=\"elementor-widget-container\">\n\t\t\t\t\t\t\t\t\t<p><strong>A Veszpr\u00e9mi F\u0151egyh\u00e1zmegye Balaton k\u00f6zel\u00e9ben tal\u00e1lhat\u00f3 ifj\u00fas\u00e1gi t\u00e1borai kiv\u00e1l\u00f3 lehet\u0151s\u00e9get k\u00edn\u00e1lnak iskol\u00e1s gyerekek, fiatalok t\u00e1boroztat\u00e1s\u00e1ra, ugyanakkor egy\u00e9b k\u00f6z\u00f6ss\u00e9gek, csal\u00e1dok sz\u00e1m\u00e1ra is megtemetik a kellemes\u00a0 kikapcsol\u00f3d\u00e1s lehet\u0151s\u00e9g\u00e9t.<\/strong><\/p><p>A t\u00e1borhelyek a Veszpr\u00e9mi F\u0151egyh\u00e1zmegye pl\u00e9b\u00e1ni\u00e1ir\u00f3l \u00e9s katolikus iskol\u00e1ib\u00f3l \u00e9rkez\u0151 csoportok sz\u00e1m\u00e1ra kiemelten kedvezm\u00e9nyes felt\u00e9telekkel foglalhat\u00f3k. Az iskolai \u00e9s pl\u00e9b\u00e1niai csoportokon t\u00fal szeretettel v\u00e1rjuk az egyh\u00e1zmegye ter\u00fclet\u00e9r\u0151l vagy azon t\u00falr\u00f3l \u00e9rkez\u0151 egyh\u00e1zi csoportokat, csal\u00e1dokat, illetve egy\u00e9b k\u00f6z\u00f6ss\u00e9geket \u00e9s vend\u00e9geket is. <strong><br \/><\/strong><\/p>\t\t\t\t\t\t\t\t<\/div>\n\t\t\t\t<\/div>\n\t\t\t\t\t<\/div>\n\t\t<\/div>\n\t\t\t\t\t<\/div>\n\t\t<\/section>\n\t\t\t\t<section class=\"elementor-section elementor-top-section elementor-element elementor-element-6914110 elementor-section-boxed elementor-section-height-default elementor-section-height-default\" data-id=\"6914110\" data-element_type=\"section\" data-e-type=\"section\">\n\t\t\t\t\t\t<div class=\"elementor-container elementor-column-gap-default\">\n\t\t\t\t\t<div class=\"elementor-column elementor-col-50 elementor-top-column elementor-element elementor-element-18e60e1\" data-id=\"18e60e1\" data-element_type=\"column\" data-e-type=\"column\">\n\t\t\t<div class=\"elementor-widget-wrap elementor-element-populated\">\n\t\t\t\t\t\t<div class=\"elementor-element elementor-element-97b8db5 elementor-widget elementor-widget-image\" data-id=\"97b8db5\" data-element_type=\"widget\" data-e-type=\"widget\" data-widget_type=\"image.default\">\n\t\t\t\t<div class=\"elementor-widget-container\">\n\t\t\t\t\t\t\t\t\t\t\t\t\t\t\t<img decoding=\"async\" src=\"https:\/\/vetk.hu\/wp-content\/plugins\/elementor\/assets\/images\/placeholder.png\" title=\"\" alt=\"\" loading=\"lazy\" \/>\t\t\t\t\t\t\t\t\t\t\t\t\t\t\t<\/div>\n\t\t\t\t<\/div>\n\t\t\t\t\t<\/div>\n\t\t<\/div>\n\t\t\t\t<div class=\"elementor-column elementor-col-50 elementor-top-column elementor-element elementor-element-0f756bd\" data-id=\"0f756bd\" data-element_type=\"column\" data-e-type=\"column\">\n\t\t\t<div class=\"elementor-widget-wrap elementor-element-populated\">\n\t\t\t\t\t\t<div class=\"elementor-element elementor-element-b166e31 elementor-widget elementor-widget-image\" data-id=\"b166e31\" data-element_type=\"widget\" data-e-type=\"widget\" data-widget_type=\"image.default\">\n\t\t\t\t<div class=\"elementor-widget-container\">\n\t\t\t\t\t\t\t\t\t\t\t\t\t\t\t<img decoding=\"async\" src=\"https:\/\/vetk.hu\/wp-content\/plugins\/elementor\/assets\/images\/placeholder.png\" title=\"\" alt=\"\" loading=\"lazy\" \/>\t\t\t\t\t\t\t\t\t\t\t\t\t\t\t<\/div>\n\t\t\t\t<\/div>\n\t\t\t\t\t<\/div>\n\t\t<\/div>\n\t\t\t\t\t<\/div>\n\t\t<\/section>\n\t\t\t\t<\/div>","protected":false},"excerpt":{"rendered":"<p>A Veszpr\u00e9mi F\u0151egyh\u00e1zmegye Balaton k\u00f6zel\u00e9ben tal\u00e1lhat\u00f3 ifj\u00fas\u00e1gi t\u00e1borai kiv\u00e1l\u00f3 lehet\u0151s\u00e9get k\u00edn\u00e1lnak iskol\u00e1s gyerekek, fiatalok t\u00e1boroztat\u00e1s\u00e1ra, ugyanakkor egy\u00e9b k\u00f6z\u00f6ss\u00e9gek, csal\u00e1dok sz\u00e1m\u00e1ra is megtemetik a kellemes\u00a0 kikapcsol\u00f3d\u00e1s lehet\u0151s\u00e9g\u00e9t. A t\u00e1borhelyek a Veszpr\u00e9mi [&hellip;]<\/p>\n","protected":false},"author":1,"featured_media":0,"parent":0,"menu_order":0,"comment_status":"closed","ping_status":"closed","template":"","meta":{"_acf_changed":false,"_price":"","_stock":"","_tribe_ticket_header":"","_tribe_default_ticket_provider":"","_tribe_ticket_capacity":"0","_ticket_start_date":"","_ticket_end_date":"","_tribe_ticket_show_description":"","_tribe_ticket_show_not_going":false,"_tribe_ticket_use_global_stock":"","_tribe_ticket_global_stock_level":"","_global_stock_mode":"","_global_stock_cap":"","_tribe_rsvp_for_event":"","_tribe_ticket_going_count":"","_tribe_ticket_not_going_count":"","_tribe_tickets_list":"[]","_tribe_ticket_has_attendee_info_fields":false,"footnotes":"","_tec_slr_enabled":"","_tec_slr_layout":""},"class_list":["post-443","page","type-page","status-publish","hentry"],"acf":[],"yoast_head":"<!-- This site is optimized with the Yoast SEO plugin v27.3 - https:\/\/yoast.com\/product\/yoast-seo-wordpress\/ -->\n<title>T\u00e1borhelyek - Veszpr\u00e9mi \u00c9rseks\u00e9g Turisztikai K\u00f6zpont<\/title>\n<meta name=\"robots\" content=\"index, follow, max-snippet:-1, max-image-preview:large, max-video-preview:-1\" \/>\n<link rel=\"canonical\" href=\"https:\/\/vetk.hu\/en\/taborhelyek\/\" \/>\n<meta property=\"og:locale\" content=\"en_GB\" \/>\n<meta property=\"og:type\" content=\"article\" \/>\n<meta property=\"og:title\" content=\"T\u00e1borhelyek - Veszpr\u00e9mi \u00c9rseks\u00e9g Turisztikai K\u00f6zpont\" \/>\n<meta property=\"og:description\" content=\"A Veszpr\u00e9mi F\u0151egyh\u00e1zmegye Balaton k\u00f6zel\u00e9ben tal\u00e1lhat\u00f3 ifj\u00fas\u00e1gi t\u00e1borai kiv\u00e1l\u00f3 lehet\u0151s\u00e9get k\u00edn\u00e1lnak iskol\u00e1s gyerekek, fiatalok t\u00e1boroztat\u00e1s\u00e1ra, ugyanakkor egy\u00e9b k\u00f6z\u00f6ss\u00e9gek, csal\u00e1dok sz\u00e1m\u00e1ra is megtemetik a kellemes\u00a0 kikapcsol\u00f3d\u00e1s lehet\u0151s\u00e9g\u00e9t. A t\u00e1borhelyek a Veszpr\u00e9mi [&hellip;]\" \/>\n<meta property=\"og:url\" content=\"https:\/\/vetk.hu\/en\/taborhelyek\/\" \/>\n<meta property=\"og:site_name\" content=\"Veszpr\u00e9mi \u00c9rseks\u00e9g Turisztikai K\u00f6zpont\" \/>\n<meta property=\"article:modified_time\" content=\"2023-05-07T11:25:35+00:00\" \/>\n<meta property=\"og:image\" content=\"http:\/\/vetk.hu\/wp-content\/plugins\/elementor\/assets\/images\/placeholder.png\" \/>\n<meta name=\"twitter:card\" content=\"summary_large_image\" \/>\n<meta name=\"twitter:label1\" content=\"Estimated reading time\" \/>\n\t<meta name=\"twitter:data1\" content=\"1 minute\" \/>\n<script type=\"application\/ld+json\" class=\"yoast-schema-graph\">{\"@context\":\"https:\\\/\\\/schema.org\",\"@graph\":[{\"@type\":\"WebPage\",\"@id\":\"https:\\\/\\\/vetk.hu\\\/taborhelyek\\\/\",\"url\":\"https:\\\/\\\/vetk.hu\\\/taborhelyek\\\/\",\"name\":\"T\u00e1borhelyek - Veszpr\u00e9mi \u00c9rseks\u00e9g Turisztikai K\u00f6zpont\",\"isPartOf\":{\"@id\":\"https:\\\/\\\/vetk.hu\\\/#website\"},\"primaryImageOfPage\":{\"@id\":\"https:\\\/\\\/vetk.hu\\\/taborhelyek\\\/#primaryimage\"},\"image\":{\"@id\":\"https:\\\/\\\/vetk.hu\\\/taborhelyek\\\/#primaryimage\"},\"thumbnailUrl\":\"http:\\\/\\\/vetk.hu\\\/wp-content\\\/plugins\\\/elementor\\\/assets\\\/images\\\/placeholder.png\",\"datePublished\":\"2023-05-07T09:20:39+00:00\",\"dateModified\":\"2023-05-07T11:25:35+00:00\",\"breadcrumb\":{\"@id\":\"https:\\\/\\\/vetk.hu\\\/taborhelyek\\\/#breadcrumb\"},\"inLanguage\":\"en-GB\",\"potentialAction\":[{\"@type\":\"ReadAction\",\"target\":[\"https:\\\/\\\/vetk.hu\\\/taborhelyek\\\/\"]}]},{\"@type\":\"ImageObject\",\"inLanguage\":\"en-GB\",\"@id\":\"https:\\\/\\\/vetk.hu\\\/taborhelyek\\\/#primaryimage\",\"url\":\"http:\\\/\\\/vetk.hu\\\/wp-content\\\/plugins\\\/elementor\\\/assets\\\/images\\\/placeholder.png\",\"contentUrl\":\"http:\\\/\\\/vetk.hu\\\/wp-content\\\/plugins\\\/elementor\\\/assets\\\/images\\\/placeholder.png\"},{\"@type\":\"BreadcrumbList\",\"@id\":\"https:\\\/\\\/vetk.hu\\\/taborhelyek\\\/#breadcrumb\",\"itemListElement\":[{\"@type\":\"ListItem\",\"position\":1,\"name\":\"Home\",\"item\":\"https:\\\/\\\/vetk.hu\\\/\"},{\"@type\":\"ListItem\",\"position\":2,\"name\":\"T\u00e1borhelyek\"}]},{\"@type\":\"WebSite\",\"@id\":\"https:\\\/\\\/vetk.hu\\\/#website\",\"url\":\"https:\\\/\\\/vetk.hu\\\/\",\"name\":\"Veszpr\u00e9mi \u00c9rseki Turisztikai K\u00f6zpont \u2013 Hit, \u00f6r\u00f6ks\u00e9g, \u00e9lm\u00e9ny | vetk.hu\",\"description\":\"\",\"publisher\":{\"@id\":\"https:\\\/\\\/vetk.hu\\\/#organization\"},\"potentialAction\":[{\"@type\":\"SearchAction\",\"target\":{\"@type\":\"EntryPoint\",\"urlTemplate\":\"https:\\\/\\\/vetk.hu\\\/?s={search_term_string}\"},\"query-input\":{\"@type\":\"PropertyValueSpecification\",\"valueRequired\":true,\"valueName\":\"search_term_string\"}}],\"inLanguage\":\"en-GB\"},{\"@type\":\"Organization\",\"@id\":\"https:\\\/\\\/vetk.hu\\\/#organization\",\"name\":\"Veszpr\u00e9mi \u00c9rseki Turisztikai K\u00f6zpont\",\"url\":\"https:\\\/\\\/vetk.hu\\\/\",\"logo\":{\"@type\":\"ImageObject\",\"inLanguage\":\"en-GB\",\"@id\":\"https:\\\/\\\/vetk.hu\\\/#\\\/schema\\\/logo\\\/image\\\/\",\"url\":\"https:\\\/\\\/vetk.hu\\\/wp-content\\\/uploads\\\/2023\\\/04\\\/cropped-Group-3.png\",\"contentUrl\":\"https:\\\/\\\/vetk.hu\\\/wp-content\\\/uploads\\\/2023\\\/04\\\/cropped-Group-3.png\",\"width\":353,\"height\":338,\"caption\":\"Veszpr\u00e9mi \u00c9rseki Turisztikai K\u00f6zpont\"},\"image\":{\"@id\":\"https:\\\/\\\/vetk.hu\\\/#\\\/schema\\\/logo\\\/image\\\/\"}}]}<\/script>\n<!-- \/ Yoast SEO plugin. -->","yoast_head_json":{"title":"T\u00e1borhelyek - Veszpr\u00e9mi \u00c9rseks\u00e9g Turisztikai K\u00f6zpont","robots":{"index":"index","follow":"follow","max-snippet":"max-snippet:-1","max-image-preview":"max-image-preview:large","max-video-preview":"max-video-preview:-1"},"canonical":"https:\/\/vetk.hu\/en\/taborhelyek\/","og_locale":"en_GB","og_type":"article","og_title":"T\u00e1borhelyek - Veszpr\u00e9mi \u00c9rseks\u00e9g Turisztikai K\u00f6zpont","og_description":"A Veszpr\u00e9mi F\u0151egyh\u00e1zmegye Balaton k\u00f6zel\u00e9ben tal\u00e1lhat\u00f3 ifj\u00fas\u00e1gi t\u00e1borai kiv\u00e1l\u00f3 lehet\u0151s\u00e9get k\u00edn\u00e1lnak iskol\u00e1s gyerekek, fiatalok t\u00e1boroztat\u00e1s\u00e1ra, ugyanakkor egy\u00e9b k\u00f6z\u00f6ss\u00e9gek, csal\u00e1dok sz\u00e1m\u00e1ra is megtemetik a kellemes\u00a0 kikapcsol\u00f3d\u00e1s lehet\u0151s\u00e9g\u00e9t. A t\u00e1borhelyek a Veszpr\u00e9mi [&hellip;]","og_url":"https:\/\/vetk.hu\/en\/taborhelyek\/","og_site_name":"Veszpr\u00e9mi \u00c9rseks\u00e9g Turisztikai K\u00f6zpont","article_modified_time":"2023-05-07T11:25:35+00:00","og_image":[{"url":"http:\/\/vetk.hu\/wp-content\/plugins\/elementor\/assets\/images\/placeholder.png","type":"","width":"","height":""}],"twitter_card":"summary_large_image","twitter_misc":{"Estimated reading time":"1 minute"},"schema":{"@context":"https:\/\/schema.org","@graph":[{"@type":"WebPage","@id":"https:\/\/vetk.hu\/taborhelyek\/","url":"https:\/\/vetk.hu\/taborhelyek\/","name":"T\u00e1borhelyek - Veszpr\u00e9mi \u00c9rseks\u00e9g Turisztikai K\u00f6zpont","isPartOf":{"@id":"https:\/\/vetk.hu\/#website"},"primaryImageOfPage":{"@id":"https:\/\/vetk.hu\/taborhelyek\/#primaryimage"},"image":{"@id":"https:\/\/vetk.hu\/taborhelyek\/#primaryimage"},"thumbnailUrl":"http:\/\/vetk.hu\/wp-content\/plugins\/elementor\/assets\/images\/placeholder.png","datePublished":"2023-05-07T09:20:39+00:00","dateModified":"2023-05-07T11:25:35+00:00","breadcrumb":{"@id":"https:\/\/vetk.hu\/taborhelyek\/#breadcrumb"},"inLanguage":"en-GB","potentialAction":[{"@type":"ReadAction","target":["https:\/\/vetk.hu\/taborhelyek\/"]}]},{"@type":"ImageObject","inLanguage":"en-GB","@id":"https:\/\/vetk.hu\/taborhelyek\/#primaryimage","url":"http:\/\/vetk.hu\/wp-content\/plugins\/elementor\/assets\/images\/placeholder.png","contentUrl":"http:\/\/vetk.hu\/wp-content\/plugins\/elementor\/assets\/images\/placeholder.png"},{"@type":"BreadcrumbList","@id":"https:\/\/vetk.hu\/taborhelyek\/#breadcrumb","itemListElement":[{"@type":"ListItem","position":1,"name":"Home","item":"https:\/\/vetk.hu\/"},{"@type":"ListItem","position":2,"name":"T\u00e1borhelyek"}]},{"@type":"WebSite","@id":"https:\/\/vetk.hu\/#website","url":"https:\/\/vetk.hu\/","name":"Veszpr\u00e9mi \u00c9rseki Turisztikai K\u00f6zpont \u2013 Hit, \u00f6r\u00f6ks\u00e9g, \u00e9lm\u00e9ny | vetk.hu","description":"","publisher":{"@id":"https:\/\/vetk.hu\/#organization"},"potentialAction":[{"@type":"SearchAction","target":{"@type":"EntryPoint","urlTemplate":"https:\/\/vetk.hu\/?s={search_term_string}"},"query-input":{"@type":"PropertyValueSpecification","valueRequired":true,"valueName":"search_term_string"}}],"inLanguage":"en-GB"},{"@type":"Organization","@id":"https:\/\/vetk.hu\/#organization","name":"Veszpr\u00e9mi \u00c9rseki Turisztikai K\u00f6zpont","url":"https:\/\/vetk.hu\/","logo":{"@type":"ImageObject","inLanguage":"en-GB","@id":"https:\/\/vetk.hu\/#\/schema\/logo\/image\/","url":"https:\/\/vetk.hu\/wp-content\/uploads\/2023\/04\/cropped-Group-3.png","contentUrl":"https:\/\/vetk.hu\/wp-content\/uploads\/2023\/04\/cropped-Group-3.png","width":353,"height":338,"caption":"Veszpr\u00e9mi \u00c9rseki Turisztikai K\u00f6zpont"},"image":{"@id":"https:\/\/vetk.hu\/#\/schema\/logo\/image\/"}}]}},"ticketed":false,"_links":{"self":[{"href":"https:\/\/vetk.hu\/en\/wp-json\/wp\/v2\/pages\/443","targetHints":{"allow":["GET"]}}],"collection":[{"href":"https:\/\/vetk.hu\/en\/wp-json\/wp\/v2\/pages"}],"about":[{"href":"https:\/\/vetk.hu\/en\/wp-json\/wp\/v2\/types\/page"}],"author":[{"embeddable":true,"href":"https:\/\/vetk.hu\/en\/wp-json\/wp\/v2\/users\/1"}],"replies":[{"embeddable":true,"href":"https:\/\/vetk.hu\/en\/wp-json\/wp\/v2\/comments?post=443"}],"version-history":[{"count":6,"href":"https:\/\/vetk.hu\/en\/wp-json\/wp\/v2\/pages\/443\/revisions"}],"predecessor-version":[{"id":454,"href":"https:\/\/vetk.hu\/en\/wp-json\/wp\/v2\/pages\/443\/revisions\/454"}],"wp:attachment":[{"href":"https:\/\/vetk.hu\/en\/wp-json\/wp\/v2\/media?parent=443"}],"curies":[{"name":"wp","href":"https:\/\/api.w.org\/{rel}","templated":true}]}}