{"id":6325,"date":"2025-11-10T11:44:59","date_gmt":"2025-11-10T10:44:59","guid":{"rendered":"https:\/\/vetk.hu\/?page_id=6325"},"modified":"2026-03-09T14:35:10","modified_gmt":"2026-03-09T13:35:10","slug":"jegyekkel-es-jegyvasarlassal-kapcsolatos-tovabbi-informaciok","status":"publish","type":"page","link":"https:\/\/vetk.hu\/en\/jegyekkel-es-jegyvasarlassal-kapcsolatos-tovabbi-informaciok\/","title":{"rendered":"Further information about tickets and ticket purchases"},"content":{"rendered":"<div data-elementor-type=\"wp-page\" data-elementor-id=\"6325\" class=\"elementor elementor-6325\" data-elementor-post-type=\"page\">\n\t\t\t\t\t\t<section class=\"elementor-section elementor-top-section elementor-element elementor-element-d48545f elementor-section-boxed elementor-section-height-default elementor-section-height-default\" data-id=\"d48545f\" data-element_type=\"section\" data-e-type=\"section\">\n\t\t\t\t\t\t<div class=\"elementor-container elementor-column-gap-default\">\n\t\t\t\t\t<div class=\"elementor-column elementor-col-100 elementor-top-column elementor-element elementor-element-116e2db\" data-id=\"116e2db\" data-element_type=\"column\" data-e-type=\"column\">\n\t\t\t<div class=\"elementor-widget-wrap elementor-element-populated\">\n\t\t\t\t\t\t<div class=\"elementor-element elementor-element-4d992c1 elementor-widget__width-initial elementor-widget elementor-widget-html\" data-id=\"4d992c1\" data-element_type=\"widget\" data-e-type=\"widget\" data-widget_type=\"html.default\">\n\t\t\t\t<div class=\"elementor-widget-container\">\n\t\t\t\t\t<!-- VETK inform\u00e1ci\u00f3s blokk \u2014 Georgia + Oxford z\u00f6ld -->\r\n<section class=\"vetk-info-block\" aria-label=\"L\u00e1togat\u00f3i inform\u00e1ci\u00f3k\">\r\n  <p class=\"vetk-valid\"><strong>Valid from November 8, 2025.<\/strong><\/p>\r\n\r\n  <div class=\"vetk-intro\">\r\n    <p>\r\n      <strong>The Cathedral of St. Michael<\/strong> It can be viewed without purchasing a ticket, but visiting hours and guided tours may be affected by Mass schedules and other liturgical events\u2014please take this into consideration. The cathedral's vestibule is open to the public during opening hours and is open to anyone for spiritual reflection and prayer.\r\n    <\/p>\r\n  <\/div>\r\n\r\n  <h3 class=\"vetk-heading\">Dear Visitors!<\/h3>\r\n  <p class=\"vetk-text\">In order to ensure the popularity of our buildings and tours, and to provide you with high-quality, visitor-friendly service, please kindly <strong>Groups of more than 20 people must be registered in advance.<\/strong>.<\/p>\r\n  We also offer guided tours in English and German for pre-registered groups. This service is available for a 50% surcharge, which visitors pay per person.\r\n\r\n  <p class=\"vetk-emph\">Guided tours can only be attended with a valid ticket.<\/p>\r\n\r\n  <h4 class=\"vetk-subheading\">Terms and conditions of participation<\/h4>\r\n  <ul class=\"vetk-list\">\r\n    <li>Visits are possible by appointment or depending on advertised availability.<\/li>\r\n    <li>Comfortable, sporty clothing and closed shoes are required. <strong>Everyone participates<\/strong> in the tour at their own risk.<\/li>\r\n    <li>Only persons over <strong>the age of 14<\/strong> may apply for guided tours. \r\n    <li>Please arrive <strong>10 minutes before<\/strong> the tour starts.<\/li>\r\n  <\/ul>\r\n\r\n  <h4 class=\"vetk-subheading\">Ticket Types (in brief)<\/h4>\r\n  <p class=\"vetk-text\"><strong>Student, senior citizen ticket:<\/strong> Student tickets are available for ages 6\u201326 upon presentation of a student ID. Senior tickets are available for those aged 62 and older upon presentation of a valid ID.<\/p>\r\n\r\n  <p class=\"vetk-text\"><strong>Family ticket:<\/strong> Valid for at least 1 adult and at least 1 child (children up to 18 years of age).<\/p>\r\n\r\n  <p class=\"vetk-text\"><strong>Group ticket:<\/strong> Available for groups of 15 or more. For guided tours, the maximum group size is 25 people\u2014advance notice is required for groups of more than 25.<\/p>\r\n\r\n  <p class=\"vetk-text\"><strong>Pilgrim Ticket:<\/strong> For Catholic parish groups and Catholic educational institutions. A letter of recommendation from the parish priest, bearing the parish seal, is required upon submission.<\/p>\r\n\r\n  <h4 class=\"vetk-subheading\">Payment Methods &amp; Ticket Purchases<\/h4>\r\n  <p class=\"vetk-text\">Tickets purchased at the box office can be paid for with cash, credit cards, and SZ\u00c9P cards (MKB, OTP, K&amp;H). Prices are listed in Hungarian forints and include VAT.<\/p>\r\n\r\n  <p class=\"vetk-text\">The admission ticket includes the right to take photos and videos; however, these recordings may not be sold commercially. <strong>Photography without a flash<\/strong> is permitted.<\/p>\r\n\r\n  <p class=\"vetk-note\"><em>We reserve the right to make changes to the program.<\/em><\/p>\r\n\r\n  <h4 class=\"vetk-subheading\">Hours of Operation<\/h4>\r\n  <div class=\"vetk-times\">\r\n    <p><strong>Exhibition:<\/strong><br>\r\n      Monday: Closed<br>\r\n      Tuesday\u2013Sunday: 10:00 a.m.\u20136:00 p.m.\r\n    <\/p>\r\n\r\n    <p><strong>Guided Castle Tours:<\/strong><br>\r\n      Saturday\u2013Sunday: 11:30 a.m.; 2:00 p.m.; 4:00 p.m.\r\n    <\/p>\r\n\r\n    <p><strong>Gift Shop<\/strong><br>\r\n      Saturday\u2013Sunday: 10:00 a.m.\u20136:00 p.m.\r\n    <\/p>\r\n  <\/div>\r\n\r\n  <p class=\"vetk-welcome\">We warmly welcome you to the Veszpr\u00e9m Castle Quarter!<\/p>\r\n\r\n  <address class=\"vetk-contact\">\r\n    <strong>Contact us:<\/strong><br>\r\n    Tel.: <a href=\"tel:+36205602010\">+36 20 560 20 10<\/a><br>\r\n    Email: <a href=\"mailto:turizmus@veszpremersekseg.hu\">turizmus@veszpremiersekseg.hu<\/a>\r\n  <\/address>\r\n<\/section>\r\n\t\t\t\t<\/div>\n\t\t\t\t<\/div>\n\t\t\t\t\t<\/div>\n\t\t<\/div>\n\t\t\t\t\t<\/div>\n\t\t<\/section>\n\t\t\t\t<\/div>","protected":false},"excerpt":{"rendered":"<p>\u00c9rv\u00e9nyes: 2025. november 8-t\u00f3l. A Szent Mih\u00e1ly F\u0151sz\u00e9kesegyh\u00e1z bel\u00e9p\u0151jegy megv\u00e1lt\u00e1sa n\u00e9lk\u00fcl tekinthet\u0151 meg, azonban a l\u00e1togat\u00e1si rendet \u00e9s a Vezetett V\u00e1rs\u00e9t\u00e1kat a miserendek \u00e9s egy\u00e9b liturgikus esem\u00e9nyek befoly\u00e1solhatj\u00e1k \u2014 k\u00e9rj\u00fck [&hellip;]<\/p>\n","protected":false},"author":5,"featured_media":0,"parent":0,"menu_order":0,"comment_status":"closed","ping_status":"closed","template":"","meta":{"_acf_changed":false,"_price":"","_stock":"","_tribe_ticket_header":"","_tribe_default_ticket_provider":"","_tribe_ticket_capacity":"0","_ticket_start_date":"","_ticket_end_date":"","_tribe_ticket_show_description":"","_tribe_ticket_show_not_going":false,"_tribe_ticket_use_global_stock":"","_tribe_ticket_global_stock_level":"","_global_stock_mode":"","_global_stock_cap":"","_tribe_rsvp_for_event":"","_tribe_ticket_going_count":"","_tribe_ticket_not_going_count":"","_tribe_tickets_list":"[]","_tribe_ticket_has_attendee_info_fields":false,"footnotes":"","_tec_slr_enabled":"","_tec_slr_layout":""},"class_list":["post-6325","page","type-page","status-publish","hentry"],"acf":[],"yoast_head":"<!-- This site is optimized with the Yoast SEO plugin v27.3 - https:\/\/yoast.com\/product\/yoast-seo-wordpress\/ -->\n<title>Jegyekkel \u00e9s jegyv\u00e1s\u00e1rl\u00e1ssal kapcsolatos tov\u00e1bbi inform\u00e1ci\u00f3k - Veszpr\u00e9mi \u00c9rseks\u00e9g Turisztikai K\u00f6zpont<\/title>\n<meta name=\"robots\" content=\"index, follow, max-snippet:-1, max-image-preview:large, max-video-preview:-1\" \/>\n<link rel=\"canonical\" href=\"https:\/\/vetk.hu\/en\/jegyekkel-es-jegyvasarlassal-kapcsolatos-tovabbi-informaciok\/\" \/>\n<meta property=\"og:locale\" content=\"en_GB\" \/>\n<meta property=\"og:type\" content=\"article\" \/>\n<meta property=\"og:title\" content=\"Jegyekkel \u00e9s jegyv\u00e1s\u00e1rl\u00e1ssal kapcsolatos tov\u00e1bbi inform\u00e1ci\u00f3k - Veszpr\u00e9mi \u00c9rseks\u00e9g Turisztikai K\u00f6zpont\" \/>\n<meta property=\"og:description\" content=\"\u00c9rv\u00e9nyes: 2025. november 8-t\u00f3l. A Szent Mih\u00e1ly F\u0151sz\u00e9kesegyh\u00e1z bel\u00e9p\u0151jegy megv\u00e1lt\u00e1sa n\u00e9lk\u00fcl tekinthet\u0151 meg, azonban a l\u00e1togat\u00e1si rendet \u00e9s a Vezetett V\u00e1rs\u00e9t\u00e1kat a miserendek \u00e9s egy\u00e9b liturgikus esem\u00e9nyek befoly\u00e1solhatj\u00e1k \u2014 k\u00e9rj\u00fck [&hellip;]\" \/>\n<meta property=\"og:url\" content=\"https:\/\/vetk.hu\/en\/jegyekkel-es-jegyvasarlassal-kapcsolatos-tovabbi-informaciok\/\" \/>\n<meta property=\"og:site_name\" content=\"Veszpr\u00e9mi \u00c9rseks\u00e9g Turisztikai K\u00f6zpont\" \/>\n<meta property=\"article:modified_time\" content=\"2026-03-09T13:35:10+00:00\" \/>\n<meta property=\"og:image\" content=\"https:\/\/vetk.hu\/wp-content\/uploads\/2025\/10\/turisztikai_kozpont-002.png\" \/>\n\t<meta property=\"og:image:width\" content=\"1080\" \/>\n\t<meta property=\"og:image:height\" content=\"1080\" \/>\n\t<meta property=\"og:image:type\" content=\"image\/png\" \/>\n<meta name=\"twitter:card\" content=\"summary_large_image\" \/>\n<meta name=\"twitter:label1\" content=\"Estimated reading time\" \/>\n\t<meta name=\"twitter:data1\" content=\"2 minutes\" \/>\n<script type=\"application\/ld+json\" class=\"yoast-schema-graph\">{\"@context\":\"https:\\\/\\\/schema.org\",\"@graph\":[{\"@type\":\"WebPage\",\"@id\":\"https:\\\/\\\/vetk.hu\\\/jegyekkel-es-jegyvasarlassal-kapcsolatos-tovabbi-informaciok\\\/\",\"url\":\"https:\\\/\\\/vetk.hu\\\/jegyekkel-es-jegyvasarlassal-kapcsolatos-tovabbi-informaciok\\\/\",\"name\":\"Jegyekkel \u00e9s jegyv\u00e1s\u00e1rl\u00e1ssal kapcsolatos tov\u00e1bbi inform\u00e1ci\u00f3k - Veszpr\u00e9mi \u00c9rseks\u00e9g Turisztikai K\u00f6zpont\",\"isPartOf\":{\"@id\":\"https:\\\/\\\/vetk.hu\\\/#website\"},\"datePublished\":\"2025-11-10T10:44:59+00:00\",\"dateModified\":\"2026-03-09T13:35:10+00:00\",\"breadcrumb\":{\"@id\":\"https:\\\/\\\/vetk.hu\\\/jegyekkel-es-jegyvasarlassal-kapcsolatos-tovabbi-informaciok\\\/#breadcrumb\"},\"inLanguage\":\"en-GB\",\"potentialAction\":[{\"@type\":\"ReadAction\",\"target\":[\"https:\\\/\\\/vetk.hu\\\/jegyekkel-es-jegyvasarlassal-kapcsolatos-tovabbi-informaciok\\\/\"]}]},{\"@type\":\"BreadcrumbList\",\"@id\":\"https:\\\/\\\/vetk.hu\\\/jegyekkel-es-jegyvasarlassal-kapcsolatos-tovabbi-informaciok\\\/#breadcrumb\",\"itemListElement\":[{\"@type\":\"ListItem\",\"position\":1,\"name\":\"Home\",\"item\":\"https:\\\/\\\/vetk.hu\\\/\"},{\"@type\":\"ListItem\",\"position\":2,\"name\":\"Jegyekkel \u00e9s jegyv\u00e1s\u00e1rl\u00e1ssal kapcsolatos tov\u00e1bbi inform\u00e1ci\u00f3k\"}]},{\"@type\":\"WebSite\",\"@id\":\"https:\\\/\\\/vetk.hu\\\/#website\",\"url\":\"https:\\\/\\\/vetk.hu\\\/\",\"name\":\"Veszpr\u00e9mi \u00c9rseki Turisztikai K\u00f6zpont \u2013 Hit, \u00f6r\u00f6ks\u00e9g, \u00e9lm\u00e9ny | vetk.hu\",\"description\":\"\",\"publisher\":{\"@id\":\"https:\\\/\\\/vetk.hu\\\/#organization\"},\"potentialAction\":[{\"@type\":\"SearchAction\",\"target\":{\"@type\":\"EntryPoint\",\"urlTemplate\":\"https:\\\/\\\/vetk.hu\\\/?s={search_term_string}\"},\"query-input\":{\"@type\":\"PropertyValueSpecification\",\"valueRequired\":true,\"valueName\":\"search_term_string\"}}],\"inLanguage\":\"en-GB\"},{\"@type\":\"Organization\",\"@id\":\"https:\\\/\\\/vetk.hu\\\/#organization\",\"name\":\"Veszpr\u00e9mi \u00c9rseki Turisztikai K\u00f6zpont\",\"url\":\"https:\\\/\\\/vetk.hu\\\/\",\"logo\":{\"@type\":\"ImageObject\",\"inLanguage\":\"en-GB\",\"@id\":\"https:\\\/\\\/vetk.hu\\\/#\\\/schema\\\/logo\\\/image\\\/\",\"url\":\"https:\\\/\\\/vetk.hu\\\/wp-content\\\/uploads\\\/2023\\\/04\\\/cropped-Group-3.png\",\"contentUrl\":\"https:\\\/\\\/vetk.hu\\\/wp-content\\\/uploads\\\/2023\\\/04\\\/cropped-Group-3.png\",\"width\":353,\"height\":338,\"caption\":\"Veszpr\u00e9mi \u00c9rseki Turisztikai K\u00f6zpont\"},\"image\":{\"@id\":\"https:\\\/\\\/vetk.hu\\\/#\\\/schema\\\/logo\\\/image\\\/\"}}]}<\/script>\n<!-- \/ Yoast SEO plugin. -->","yoast_head_json":{"title":"Jegyekkel \u00e9s jegyv\u00e1s\u00e1rl\u00e1ssal kapcsolatos tov\u00e1bbi inform\u00e1ci\u00f3k - Veszpr\u00e9mi \u00c9rseks\u00e9g Turisztikai K\u00f6zpont","robots":{"index":"index","follow":"follow","max-snippet":"max-snippet:-1","max-image-preview":"max-image-preview:large","max-video-preview":"max-video-preview:-1"},"canonical":"https:\/\/vetk.hu\/en\/jegyekkel-es-jegyvasarlassal-kapcsolatos-tovabbi-informaciok\/","og_locale":"en_GB","og_type":"article","og_title":"Jegyekkel \u00e9s jegyv\u00e1s\u00e1rl\u00e1ssal kapcsolatos tov\u00e1bbi inform\u00e1ci\u00f3k - Veszpr\u00e9mi \u00c9rseks\u00e9g Turisztikai K\u00f6zpont","og_description":"\u00c9rv\u00e9nyes: 2025. november 8-t\u00f3l. A Szent Mih\u00e1ly F\u0151sz\u00e9kesegyh\u00e1z bel\u00e9p\u0151jegy megv\u00e1lt\u00e1sa n\u00e9lk\u00fcl tekinthet\u0151 meg, azonban a l\u00e1togat\u00e1si rendet \u00e9s a Vezetett V\u00e1rs\u00e9t\u00e1kat a miserendek \u00e9s egy\u00e9b liturgikus esem\u00e9nyek befoly\u00e1solhatj\u00e1k \u2014 k\u00e9rj\u00fck [&hellip;]","og_url":"https:\/\/vetk.hu\/en\/jegyekkel-es-jegyvasarlassal-kapcsolatos-tovabbi-informaciok\/","og_site_name":"Veszpr\u00e9mi \u00c9rseks\u00e9g Turisztikai K\u00f6zpont","article_modified_time":"2026-03-09T13:35:10+00:00","og_image":[{"width":1080,"height":1080,"url":"https:\/\/vetk.hu\/wp-content\/uploads\/2025\/10\/turisztikai_kozpont-002.png","type":"image\/png"}],"twitter_card":"summary_large_image","twitter_misc":{"Estimated reading time":"2 minutes"},"schema":{"@context":"https:\/\/schema.org","@graph":[{"@type":"WebPage","@id":"https:\/\/vetk.hu\/jegyekkel-es-jegyvasarlassal-kapcsolatos-tovabbi-informaciok\/","url":"https:\/\/vetk.hu\/jegyekkel-es-jegyvasarlassal-kapcsolatos-tovabbi-informaciok\/","name":"Jegyekkel \u00e9s jegyv\u00e1s\u00e1rl\u00e1ssal kapcsolatos tov\u00e1bbi inform\u00e1ci\u00f3k - Veszpr\u00e9mi \u00c9rseks\u00e9g Turisztikai K\u00f6zpont","isPartOf":{"@id":"https:\/\/vetk.hu\/#website"},"datePublished":"2025-11-10T10:44:59+00:00","dateModified":"2026-03-09T13:35:10+00:00","breadcrumb":{"@id":"https:\/\/vetk.hu\/jegyekkel-es-jegyvasarlassal-kapcsolatos-tovabbi-informaciok\/#breadcrumb"},"inLanguage":"en-GB","potentialAction":[{"@type":"ReadAction","target":["https:\/\/vetk.hu\/jegyekkel-es-jegyvasarlassal-kapcsolatos-tovabbi-informaciok\/"]}]},{"@type":"BreadcrumbList","@id":"https:\/\/vetk.hu\/jegyekkel-es-jegyvasarlassal-kapcsolatos-tovabbi-informaciok\/#breadcrumb","itemListElement":[{"@type":"ListItem","position":1,"name":"Home","item":"https:\/\/vetk.hu\/"},{"@type":"ListItem","position":2,"name":"Jegyekkel \u00e9s jegyv\u00e1s\u00e1rl\u00e1ssal kapcsolatos tov\u00e1bbi inform\u00e1ci\u00f3k"}]},{"@type":"WebSite","@id":"https:\/\/vetk.hu\/#website","url":"https:\/\/vetk.hu\/","name":"Veszpr\u00e9mi \u00c9rseki Turisztikai K\u00f6zpont \u2013 Hit, \u00f6r\u00f6ks\u00e9g, \u00e9lm\u00e9ny | vetk.hu","description":"","publisher":{"@id":"https:\/\/vetk.hu\/#organization"},"potentialAction":[{"@type":"SearchAction","target":{"@type":"EntryPoint","urlTemplate":"https:\/\/vetk.hu\/?s={search_term_string}"},"query-input":{"@type":"PropertyValueSpecification","valueRequired":true,"valueName":"search_term_string"}}],"inLanguage":"en-GB"},{"@type":"Organization","@id":"https:\/\/vetk.hu\/#organization","name":"Veszpr\u00e9mi \u00c9rseki Turisztikai K\u00f6zpont","url":"https:\/\/vetk.hu\/","logo":{"@type":"ImageObject","inLanguage":"en-GB","@id":"https:\/\/vetk.hu\/#\/schema\/logo\/image\/","url":"https:\/\/vetk.hu\/wp-content\/uploads\/2023\/04\/cropped-Group-3.png","contentUrl":"https:\/\/vetk.hu\/wp-content\/uploads\/2023\/04\/cropped-Group-3.png","width":353,"height":338,"caption":"Veszpr\u00e9mi \u00c9rseki Turisztikai K\u00f6zpont"},"image":{"@id":"https:\/\/vetk.hu\/#\/schema\/logo\/image\/"}}]}},"ticketed":false,"_links":{"self":[{"href":"https:\/\/vetk.hu\/en\/wp-json\/wp\/v2\/pages\/6325","targetHints":{"allow":["GET"]}}],"collection":[{"href":"https:\/\/vetk.hu\/en\/wp-json\/wp\/v2\/pages"}],"about":[{"href":"https:\/\/vetk.hu\/en\/wp-json\/wp\/v2\/types\/page"}],"author":[{"embeddable":true,"href":"https:\/\/vetk.hu\/en\/wp-json\/wp\/v2\/users\/5"}],"replies":[{"embeddable":true,"href":"https:\/\/vetk.hu\/en\/wp-json\/wp\/v2\/comments?post=6325"}],"version-history":[{"count":18,"href":"https:\/\/vetk.hu\/en\/wp-json\/wp\/v2\/pages\/6325\/revisions"}],"predecessor-version":[{"id":6982,"href":"https:\/\/vetk.hu\/en\/wp-json\/wp\/v2\/pages\/6325\/revisions\/6982"}],"wp:attachment":[{"href":"https:\/\/vetk.hu\/en\/wp-json\/wp\/v2\/media?parent=6325"}],"curies":[{"name":"wp","href":"https:\/\/api.w.org\/{rel}","templated":true}]}}