{"id":640,"date":"2023-05-09T17:30:39","date_gmt":"2023-05-09T15:30:39","guid":{"rendered":"https:\/\/turisztika.dinosprojekt.com\/?page_id=640"},"modified":"2026-03-09T09:21:20","modified_gmt":"2026-03-09T08:21:20","slug":"hazirend","status":"publish","type":"page","link":"https:\/\/vetk.hu\/en\/hazirend\/","title":{"rendered":"House Rules"},"content":{"rendered":"<div data-elementor-type=\"wp-page\" data-elementor-id=\"640\" class=\"elementor elementor-640\" data-elementor-post-type=\"page\">\n\t\t\t\t\t\t<section class=\"elementor-section elementor-top-section elementor-element elementor-element-638fbc7 elementor-section-boxed elementor-section-height-default elementor-section-height-default\" data-id=\"638fbc7\" data-element_type=\"section\" data-e-type=\"section\">\n\t\t\t\t\t\t<div class=\"elementor-container elementor-column-gap-default\">\n\t\t\t\t\t<div class=\"elementor-column elementor-col-100 elementor-top-column elementor-element elementor-element-f2bd669\" data-id=\"f2bd669\" data-element_type=\"column\" data-e-type=\"column\">\n\t\t\t<div class=\"elementor-widget-wrap elementor-element-populated\">\n\t\t\t\t\t\t<div class=\"elementor-element elementor-element-b757841 elementor-widget elementor-widget-html\" data-id=\"b757841\" data-element_type=\"widget\" data-e-type=\"widget\" data-widget_type=\"html.default\">\n\t\t\t\t<div class=\"elementor-widget-container\">\n\t\t\t\t\t<!-- H\u00c1ZIREND \u2013 GEORGIA + OXFORD Z\u00d6LD -->\r\n<section class=\"hazirend\" aria-labelledby=\"hazirend-cim\"\r\n  style=\"font-family: Georgia, 'Times New Roman', serif; color: #004b3d;\">\r\n\r\n  <a id=\"hazirend-cim\"><\/a>\r\n\r\n  <header>\r\n    <p>Dear Visitor! By entering the exhibition and visitor facilities located in the Veszpr\u00e9m Castle District, you agree to abide by the following rules and acknowledge that you are required to follow the instructions of the institution\u2019s staff and security personnel.<\/p>\r\n  <\/header>\r\n\r\n  <!-- TOC \u2013 horgonyok -->\r\n  <nav class=\"toc\" aria-label=\"Fejezettartalom\" style=\"margin-bottom:20px;\">\r\n    <strong>Go to chapters<\/strong><br>\r\n    <a href=\"#latogatas-es-jegyek\">\ud83c\udf9f\ufe0f Visits &amp; Tickets<\/a><br>\r\n    <a href=\"#viselkedes-es-oltozet\">\ud83e\uddcd\u200d\u2640\ufe0f Behavior &amp; Attire<\/a><br>\r\n    <a href=\"#szekesegyhaz\">\u26ea Cathedral \u2013 special rules<\/a><br>\r\n    <a href=\"#nyitvatartas\">\ud83d\udd70\ufe0f Opening hours<\/a><br>\r\n    <a href=\"#tarlatvezetes\">\ud83d\udde3\ufe0f Guided tour<\/a><br>\r\n    <a href=\"#korlatozasok\">\ud83d\udea6 Restrictions<\/a><br>\r\n    <a href=\"#csalad-akadaly\">\ud83d\udc68\u200d\ud83d\udc69\u200d\ud83d\udc67\u200d\ud83d\udc66 Families &amp; Accessibility<\/a><br>\r\n    <a href=\"#higienia\">\ud83e\uddf4 Hygiene<\/a><br>\r\n    <a href=\"#csoportok\">\ud83d\udc65 Groups<\/a><br>\r\n    <a href=\"#kutyak\">\ud83d\udc3e Guests arriving with dogs<\/a><br>\r\n    <a href=\"#kerekpar\">\ud83d\udeb2 Visitors arriving by bike<\/a><br>\r\n    <a href=\"#targyak\">\ud83e\uddf3 Importing goods<\/a><br>\r\n    <a href=\"#fotozas-es-video\">\ud83d\udcf7 Photography &amp; Video<\/a><br>\r\n    <a href=\"#dohanyzas\">\ud83d\udead Smoking<\/a><br>\r\n    <a href=\"#biztonsag-adat\">\ud83d\udd10 Security &amp; Privacy<\/a><br>\r\n    <a href=\"#elsosegely\">\u26d1\ufe0f First Aid<\/a><br>\r\n    <a href=\"#rendkivuli\">\u26a0\ufe0f Emergency<\/a><br>\r\n    <a href=\"#jogkovetkezmeny\">\u2696\ufe0f Legal Consequences<\/a><br>\r\n    <a href=\"#jogszabalyok\">\ud83d\udcdc Legal references<\/a>\r\n  <\/nav>\r\n\r\n  <!-- 1 -->\r\n  <section id=\"latogatas-es-jegyek\">\r\n    <h3>\ud83c\udf9f\ufe0f Visits &amp; Tickets<\/h3>\r\n    <ul>\r\n      <li>Admission to exhibitions at the Bir\u00f3\u2013Giczey House is free (except for ticketed events).<\/li>\r\n      <li>Tours and guided tours require a participation fee.<\/li>\r\n      <li>Please enter enclosed spaces only if you are in good health.<\/li>\r\n    <\/ul>\r\n  <\/section>\r\n\r\n  <!-- 2 -->\r\n  <section id=\"viselkedes-es-oltozet\">\r\n    <h3>\ud83e\uddcd\u200d\u2640\ufe0f Behavior &amp; Attire<\/h3>\r\n    <ul>\r\n      <li>Admission may be denied in cases of intoxication, unkempt or inappropriate attire, displays of authoritarian symbols, or disruptive behavior.<\/li>\r\n      <li>Please turn off your phones in the exhibition halls; avoid making loud noises.<\/li>\r\n      <li>Please do not touch the artworks or furnishings.<\/li>\r\n      <li>Events may only be held with prior written permission.<\/li>\r\n      <li>Food and drinks may only be consumed in designated areas.<\/li>\r\n      <li>No smoking; smoking is permitted outdoors only in designated areas.<\/li>\r\n    <\/ul>\r\n  <\/section>\r\n\r\n  <!-- 3 -->\r\n  <section id=\"szekesegyhaz\">\r\n    <h3>\u26ea St. Michael's Cathedral \u2013 special rules<\/h3>\r\n    <ul>\r\n      <li>There are no tourists during Mass and other services.<\/li>\r\n      <li>Men are not allowed to enter the church without a head covering.<\/li>\r\n    <\/ul>\r\n  <\/section>\r\n\r\n  <!-- 4 -->\r\n  <section id=\"rajzolas-vazlat\">\r\n    <h3>\u270f\ufe0f Rajzol\u00e1s \u00e9s v\u00e1zlatk\u00e9sz\u00edt\u00e9s<\/h3>\r\n    <ul>\r\n      <li>Kiz\u00e1r\u00f3lag grafitceruza haszn\u00e1lhat\u00f3.<\/li>\r\n      <li>Kis f\u00fczet megengedett, ha nem akad\u00e1lyoz.<\/li>\r\n      <li>\u00c1llv\u00e1ny, rajzt\u00e1bla nem haszn\u00e1lhat\u00f3.<\/li>\r\n    <\/ul>\r\n  <\/section>\r\n\r\n  <!-- 5 -->\r\n  <section id=\"nyitvatartas\">\r\n    <h3>\ud83d\udd70\ufe0f Opening hours<\/h3>\r\n    <p><strong>March 9, 2026 \u2013 until further notice<\/strong><\/p>\r\n    <ul>\r\n      <li>Monday: closed<\/li>\r\n      <li>Tuesday\u2013Sunday: 10:00 a.m.\u20136:00 p.m.<\/li>\r\n    <\/ul>\r\n  <\/section>\r\n\r\n  <!-- 6 -->\r\n  <section id=\"tarlatvezetes\">\r\n    <h3>\ud83d\udde3\ufe0f Guided tour<\/h3>\r\n    <p>Inquiry: <a href=\"mailto:turizmus@veszpremiersekseg.hu\">turizmus@veszpremiersekseg.hu<\/a> \u00b7 <a href=\"tel:+36205602010\">+36 20 560 2010<\/a><\/p>\r\n  <\/section>\r\n\r\n  <!-- 7 -->\r\n  <section id=\"korlatozasok\">\r\n    <h3>\ud83d\udea6 Restrictions<\/h3>\r\n    <p>The number of visitors may be limited in accordance with regulations.<\/p>\r\n  <\/section>\r\n\r\n  <!-- 8 -->\r\n  <section id=\"csalad-akadaly\">\r\n    <h3>\ud83d\udc68\u200d\ud83d\udc69\u200d\ud83d\udc67\u200d\ud83d\udc66 Families &amp; Accessibility<\/h3>\r\n    <ul>\r\n      <li>Children under 14 must be accompanied by an adult.<\/li>\r\n      <li>Changing room: Bir\u00f3\u2013Giczey House.<\/li>\r\n      <li>Elevator to the 1st and 2nd floors in the Bir\u00f3-Giczey House.<\/li>\r\n    <\/ul>\r\n  <\/section>\r\n\r\n  <!-- 9 -->\r\n  <section id=\"higienia\">\r\n    <h3>\ud83e\uddf4 Hygiene<\/h3>\r\n    <ul>\r\n      <li>Recycling is in place.<\/li>\r\n      <li>Cleanliness is everyone\u2019s responsibility.<\/li>\r\n    <\/ul>\r\n  <\/section>\r\n\r\n  <!-- 10 -->\r\n  <section id=\"csoportok\">\r\n    <h3>\ud83d\udc65 Group visit<\/h3>\r\n    <p>The group leader is responsible for ensuring compliance with the house rules.<\/p>\r\n  <\/section>\r\n\r\n  <!-- 11 -->\r\n  <section id=\"kutyak\">\r\n    <h3>\ud83d\udc3e Guests arriving with dogs<\/h3>\r\n    <ul>\r\n      <li>Pets are welcome outdoors.<\/li>\r\n      <li>Assistance dogs are permitted under the law.<\/li>\r\n    <\/ul>\r\n  <\/section>\r\n\r\n  <!-- 12 -->\r\n  <section id=\"kerekpar\">\r\n    <h3>\ud83d\udeb2  Arriving by bike<\/h3>\r\n    <p>Bicycles may be parked in the courtyard of the Bir\u00f3\u2013Giczey House or in front of the building.<\/p>\r\n  <\/section>\r\n\r\n  <!-- 13 -->\r\n  <section id=\"targyak\">\r\n    <h3>\ud83e\uddf3 Importing goods<\/h3>\r\n    <ul>\r\n      <li>We do not accept responsibility for valuables.<\/li>\r\n      <li>Large items are not allowed.<\/li>\r\n      <li>Wet clothing is not allowed.<\/li>\r\n    <\/ul>\r\n  <\/section>\r\n\r\n  <!-- 14 -->\r\n  <section id=\"fotozas-es-video\">\r\n    <h3>\ud83d\udcf7 Photography &amp; Video<\/h3>\r\n    <ul>\r\n      <li>Photography for personal use is permitted.<\/li>\r\n      <li>The use of flash, tripods, and drones is prohibited.<\/li>\r\n      <li>Organized photography is permitted only with a permit.<\/li>\r\n    <\/ul>\r\n  <\/section>\r\n\r\n  <!-- 15 -->\r\n  <section id=\"dohanyzas\">\r\n    <h3>\ud83d\udead Smoking<\/h3>\r\n    <p>Prohibited indoors; outdoors only in designated areas.<\/p>\r\n  <\/section>\r\n\r\n  <!-- 16 -->\r\n  <section id=\"biztonsag-adat\">\r\n    <h3>\ud83d\udd10 Security &amp; Privacy<\/h3>\r\n\r\n    <h4>\ud83d\udee1\ufe0f Safety measures<\/h4>\r\n    <ul>\r\n      <li>Security and surveillance provided by a security service.<\/li>\r\n    <\/ul>\r\n\r\n    <h4>\ud83c\udfa5 Camera system<\/h4>\r\n    <p>Video surveillance is conducted in accordance with applicable laws.<\/p>\r\n\r\n    <h4>\ud83d\udcc4 Data Processing<\/h4>\r\n    <p>Details: <a href=\"https:\/\/vetk.hu\/en\/adatkezelesi-tajekoztato\/\" target=\"_blank\" rel=\"noopener\">Privacy Policy<\/a>.<\/p>\r\n  <\/section>\r\n\r\n  <!-- 17 -->\r\n  <section id=\"elsosegely\">\r\n    <h3>\u26d1\ufe0f First Aid<\/h3>\r\n    <ul>\r\n      <li>First aid station: Bir\u00f3\u2013Giczey House.<\/li>\r\n      <li>In the event of an accident, a report is filed.<\/li>\r\n    <\/ul>\r\n  <\/section>\r\n\r\n  <!-- 18 -->\r\n  <section id=\"rendkivuli\">\r\n    <h3>\u26a0\ufe0f Emergency<\/h3>\r\n    <p>In the event of an emergency, the evacuation plan must be followed.<\/p>\r\n  <\/section>\r\n\r\n  <!-- 19 -->\r\n  <section id=\"jogkovetkezmeny\">\r\n    <h3>\u2696\ufe0f Consequences of violating the house rules<\/h3>\r\n    <ul>\r\n      <li>Warning or ban.<\/li>\r\n      <li>The wrongdoer is liable for the damages caused.<\/li>\r\n    <\/ul>\r\n  <\/section>\r\n\r\n  <!-- 20 -->\r\n  <section id=\"jogszabalyok\">\r\n    <h3>\ud83d\udcdc Legal references<\/h3>\r\n    <details>\r\n      <summary><strong>Expand \/ Collapse<\/strong><\/summary>\r\n      <ul>\r\n        <li>1999. \u00e9vi XLII. t\u00f6rv\u00e9ny \u2013 nemdoh\u00e1nyz\u00f3k v\u00e9delme.<\/li>\r\n        <li>2005. \u00e9vi CXXXIII. t\u00f6rv\u00e9ny \u2013 szem\u00e9ly- \u00e9s vagyonv\u00e9delem.<\/li>\r\n        <li>Adatkezel\u00e9s: Adatv\u00e9delmi t\u00e1j\u00e9koztat\u00f3.<\/li>\r\n      <\/ul>\r\n    <\/details>\r\n  <\/section>\r\n\r\n  <footer class=\"meta\">\r\n    <p>\u00a9 Archdiocese of Veszpr\u00e9m \u00b7 Tourist Information Center<\/p>\r\n  <\/footer>\r\n\r\n  <!-- Vissza a tetej\u00e9re -->\r\n  <a href=\"#hazirend-cim\" class=\"backtotop\" title=\"Vissza a tetej\u00e9re\" style=\"font-size:32px; text-decoration:none;\">\ud83d\udd1d<\/a>\r\n\r\n<\/section>\r\n\t\t\t\t<\/div>\n\t\t\t\t<\/div>\n\t\t\t\t\t<\/div>\n\t\t<\/div>\n\t\t\t\t\t<\/div>\n\t\t<\/section>\n\t\t\t\t<\/div>","protected":false},"excerpt":{"rendered":"<p>Tisztelt L\u00e1togat\u00f3! A Veszpr\u00e9mi V\u00e1rnegyed ter\u00fclet\u00e9n tal\u00e1lhat\u00f3 ki\u00e1ll\u00edt\u00e1si \u00e9s l\u00e1togat\u00f3i egys\u00e9gekbe t\u00f6rt\u00e9n\u0151 bel\u00e9p\u00e9ssel \u00d6n elfogadja az al\u00e1bbi szab\u00e1lyokat, \u00e9s tudom\u00e1sul veszi, hogy k\u00f6teles az int\u00e9zm\u00e9ny munkat\u00e1rsai \u00e9s a biztons\u00e1gi szolg\u00e1lat [&hellip;]<\/p>\n","protected":false},"author":1,"featured_media":0,"parent":0,"menu_order":0,"comment_status":"closed","ping_status":"closed","template":"","meta":{"_acf_changed":false,"_price":"","_stock":"","_tribe_ticket_header":"","_tribe_default_ticket_provider":"","_tribe_ticket_capacity":"0","_ticket_start_date":"","_ticket_end_date":"","_tribe_ticket_show_description":"","_tribe_ticket_show_not_going":false,"_tribe_ticket_use_global_stock":"","_tribe_ticket_global_stock_level":"","_global_stock_mode":"","_global_stock_cap":"","_tribe_rsvp_for_event":"","_tribe_ticket_going_count":"","_tribe_ticket_not_going_count":"","_tribe_tickets_list":"[]","_tribe_ticket_has_attendee_info_fields":false,"footnotes":"","_tec_slr_enabled":"","_tec_slr_layout":""},"class_list":["post-640","page","type-page","status-publish","hentry"],"acf":[],"yoast_head":"<!-- This site is optimized with the Yoast SEO plugin v27.3 - https:\/\/yoast.com\/product\/yoast-seo-wordpress\/ -->\n<title>H\u00e1zirend - Veszpr\u00e9mi \u00c9rseks\u00e9g Turisztikai K\u00f6zpont<\/title>\n<meta name=\"robots\" content=\"index, follow, max-snippet:-1, max-image-preview:large, max-video-preview:-1\" \/>\n<link rel=\"canonical\" href=\"https:\/\/vetk.hu\/en\/hazirend\/\" \/>\n<meta property=\"og:locale\" content=\"en_GB\" \/>\n<meta property=\"og:type\" content=\"article\" \/>\n<meta property=\"og:title\" content=\"H\u00e1zirend - Veszpr\u00e9mi \u00c9rseks\u00e9g Turisztikai K\u00f6zpont\" \/>\n<meta property=\"og:description\" content=\"Tisztelt L\u00e1togat\u00f3! A Veszpr\u00e9mi V\u00e1rnegyed ter\u00fclet\u00e9n tal\u00e1lhat\u00f3 ki\u00e1ll\u00edt\u00e1si \u00e9s l\u00e1togat\u00f3i egys\u00e9gekbe t\u00f6rt\u00e9n\u0151 bel\u00e9p\u00e9ssel \u00d6n elfogadja az al\u00e1bbi szab\u00e1lyokat, \u00e9s tudom\u00e1sul veszi, hogy k\u00f6teles az int\u00e9zm\u00e9ny munkat\u00e1rsai \u00e9s a biztons\u00e1gi szolg\u00e1lat [&hellip;]\" \/>\n<meta property=\"og:url\" content=\"https:\/\/vetk.hu\/en\/hazirend\/\" \/>\n<meta property=\"og:site_name\" content=\"Veszpr\u00e9mi \u00c9rseks\u00e9g Turisztikai K\u00f6zpont\" \/>\n<meta property=\"article:modified_time\" content=\"2026-03-09T08:21:20+00:00\" \/>\n<meta property=\"og:image\" content=\"https:\/\/vetk.hu\/wp-content\/uploads\/2025\/10\/turisztikai_kozpont-002.png\" \/>\n\t<meta property=\"og:image:width\" content=\"1080\" \/>\n\t<meta property=\"og:image:height\" content=\"1080\" \/>\n\t<meta property=\"og:image:type\" content=\"image\/png\" \/>\n<meta name=\"twitter:card\" content=\"summary_large_image\" \/>\n<meta name=\"twitter:label1\" content=\"Estimated reading time\" \/>\n\t<meta name=\"twitter:data1\" content=\"11 minutes\" \/>\n<script type=\"application\/ld+json\" class=\"yoast-schema-graph\">{\"@context\":\"https:\\\/\\\/schema.org\",\"@graph\":[{\"@type\":\"WebPage\",\"@id\":\"https:\\\/\\\/vetk.hu\\\/hazirend\\\/\",\"url\":\"https:\\\/\\\/vetk.hu\\\/hazirend\\\/\",\"name\":\"H\u00e1zirend - Veszpr\u00e9mi \u00c9rseks\u00e9g Turisztikai K\u00f6zpont\",\"isPartOf\":{\"@id\":\"https:\\\/\\\/vetk.hu\\\/#website\"},\"datePublished\":\"2023-05-09T15:30:39+00:00\",\"dateModified\":\"2026-03-09T08:21:20+00:00\",\"breadcrumb\":{\"@id\":\"https:\\\/\\\/vetk.hu\\\/hazirend\\\/#breadcrumb\"},\"inLanguage\":\"en-GB\",\"potentialAction\":[{\"@type\":\"ReadAction\",\"target\":[\"https:\\\/\\\/vetk.hu\\\/hazirend\\\/\"]}]},{\"@type\":\"BreadcrumbList\",\"@id\":\"https:\\\/\\\/vetk.hu\\\/hazirend\\\/#breadcrumb\",\"itemListElement\":[{\"@type\":\"ListItem\",\"position\":1,\"name\":\"Home\",\"item\":\"https:\\\/\\\/vetk.hu\\\/\"},{\"@type\":\"ListItem\",\"position\":2,\"name\":\"H\u00e1zirend\"}]},{\"@type\":\"WebSite\",\"@id\":\"https:\\\/\\\/vetk.hu\\\/#website\",\"url\":\"https:\\\/\\\/vetk.hu\\\/\",\"name\":\"Veszpr\u00e9mi \u00c9rseki Turisztikai K\u00f6zpont \u2013 Hit, \u00f6r\u00f6ks\u00e9g, \u00e9lm\u00e9ny | vetk.hu\",\"description\":\"\",\"publisher\":{\"@id\":\"https:\\\/\\\/vetk.hu\\\/#organization\"},\"potentialAction\":[{\"@type\":\"SearchAction\",\"target\":{\"@type\":\"EntryPoint\",\"urlTemplate\":\"https:\\\/\\\/vetk.hu\\\/?s={search_term_string}\"},\"query-input\":{\"@type\":\"PropertyValueSpecification\",\"valueRequired\":true,\"valueName\":\"search_term_string\"}}],\"inLanguage\":\"en-GB\"},{\"@type\":\"Organization\",\"@id\":\"https:\\\/\\\/vetk.hu\\\/#organization\",\"name\":\"Veszpr\u00e9mi \u00c9rseki Turisztikai K\u00f6zpont\",\"url\":\"https:\\\/\\\/vetk.hu\\\/\",\"logo\":{\"@type\":\"ImageObject\",\"inLanguage\":\"en-GB\",\"@id\":\"https:\\\/\\\/vetk.hu\\\/#\\\/schema\\\/logo\\\/image\\\/\",\"url\":\"https:\\\/\\\/vetk.hu\\\/wp-content\\\/uploads\\\/2023\\\/04\\\/cropped-Group-3.png\",\"contentUrl\":\"https:\\\/\\\/vetk.hu\\\/wp-content\\\/uploads\\\/2023\\\/04\\\/cropped-Group-3.png\",\"width\":353,\"height\":338,\"caption\":\"Veszpr\u00e9mi \u00c9rseki Turisztikai K\u00f6zpont\"},\"image\":{\"@id\":\"https:\\\/\\\/vetk.hu\\\/#\\\/schema\\\/logo\\\/image\\\/\"}}]}<\/script>\n<!-- \/ Yoast SEO plugin. -->","yoast_head_json":{"title":"H\u00e1zirend - Veszpr\u00e9mi \u00c9rseks\u00e9g Turisztikai K\u00f6zpont","robots":{"index":"index","follow":"follow","max-snippet":"max-snippet:-1","max-image-preview":"max-image-preview:large","max-video-preview":"max-video-preview:-1"},"canonical":"https:\/\/vetk.hu\/en\/hazirend\/","og_locale":"en_GB","og_type":"article","og_title":"H\u00e1zirend - Veszpr\u00e9mi \u00c9rseks\u00e9g Turisztikai K\u00f6zpont","og_description":"Tisztelt L\u00e1togat\u00f3! A Veszpr\u00e9mi V\u00e1rnegyed ter\u00fclet\u00e9n tal\u00e1lhat\u00f3 ki\u00e1ll\u00edt\u00e1si \u00e9s l\u00e1togat\u00f3i egys\u00e9gekbe t\u00f6rt\u00e9n\u0151 bel\u00e9p\u00e9ssel \u00d6n elfogadja az al\u00e1bbi szab\u00e1lyokat, \u00e9s tudom\u00e1sul veszi, hogy k\u00f6teles az int\u00e9zm\u00e9ny munkat\u00e1rsai \u00e9s a biztons\u00e1gi szolg\u00e1lat [&hellip;]","og_url":"https:\/\/vetk.hu\/en\/hazirend\/","og_site_name":"Veszpr\u00e9mi \u00c9rseks\u00e9g Turisztikai K\u00f6zpont","article_modified_time":"2026-03-09T08:21:20+00:00","og_image":[{"width":1080,"height":1080,"url":"https:\/\/vetk.hu\/wp-content\/uploads\/2025\/10\/turisztikai_kozpont-002.png","type":"image\/png"}],"twitter_card":"summary_large_image","twitter_misc":{"Estimated reading time":"11 minutes"},"schema":{"@context":"https:\/\/schema.org","@graph":[{"@type":"WebPage","@id":"https:\/\/vetk.hu\/hazirend\/","url":"https:\/\/vetk.hu\/hazirend\/","name":"H\u00e1zirend - Veszpr\u00e9mi \u00c9rseks\u00e9g Turisztikai K\u00f6zpont","isPartOf":{"@id":"https:\/\/vetk.hu\/#website"},"datePublished":"2023-05-09T15:30:39+00:00","dateModified":"2026-03-09T08:21:20+00:00","breadcrumb":{"@id":"https:\/\/vetk.hu\/hazirend\/#breadcrumb"},"inLanguage":"en-GB","potentialAction":[{"@type":"ReadAction","target":["https:\/\/vetk.hu\/hazirend\/"]}]},{"@type":"BreadcrumbList","@id":"https:\/\/vetk.hu\/hazirend\/#breadcrumb","itemListElement":[{"@type":"ListItem","position":1,"name":"Home","item":"https:\/\/vetk.hu\/"},{"@type":"ListItem","position":2,"name":"H\u00e1zirend"}]},{"@type":"WebSite","@id":"https:\/\/vetk.hu\/#website","url":"https:\/\/vetk.hu\/","name":"Veszpr\u00e9mi \u00c9rseki Turisztikai K\u00f6zpont \u2013 Hit, \u00f6r\u00f6ks\u00e9g, \u00e9lm\u00e9ny | vetk.hu","description":"","publisher":{"@id":"https:\/\/vetk.hu\/#organization"},"potentialAction":[{"@type":"SearchAction","target":{"@type":"EntryPoint","urlTemplate":"https:\/\/vetk.hu\/?s={search_term_string}"},"query-input":{"@type":"PropertyValueSpecification","valueRequired":true,"valueName":"search_term_string"}}],"inLanguage":"en-GB"},{"@type":"Organization","@id":"https:\/\/vetk.hu\/#organization","name":"Veszpr\u00e9mi \u00c9rseki Turisztikai K\u00f6zpont","url":"https:\/\/vetk.hu\/","logo":{"@type":"ImageObject","inLanguage":"en-GB","@id":"https:\/\/vetk.hu\/#\/schema\/logo\/image\/","url":"https:\/\/vetk.hu\/wp-content\/uploads\/2023\/04\/cropped-Group-3.png","contentUrl":"https:\/\/vetk.hu\/wp-content\/uploads\/2023\/04\/cropped-Group-3.png","width":353,"height":338,"caption":"Veszpr\u00e9mi \u00c9rseki Turisztikai K\u00f6zpont"},"image":{"@id":"https:\/\/vetk.hu\/#\/schema\/logo\/image\/"}}]}},"ticketed":false,"_links":{"self":[{"href":"https:\/\/vetk.hu\/en\/wp-json\/wp\/v2\/pages\/640","targetHints":{"allow":["GET"]}}],"collection":[{"href":"https:\/\/vetk.hu\/en\/wp-json\/wp\/v2\/pages"}],"about":[{"href":"https:\/\/vetk.hu\/en\/wp-json\/wp\/v2\/types\/page"}],"author":[{"embeddable":true,"href":"https:\/\/vetk.hu\/en\/wp-json\/wp\/v2\/users\/1"}],"replies":[{"embeddable":true,"href":"https:\/\/vetk.hu\/en\/wp-json\/wp\/v2\/comments?post=640"}],"version-history":[{"count":102,"href":"https:\/\/vetk.hu\/en\/wp-json\/wp\/v2\/pages\/640\/revisions"}],"predecessor-version":[{"id":6954,"href":"https:\/\/vetk.hu\/en\/wp-json\/wp\/v2\/pages\/640\/revisions\/6954"}],"wp:attachment":[{"href":"https:\/\/vetk.hu\/en\/wp-json\/wp\/v2\/media?parent=640"}],"curies":[{"name":"wp","href":"https:\/\/api.w.org\/{rel}","templated":true}]}}