{"id":870,"date":"2023-05-10T15:10:08","date_gmt":"2023-05-10T13:10:08","guid":{"rendered":"https:\/\/turisztika.dinosprojekt.com\/?page_id=870"},"modified":"2026-05-04T09:35:09","modified_gmt":"2026-05-04T07:35:09","slug":"specialis-igenyu-latogatok","status":"publish","type":"page","link":"https:\/\/vetk.hu\/en\/specialis-igenyu-latogatok\/","title":{"rendered":"Visitors with Special Needs"},"content":{"rendered":"<div data-elementor-type=\"wp-page\" data-elementor-id=\"870\" class=\"elementor elementor-870\" data-elementor-post-type=\"page\">\n\t\t\t\t\t\t<section class=\"elementor-section elementor-top-section elementor-element elementor-element-fb0b7c8 elementor-section-boxed elementor-section-height-default elementor-section-height-default\" data-id=\"fb0b7c8\" data-element_type=\"section\" data-e-type=\"section\">\n\t\t\t\t\t\t<div class=\"elementor-container elementor-column-gap-default\">\n\t\t\t\t\t<div class=\"elementor-column elementor-col-100 elementor-top-column elementor-element elementor-element-2ec2e41\" data-id=\"2ec2e41\" data-element_type=\"column\" data-e-type=\"column\">\n\t\t\t<div class=\"elementor-widget-wrap elementor-element-populated\">\n\t\t\t\t\t\t<div class=\"elementor-element elementor-element-05d9625 elementor-widget elementor-widget-heading\" data-id=\"05d9625\" data-element_type=\"widget\" data-e-type=\"widget\" data-widget_type=\"heading.default\">\n\t\t\t\t<div class=\"elementor-widget-container\">\n\t\t\t\t\t<h2 class=\"elementor-heading-title elementor-size-default\">Visitors with Special Needs<\/h2>\t\t\t\t<\/div>\n\t\t\t\t<\/div>\n\t\t\t\t\t<\/div>\n\t\t<\/div>\n\t\t\t\t\t<\/div>\n\t\t<\/section>\n\t\t\t\t<section class=\"elementor-section elementor-top-section elementor-element elementor-element-8ea1c87 elementor-section-boxed elementor-section-height-default elementor-section-height-default\" data-id=\"8ea1c87\" data-element_type=\"section\" data-e-type=\"section\">\n\t\t\t\t\t\t<div class=\"elementor-container elementor-column-gap-default\">\n\t\t\t\t\t<div class=\"elementor-column elementor-col-100 elementor-top-column elementor-element elementor-element-bf78c9e\" data-id=\"bf78c9e\" data-element_type=\"column\" data-e-type=\"column\">\n\t\t\t<div class=\"elementor-widget-wrap elementor-element-populated\">\n\t\t\t\t\t\t<div class=\"elementor-element elementor-element-318a708 elementor-widget elementor-widget-text-editor\" data-id=\"318a708\" data-element_type=\"widget\" data-e-type=\"widget\" data-widget_type=\"text-editor.default\">\n\t\t\t\t<div class=\"elementor-widget-container\">\n\t\t\t\t\t\t\t\t\t<p><strong>Culture is for everyone!<\/strong><\/p><p>We strive to ensure that the Veszpr\u00e9m Castle Quarter and the attractions of the archdiocese provide barrier-free access and experiences for all visitors.<\/p><p>Since much of the castle district is currently a construction site due to renovation work, we are able to provide full or partial barrier-free access to certain buildings for the time being, within the limits of our capabilities.<\/p>\t\t\t\t\t\t\t\t<\/div>\n\t\t\t\t<\/div>\n\t\t\t\t\t<\/div>\n\t\t<\/div>\n\t\t\t\t\t<\/div>\n\t\t<\/section>\n\t\t\t\t<section class=\"elementor-section elementor-top-section elementor-element elementor-element-bcb3856 elementor-section-boxed elementor-section-height-default elementor-section-height-default\" data-id=\"bcb3856\" data-element_type=\"section\" data-e-type=\"section\">\n\t\t\t\t\t\t<div class=\"elementor-container elementor-column-gap-default\">\n\t\t\t\t\t<div class=\"elementor-column elementor-col-50 elementor-top-column elementor-element elementor-element-6620212\" data-id=\"6620212\" data-element_type=\"column\" data-e-type=\"column\">\n\t\t\t<div class=\"elementor-widget-wrap elementor-element-populated\">\n\t\t\t\t\t\t<div class=\"elementor-element elementor-element-8a30451 elementor-widget elementor-widget-text-editor\" data-id=\"8a30451\" data-element_type=\"widget\" data-e-type=\"widget\" data-widget_type=\"text-editor.default\">\n\t\t\t\t<div class=\"elementor-widget-container\">\n\t\t\t\t\t\t\t\t\t<p>The Bir\u00f3-Giczey House is fully accessible.<\/p><p style=\"text-align: left;\">To avoid any inconvenience, please contact us by email or phone before your visit.<\/p><p><strong>Archiepiscopal Tourist Centre<br \/><\/strong>Email: <a href=\"mailto:turizmus@veszpremiersekseg.hu\">turizmus@veszpremiersekseg.hu<\/a>\u00a0<br \/>Phone: +36\/20 560 2010<\/p>\t\t\t\t\t\t\t\t<\/div>\n\t\t\t\t<\/div>\n\t\t\t\t\t<\/div>\n\t\t<\/div>\n\t\t\t\t<div class=\"elementor-column elementor-col-50 elementor-top-column elementor-element elementor-element-8a91dd2\" data-id=\"8a91dd2\" data-element_type=\"column\" data-e-type=\"column\">\n\t\t\t<div class=\"elementor-widget-wrap elementor-element-populated\">\n\t\t\t\t\t\t<div class=\"elementor-element elementor-element-c7622b9 elementor-widget elementor-widget-image\" data-id=\"c7622b9\" data-element_type=\"widget\" data-e-type=\"widget\" data-widget_type=\"image.default\">\n\t\t\t\t<div class=\"elementor-widget-container\">\n\t\t\t\t\t\t\t\t\t\t\t\t\t\t\t<img fetchpriority=\"high\" decoding=\"async\" width=\"243\" height=\"242\" src=\"https:\/\/vetk.hu\/wp-content\/uploads\/2023\/05\/Asset-48@4x.png\" class=\"attachment-large size-large wp-image-873\" alt=\"\" srcset=\"https:\/\/vetk.hu\/wp-content\/uploads\/2023\/05\/Asset-48@4x.png 243w, https:\/\/vetk.hu\/wp-content\/uploads\/2023\/05\/Asset-48@4x-150x150.png 150w\" sizes=\"(max-width: 243px) 100vw, 243px\" \/>\t\t\t\t\t\t\t\t\t\t\t\t\t\t\t<\/div>\n\t\t\t\t<\/div>\n\t\t\t\t\t<\/div>\n\t\t<\/div>\n\t\t\t\t\t<\/div>\n\t\t<\/section>\n\t\t\t\t<\/div>","protected":false},"excerpt":{"rendered":"<p>Speci\u00e1lis ig\u00e9ny\u0171 l\u00e1togat\u00f3k A kult\u00fara mindenki\u00e9! Arra t\u00f6reksz\u00fcnk, hogy a Veszpr\u00e9mi V\u00e1rnegyed, valamint a f\u0151egyh\u00e1zmegyei l\u00e1tnival\u00f3k minden ide \u00e9rkez\u0151 l\u00e1togat\u00f3 sz\u00e1m\u00e1ra akad\u00e1lymentes el\u00e9r\u00e9st \u00e9s \u00e9lm\u00e9nyt ny\u00fajthassanak. Mivel a fel\u00faj\u00edt\u00e1si munk\u00e1latok [&hellip;]<\/p>\n","protected":false},"author":1,"featured_media":0,"parent":0,"menu_order":0,"comment_status":"closed","ping_status":"closed","template":"elementor_header_footer","meta":{"_acf_changed":false,"_price":"","_stock":"","_tribe_ticket_header":"","_tribe_default_ticket_provider":"","_tribe_ticket_capacity":"0","_ticket_start_date":"","_ticket_end_date":"","_tribe_ticket_show_description":"","_tribe_ticket_show_not_going":false,"_tribe_ticket_use_global_stock":"","_tribe_ticket_global_stock_level":"","_global_stock_mode":"","_global_stock_cap":"","_tribe_rsvp_for_event":"","_tribe_ticket_going_count":"","_tribe_ticket_not_going_count":"","_tribe_tickets_list":"[]","_tribe_ticket_has_attendee_info_fields":false,"footnotes":"","_tec_slr_enabled":"","_tec_slr_layout":""},"class_list":["post-870","page","type-page","status-publish","hentry"],"acf":[],"yoast_head":"<!-- This site is optimized with the Yoast SEO plugin v27.3 - https:\/\/yoast.com\/product\/yoast-seo-wordpress\/ -->\n<title>Speci\u00e1lis ig\u00e9ny\u0171 l\u00e1togat\u00f3k - Veszpr\u00e9mi \u00c9rseks\u00e9g Turisztikai K\u00f6zpont<\/title>\n<meta name=\"robots\" content=\"index, follow, max-snippet:-1, max-image-preview:large, max-video-preview:-1\" \/>\n<link rel=\"canonical\" href=\"https:\/\/vetk.hu\/en\/specialis-igenyu-latogatok\/\" \/>\n<meta property=\"og:locale\" content=\"en_GB\" \/>\n<meta property=\"og:type\" content=\"article\" \/>\n<meta property=\"og:title\" content=\"Speci\u00e1lis ig\u00e9ny\u0171 l\u00e1togat\u00f3k - Veszpr\u00e9mi \u00c9rseks\u00e9g Turisztikai K\u00f6zpont\" \/>\n<meta property=\"og:description\" content=\"Speci\u00e1lis ig\u00e9ny\u0171 l\u00e1togat\u00f3k A kult\u00fara mindenki\u00e9! Arra t\u00f6reksz\u00fcnk, hogy a Veszpr\u00e9mi V\u00e1rnegyed, valamint a f\u0151egyh\u00e1zmegyei l\u00e1tnival\u00f3k minden ide \u00e9rkez\u0151 l\u00e1togat\u00f3 sz\u00e1m\u00e1ra akad\u00e1lymentes el\u00e9r\u00e9st \u00e9s \u00e9lm\u00e9nyt ny\u00fajthassanak. Mivel a fel\u00faj\u00edt\u00e1si munk\u00e1latok [&hellip;]\" \/>\n<meta property=\"og:url\" content=\"https:\/\/vetk.hu\/en\/specialis-igenyu-latogatok\/\" \/>\n<meta property=\"og:site_name\" content=\"Veszpr\u00e9mi \u00c9rseks\u00e9g Turisztikai K\u00f6zpont\" \/>\n<meta property=\"article:modified_time\" content=\"2026-05-04T07:35:09+00:00\" \/>\n<meta property=\"og:image\" content=\"https:\/\/vetk.hu\/wp-content\/uploads\/2023\/05\/Asset-48@4x.png\" \/>\n\t<meta property=\"og:image:width\" content=\"243\" \/>\n\t<meta property=\"og:image:height\" content=\"242\" \/>\n\t<meta property=\"og:image:type\" content=\"image\/png\" \/>\n<meta name=\"twitter:card\" content=\"summary_large_image\" \/>\n<meta name=\"twitter:label1\" content=\"Estimated reading time\" \/>\n\t<meta name=\"twitter:data1\" content=\"1 minute\" \/>\n<script type=\"application\/ld+json\" class=\"yoast-schema-graph\">{\"@context\":\"https:\\\/\\\/schema.org\",\"@graph\":[{\"@type\":\"WebPage\",\"@id\":\"https:\\\/\\\/vetk.hu\\\/specialis-igenyu-latogatok\\\/\",\"url\":\"https:\\\/\\\/vetk.hu\\\/specialis-igenyu-latogatok\\\/\",\"name\":\"Speci\u00e1lis ig\u00e9ny\u0171 l\u00e1togat\u00f3k - Veszpr\u00e9mi \u00c9rseks\u00e9g Turisztikai K\u00f6zpont\",\"isPartOf\":{\"@id\":\"https:\\\/\\\/vetk.hu\\\/#website\"},\"primaryImageOfPage\":{\"@id\":\"https:\\\/\\\/vetk.hu\\\/specialis-igenyu-latogatok\\\/#primaryimage\"},\"image\":{\"@id\":\"https:\\\/\\\/vetk.hu\\\/specialis-igenyu-latogatok\\\/#primaryimage\"},\"thumbnailUrl\":\"https:\\\/\\\/vetk.hu\\\/wp-content\\\/uploads\\\/2023\\\/05\\\/Asset-48@4x.png\",\"datePublished\":\"2023-05-10T13:10:08+00:00\",\"dateModified\":\"2026-05-04T07:35:09+00:00\",\"breadcrumb\":{\"@id\":\"https:\\\/\\\/vetk.hu\\\/specialis-igenyu-latogatok\\\/#breadcrumb\"},\"inLanguage\":\"en-GB\",\"potentialAction\":[{\"@type\":\"ReadAction\",\"target\":[\"https:\\\/\\\/vetk.hu\\\/specialis-igenyu-latogatok\\\/\"]}]},{\"@type\":\"ImageObject\",\"inLanguage\":\"en-GB\",\"@id\":\"https:\\\/\\\/vetk.hu\\\/specialis-igenyu-latogatok\\\/#primaryimage\",\"url\":\"https:\\\/\\\/vetk.hu\\\/wp-content\\\/uploads\\\/2023\\\/05\\\/Asset-48@4x.png\",\"contentUrl\":\"https:\\\/\\\/vetk.hu\\\/wp-content\\\/uploads\\\/2023\\\/05\\\/Asset-48@4x.png\"},{\"@type\":\"BreadcrumbList\",\"@id\":\"https:\\\/\\\/vetk.hu\\\/specialis-igenyu-latogatok\\\/#breadcrumb\",\"itemListElement\":[{\"@type\":\"ListItem\",\"position\":1,\"name\":\"Home\",\"item\":\"https:\\\/\\\/vetk.hu\\\/\"},{\"@type\":\"ListItem\",\"position\":2,\"name\":\"Speci\u00e1lis ig\u00e9ny\u0171 l\u00e1togat\u00f3k\"}]},{\"@type\":\"WebSite\",\"@id\":\"https:\\\/\\\/vetk.hu\\\/#website\",\"url\":\"https:\\\/\\\/vetk.hu\\\/\",\"name\":\"Veszpr\u00e9mi \u00c9rseki Turisztikai K\u00f6zpont \u2013 Hit, \u00f6r\u00f6ks\u00e9g, \u00e9lm\u00e9ny | vetk.hu\",\"description\":\"\",\"publisher\":{\"@id\":\"https:\\\/\\\/vetk.hu\\\/#organization\"},\"potentialAction\":[{\"@type\":\"SearchAction\",\"target\":{\"@type\":\"EntryPoint\",\"urlTemplate\":\"https:\\\/\\\/vetk.hu\\\/?s={search_term_string}\"},\"query-input\":{\"@type\":\"PropertyValueSpecification\",\"valueRequired\":true,\"valueName\":\"search_term_string\"}}],\"inLanguage\":\"en-GB\"},{\"@type\":\"Organization\",\"@id\":\"https:\\\/\\\/vetk.hu\\\/#organization\",\"name\":\"Veszpr\u00e9mi \u00c9rseki Turisztikai K\u00f6zpont\",\"url\":\"https:\\\/\\\/vetk.hu\\\/\",\"logo\":{\"@type\":\"ImageObject\",\"inLanguage\":\"en-GB\",\"@id\":\"https:\\\/\\\/vetk.hu\\\/#\\\/schema\\\/logo\\\/image\\\/\",\"url\":\"https:\\\/\\\/vetk.hu\\\/wp-content\\\/uploads\\\/2023\\\/04\\\/cropped-Group-3.png\",\"contentUrl\":\"https:\\\/\\\/vetk.hu\\\/wp-content\\\/uploads\\\/2023\\\/04\\\/cropped-Group-3.png\",\"width\":353,\"height\":338,\"caption\":\"Veszpr\u00e9mi \u00c9rseki Turisztikai K\u00f6zpont\"},\"image\":{\"@id\":\"https:\\\/\\\/vetk.hu\\\/#\\\/schema\\\/logo\\\/image\\\/\"}}]}<\/script>\n<!-- \/ Yoast SEO plugin. -->","yoast_head_json":{"title":"Speci\u00e1lis ig\u00e9ny\u0171 l\u00e1togat\u00f3k - Veszpr\u00e9mi \u00c9rseks\u00e9g Turisztikai K\u00f6zpont","robots":{"index":"index","follow":"follow","max-snippet":"max-snippet:-1","max-image-preview":"max-image-preview:large","max-video-preview":"max-video-preview:-1"},"canonical":"https:\/\/vetk.hu\/en\/specialis-igenyu-latogatok\/","og_locale":"en_GB","og_type":"article","og_title":"Speci\u00e1lis ig\u00e9ny\u0171 l\u00e1togat\u00f3k - Veszpr\u00e9mi \u00c9rseks\u00e9g Turisztikai K\u00f6zpont","og_description":"Speci\u00e1lis ig\u00e9ny\u0171 l\u00e1togat\u00f3k A kult\u00fara mindenki\u00e9! Arra t\u00f6reksz\u00fcnk, hogy a Veszpr\u00e9mi V\u00e1rnegyed, valamint a f\u0151egyh\u00e1zmegyei l\u00e1tnival\u00f3k minden ide \u00e9rkez\u0151 l\u00e1togat\u00f3 sz\u00e1m\u00e1ra akad\u00e1lymentes el\u00e9r\u00e9st \u00e9s \u00e9lm\u00e9nyt ny\u00fajthassanak. Mivel a fel\u00faj\u00edt\u00e1si munk\u00e1latok [&hellip;]","og_url":"https:\/\/vetk.hu\/en\/specialis-igenyu-latogatok\/","og_site_name":"Veszpr\u00e9mi \u00c9rseks\u00e9g Turisztikai K\u00f6zpont","article_modified_time":"2026-05-04T07:35:09+00:00","og_image":[{"width":243,"height":242,"url":"https:\/\/vetk.hu\/wp-content\/uploads\/2023\/05\/Asset-48@4x.png","type":"image\/png"}],"twitter_card":"summary_large_image","twitter_misc":{"Estimated reading time":"1 minute"},"schema":{"@context":"https:\/\/schema.org","@graph":[{"@type":"WebPage","@id":"https:\/\/vetk.hu\/specialis-igenyu-latogatok\/","url":"https:\/\/vetk.hu\/specialis-igenyu-latogatok\/","name":"Speci\u00e1lis ig\u00e9ny\u0171 l\u00e1togat\u00f3k - Veszpr\u00e9mi \u00c9rseks\u00e9g Turisztikai K\u00f6zpont","isPartOf":{"@id":"https:\/\/vetk.hu\/#website"},"primaryImageOfPage":{"@id":"https:\/\/vetk.hu\/specialis-igenyu-latogatok\/#primaryimage"},"image":{"@id":"https:\/\/vetk.hu\/specialis-igenyu-latogatok\/#primaryimage"},"thumbnailUrl":"https:\/\/vetk.hu\/wp-content\/uploads\/2023\/05\/Asset-48@4x.png","datePublished":"2023-05-10T13:10:08+00:00","dateModified":"2026-05-04T07:35:09+00:00","breadcrumb":{"@id":"https:\/\/vetk.hu\/specialis-igenyu-latogatok\/#breadcrumb"},"inLanguage":"en-GB","potentialAction":[{"@type":"ReadAction","target":["https:\/\/vetk.hu\/specialis-igenyu-latogatok\/"]}]},{"@type":"ImageObject","inLanguage":"en-GB","@id":"https:\/\/vetk.hu\/specialis-igenyu-latogatok\/#primaryimage","url":"https:\/\/vetk.hu\/wp-content\/uploads\/2023\/05\/Asset-48@4x.png","contentUrl":"https:\/\/vetk.hu\/wp-content\/uploads\/2023\/05\/Asset-48@4x.png"},{"@type":"BreadcrumbList","@id":"https:\/\/vetk.hu\/specialis-igenyu-latogatok\/#breadcrumb","itemListElement":[{"@type":"ListItem","position":1,"name":"Home","item":"https:\/\/vetk.hu\/"},{"@type":"ListItem","position":2,"name":"Speci\u00e1lis ig\u00e9ny\u0171 l\u00e1togat\u00f3k"}]},{"@type":"WebSite","@id":"https:\/\/vetk.hu\/#website","url":"https:\/\/vetk.hu\/","name":"Veszpr\u00e9mi \u00c9rseki Turisztikai K\u00f6zpont \u2013 Hit, \u00f6r\u00f6ks\u00e9g, \u00e9lm\u00e9ny | vetk.hu","description":"","publisher":{"@id":"https:\/\/vetk.hu\/#organization"},"potentialAction":[{"@type":"SearchAction","target":{"@type":"EntryPoint","urlTemplate":"https:\/\/vetk.hu\/?s={search_term_string}"},"query-input":{"@type":"PropertyValueSpecification","valueRequired":true,"valueName":"search_term_string"}}],"inLanguage":"en-GB"},{"@type":"Organization","@id":"https:\/\/vetk.hu\/#organization","name":"Veszpr\u00e9mi \u00c9rseki Turisztikai K\u00f6zpont","url":"https:\/\/vetk.hu\/","logo":{"@type":"ImageObject","inLanguage":"en-GB","@id":"https:\/\/vetk.hu\/#\/schema\/logo\/image\/","url":"https:\/\/vetk.hu\/wp-content\/uploads\/2023\/04\/cropped-Group-3.png","contentUrl":"https:\/\/vetk.hu\/wp-content\/uploads\/2023\/04\/cropped-Group-3.png","width":353,"height":338,"caption":"Veszpr\u00e9mi \u00c9rseki Turisztikai K\u00f6zpont"},"image":{"@id":"https:\/\/vetk.hu\/#\/schema\/logo\/image\/"}}]}},"ticketed":false,"_links":{"self":[{"href":"https:\/\/vetk.hu\/en\/wp-json\/wp\/v2\/pages\/870","targetHints":{"allow":["GET"]}}],"collection":[{"href":"https:\/\/vetk.hu\/en\/wp-json\/wp\/v2\/pages"}],"about":[{"href":"https:\/\/vetk.hu\/en\/wp-json\/wp\/v2\/types\/page"}],"author":[{"embeddable":true,"href":"https:\/\/vetk.hu\/en\/wp-json\/wp\/v2\/users\/1"}],"replies":[{"embeddable":true,"href":"https:\/\/vetk.hu\/en\/wp-json\/wp\/v2\/comments?post=870"}],"version-history":[{"count":16,"href":"https:\/\/vetk.hu\/en\/wp-json\/wp\/v2\/pages\/870\/revisions"}],"predecessor-version":[{"id":9757,"href":"https:\/\/vetk.hu\/en\/wp-json\/wp\/v2\/pages\/870\/revisions\/9757"}],"wp:attachment":[{"href":"https:\/\/vetk.hu\/en\/wp-json\/wp\/v2\/media?parent=870"}],"curies":[{"name":"wp","href":"https:\/\/api.w.org\/{rel}","templated":true}]}}