{"id":8814,"date":"2026-04-29T08:41:03","date_gmt":"2026-04-29T06:41:03","guid":{"rendered":"https:\/\/vetk.hu\/?page_id=8814"},"modified":"2026-04-29T10:07:11","modified_gmt":"2026-04-29T08:07:11","slug":"helyszinek","status":"publish","type":"page","link":"https:\/\/vetk.hu\/en\/helyszinek\/","title":{"rendered":"Helysz\u00ednek"},"content":{"rendered":"\t\t<div data-elementor-type=\"wp-page\" data-elementor-id=\"8814\" class=\"elementor elementor-8814\" data-elementor-post-type=\"page\">\n\t\t\t\t\t\t<section class=\"elementor-section elementor-top-section elementor-element elementor-element-56bcc6f elementor-section-full_width elementor-section-height-default elementor-section-height-default\" data-id=\"56bcc6f\" data-element_type=\"section\" data-e-type=\"section\" data-settings=\"{&quot;background_background&quot;:&quot;slideshow&quot;,&quot;background_slideshow_gallery&quot;:[{&quot;id&quot;:7347,&quot;url&quot;:&quot;https:\\\/\\\/vetk.hu\\\/wp-content\\\/uploads\\\/2026\\\/04\\\/borito.jpg&quot;},{&quot;id&quot;:7489,&quot;url&quot;:&quot;https:\\\/\\\/vetk.hu\\\/wp-content\\\/uploads\\\/2026\\\/04\\\/vezetettseta2-scaled.jpg&quot;},{&quot;id&quot;:7518,&quot;url&quot;:&quot;https:\\\/\\\/vetk.hu\\\/wp-content\\\/uploads\\\/2026\\\/04\\\/gizellanapok10-scaled.jpg&quot;},{&quot;id&quot;:7487,&quot;url&quot;:&quot;https:\\\/\\\/vetk.hu\\\/wp-content\\\/uploads\\\/2026\\\/04\\\/gizellanapok8-scaled.jpg&quot;},{&quot;id&quot;:7477,&quot;url&quot;:&quot;https:\\\/\\\/vetk.hu\\\/wp-content\\\/uploads\\\/2026\\\/04\\\/esztergom2-scaled.jpg&quot;},{&quot;id&quot;:7586,&quot;url&quot;:&quot;https:\\\/\\\/vetk.hu\\\/wp-content\\\/uploads\\\/2026\\\/04\\\/zarandokok11-scaled.jpg&quot;}],&quot;background_slideshow_lazyload&quot;:&quot;yes&quot;,&quot;background_slideshow_ken_burns&quot;:&quot;yes&quot;,&quot;background_slideshow_loop&quot;:&quot;yes&quot;,&quot;background_slideshow_slide_duration&quot;:5000,&quot;background_slideshow_slide_transition&quot;:&quot;fade&quot;,&quot;background_slideshow_transition_duration&quot;:500,&quot;background_slideshow_ken_burns_zoom_direction&quot;:&quot;in&quot;}\">\n\t\t\t\t\t\t\t<div class=\"elementor-background-overlay\"><\/div>\n\t\t\t\t\t\t\t<div class=\"elementor-container elementor-column-gap-no\">\n\t\t\t\t\t<div class=\"elementor-column elementor-col-100 elementor-top-column elementor-element elementor-element-33a1cb1\" data-id=\"33a1cb1\" data-element_type=\"column\" data-e-type=\"column\">\n\t\t\t<div class=\"elementor-widget-wrap elementor-element-populated\">\n\t\t\t\t\t\t<div class=\"elementor-element elementor-element-b977444 elementor-widget elementor-widget-heading\" data-id=\"b977444\" data-element_type=\"widget\" data-e-type=\"widget\" data-widget_type=\"heading.default\">\n\t\t\t\t<div class=\"elementor-widget-container\">\n\t\t\t\t\t<h1 class=\"elementor-heading-title elementor-size-default\"><br><br><br><br><br><br><br><br><p class=\"MsoNormal\" style=\"margin-bottom:5.0pt\"><b>HELYSZ\u00cdNEK A VESZPR\u00c9MI V\u00c1RNEGYEDBEN<\/b><\/p><br><br><\/h1>\t\t\t\t<\/div>\n\t\t\t\t<\/div>\n\t\t\t\t<section class=\"elementor-section elementor-inner-section elementor-element elementor-element-3ef058a elementor-section-full_width elementor-section-height-default elementor-section-height-default\" data-id=\"3ef058a\" data-element_type=\"section\" data-e-type=\"section\" data-settings=\"{&quot;background_background&quot;:&quot;classic&quot;}\">\n\t\t\t\t\t\t<div class=\"elementor-container elementor-column-gap-default\">\n\t\t\t\t\t<div class=\"elementor-column elementor-col-100 elementor-inner-column elementor-element elementor-element-d58e785\" data-id=\"d58e785\" data-element_type=\"column\" data-e-type=\"column\" data-settings=\"{&quot;background_background&quot;:&quot;gradient&quot;}\">\n\t\t\t<div class=\"elementor-widget-wrap elementor-element-populated\">\n\t\t\t\t\t<div class=\"elementor-background-overlay\"><\/div>\n\t\t\t\t\t\t<div class=\"elementor-element elementor-element-c20fde3 elementor-widget elementor-widget-text-editor\" data-id=\"c20fde3\" data-element_type=\"widget\" data-e-type=\"widget\" data-widget_type=\"text-editor.default\">\n\t\t\t\t<div class=\"elementor-widget-container\">\n\t\t\t\t\t\t\t\t\t<h4 style=\"text-align: center;\">\u00a0A VESZPR\u00c9MI \u00c9RSEKI V\u00c1RNEGYED HELYSZ\u00cdNEI<\/h4><p style=\"text-align: center; margin: 0;\">GIZELLA K\u00c1POLNA<\/p><p style=\"text-align: center; margin: 0;\">\u00c9RSEKI PALOTA<\/p><p style=\"text-align: center; margin: 0;\">SZENT GY\u00d6RGY K\u00c1POLNA<\/p><p style=\"text-align: center; margin: 0;\">SZENTH\u00c1ROMS\u00c1G-SZOBOR<\/p><p style=\"text-align: center; margin: 0;\">BIR\u00d3-GICZEY H\u00c1Z<\/p><p style=\"text-align: center; margin: 0;\">NAGYSZEMIN\u00c1RIUM<\/p>\t\t\t\t\t\t\t\t<\/div>\n\t\t\t\t<\/div>\n\t\t\t\t<div class=\"elementor-element elementor-element-0509678 elementor-align-center elementor-widget elementor-widget-button\" data-id=\"0509678\" data-element_type=\"widget\" data-e-type=\"widget\" data-widget_type=\"button.default\">\n\t\t\t\t<div class=\"elementor-widget-container\">\n\t\t\t\t\t\t\t\t\t<div class=\"elementor-button-wrapper\">\n\t\t\t\t\t<a class=\"elementor-button elementor-button-link elementor-size-sm\" href=\"#\">\n\t\t\t\t\t\t<span class=\"elementor-button-content-wrapper\">\n\t\t\t\t\t\t\t\t\t<span class=\"elementor-button-text\">Az \u00e9p\u00fcleteinkr\u0151l b\u0151vebben<\/span>\n\t\t\t\t\t<\/span>\n\t\t\t\t\t<\/a>\n\t\t\t\t<\/div>\n\t\t\t\t\t\t\t\t<\/div>\n\t\t\t\t<\/div>\n\t\t\t\t\t<\/div>\n\t\t<\/div>\n\t\t\t\t\t<\/div>\n\t\t<\/section>\n\t\t\t\t\t<\/div>\n\t\t<\/div>\n\t\t\t\t\t<\/div>\n\t\t<\/section>\n\t\t\t\t<section class=\"elementor-section elementor-top-section elementor-element elementor-element-36c2b19 elementor-section-full_width elementor-section-height-default elementor-section-height-default\" data-id=\"36c2b19\" data-element_type=\"section\" data-e-type=\"section\">\n\t\t\t\t\t\t<div class=\"elementor-container elementor-column-gap-no\">\n\t\t\t\t\t<div class=\"elementor-column elementor-col-50 elementor-top-column elementor-element elementor-element-acc4329\" data-id=\"acc4329\" data-element_type=\"column\" data-e-type=\"column\">\n\t\t\t<div class=\"elementor-widget-wrap elementor-element-populated\">\n\t\t\t\t\t\t<div class=\"elementor-element elementor-element-f240a12 elementor-widget elementor-widget-image\" data-id=\"f240a12\" data-element_type=\"widget\" data-e-type=\"widget\" data-widget_type=\"image.default\">\n\t\t\t\t<div class=\"elementor-widget-container\">\n\t\t\t\t\t\t\t\t\t\t\t\t\t\t\t<img fetchpriority=\"high\" decoding=\"async\" width=\"724\" height=\"1024\" src=\"https:\/\/vetk.hu\/wp-content\/uploads\/2026\/04\/Erseki-varnegyed-terkep-elso-oldal-724x1024.jpg\" class=\"attachment-large size-large wp-image-8868\" alt=\"\" srcset=\"https:\/\/vetk.hu\/wp-content\/uploads\/2026\/04\/Erseki-varnegyed-terkep-elso-oldal-724x1024.jpg 724w, https:\/\/vetk.hu\/wp-content\/uploads\/2026\/04\/Erseki-varnegyed-terkep-elso-oldal-212x300.jpg 212w, https:\/\/vetk.hu\/wp-content\/uploads\/2026\/04\/Erseki-varnegyed-terkep-elso-oldal-768x1086.jpg 768w, https:\/\/vetk.hu\/wp-content\/uploads\/2026\/04\/Erseki-varnegyed-terkep-elso-oldal-1086x1536.jpg 1086w, https:\/\/vetk.hu\/wp-content\/uploads\/2026\/04\/Erseki-varnegyed-terkep-elso-oldal-8x12.jpg 8w, https:\/\/vetk.hu\/wp-content\/uploads\/2026\/04\/Erseki-varnegyed-terkep-elso-oldal.jpg 1240w\" sizes=\"(max-width: 724px) 100vw, 724px\" \/>\t\t\t\t\t\t\t\t\t\t\t\t\t\t\t<\/div>\n\t\t\t\t<\/div>\n\t\t\t\t\t<\/div>\n\t\t<\/div>\n\t\t\t\t<div class=\"elementor-column elementor-col-50 elementor-top-column elementor-element elementor-element-a6c7ebf\" data-id=\"a6c7ebf\" data-element_type=\"column\" data-e-type=\"column\">\n\t\t\t<div class=\"elementor-widget-wrap elementor-element-populated\">\n\t\t\t\t\t\t<div class=\"elementor-element elementor-element-a29a176 elementor-widget elementor-widget-image\" data-id=\"a29a176\" data-element_type=\"widget\" data-e-type=\"widget\" data-widget_type=\"image.default\">\n\t\t\t\t<div class=\"elementor-widget-container\">\n\t\t\t\t\t\t\t\t\t\t\t\t\t\t\t<img decoding=\"async\" width=\"724\" height=\"1024\" src=\"https:\/\/vetk.hu\/wp-content\/uploads\/2026\/04\/Erseki-varnegyed-terkep-2-oldal-724x1024.jpg\" class=\"attachment-large size-large wp-image-8869\" alt=\"\" srcset=\"https:\/\/vetk.hu\/wp-content\/uploads\/2026\/04\/Erseki-varnegyed-terkep-2-oldal-724x1024.jpg 724w, https:\/\/vetk.hu\/wp-content\/uploads\/2026\/04\/Erseki-varnegyed-terkep-2-oldal-212x300.jpg 212w, https:\/\/vetk.hu\/wp-content\/uploads\/2026\/04\/Erseki-varnegyed-terkep-2-oldal-768x1086.jpg 768w, https:\/\/vetk.hu\/wp-content\/uploads\/2026\/04\/Erseki-varnegyed-terkep-2-oldal-1086x1536.jpg 1086w, https:\/\/vetk.hu\/wp-content\/uploads\/2026\/04\/Erseki-varnegyed-terkep-2-oldal-8x12.jpg 8w, https:\/\/vetk.hu\/wp-content\/uploads\/2026\/04\/Erseki-varnegyed-terkep-2-oldal.jpg 1240w\" sizes=\"(max-width: 724px) 100vw, 724px\" \/>\t\t\t\t\t\t\t\t\t\t\t\t\t\t\t<\/div>\n\t\t\t\t<\/div>\n\t\t\t\t\t<\/div>\n\t\t<\/div>\n\t\t\t\t\t<\/div>\n\t\t<\/section>\n\t\t\t\t<\/div>\n\t\t","protected":false},"excerpt":{"rendered":"<p>HELYSZ\u00cdNEK A VESZPR\u00c9MI V\u00c1RNEGYEDBEN \u00a0A VESZPR\u00c9MI \u00c9RSEKI V\u00c1RNEGYED HELYSZ\u00cdNEI GIZELLA K\u00c1POLNA \u00c9RSEKI PALOTA SZENT GY\u00d6RGY K\u00c1POLNA SZENTH\u00c1ROMS\u00c1G-SZOBOR BIR\u00d3-GICZEY H\u00c1Z NAGYSZEMIN\u00c1RIUM Az \u00e9p\u00fcleteinkr\u0151l b\u0151vebben<\/p>","protected":false},"author":5,"featured_media":0,"parent":0,"menu_order":0,"comment_status":"closed","ping_status":"closed","template":"elementor_header_footer","meta":{"_acf_changed":false,"_price":"","_stock":"","_tribe_ticket_header":"","_tribe_default_ticket_provider":"","_tribe_ticket_capacity":"0","_ticket_start_date":"","_ticket_end_date":"","_tribe_ticket_show_description":"","_tribe_ticket_show_not_going":false,"_tribe_ticket_use_global_stock":"","_tribe_ticket_global_stock_level":"","_global_stock_mode":"","_global_stock_cap":"","_tribe_rsvp_for_event":"","_tribe_ticket_going_count":"","_tribe_ticket_not_going_count":"","_tribe_tickets_list":"[]","_tribe_ticket_has_attendee_info_fields":false,"footnotes":"","_tec_slr_enabled":"","_tec_slr_layout":""},"class_list":["post-8814","page","type-page","status-publish","hentry"],"acf":[],"yoast_head":"<!-- This site is optimized with the Yoast SEO plugin v27.3 - https:\/\/yoast.com\/product\/yoast-seo-wordpress\/ -->\n<title>Helysz\u00ednek - Veszpr\u00e9mi \u00c9rseks\u00e9g Turisztikai K\u00f6zpont<\/title>\n<meta name=\"robots\" content=\"index, follow, max-snippet:-1, max-image-preview:large, max-video-preview:-1\" \/>\n<link rel=\"canonical\" href=\"https:\/\/vetk.hu\/en\/helyszinek\/\" \/>\n<meta property=\"og:locale\" content=\"en_GB\" \/>\n<meta property=\"og:type\" content=\"article\" \/>\n<meta property=\"og:title\" content=\"Helysz\u00ednek - Veszpr\u00e9mi \u00c9rseks\u00e9g Turisztikai K\u00f6zpont\" \/>\n<meta property=\"og:description\" content=\"HELYSZ\u00cdNEK A VESZPR\u00c9MI V\u00c1RNEGYEDBEN \u00a0A VESZPR\u00c9MI \u00c9RSEKI V\u00c1RNEGYED HELYSZ\u00cdNEI GIZELLA K\u00c1POLNA \u00c9RSEKI PALOTA SZENT GY\u00d6RGY K\u00c1POLNA SZENTH\u00c1ROMS\u00c1G-SZOBOR BIR\u00d3-GICZEY H\u00c1Z NAGYSZEMIN\u00c1RIUM Az \u00e9p\u00fcleteinkr\u0151l b\u0151vebben\" \/>\n<meta property=\"og:url\" content=\"https:\/\/vetk.hu\/en\/helyszinek\/\" \/>\n<meta property=\"og:site_name\" content=\"Veszpr\u00e9mi \u00c9rseks\u00e9g Turisztikai K\u00f6zpont\" \/>\n<meta property=\"article:modified_time\" content=\"2026-04-29T08:07:11+00:00\" \/>\n<meta property=\"og:image\" content=\"https:\/\/vetk.hu\/wp-content\/uploads\/2026\/04\/Erseki-varnegyed-terkep-elso-oldal.jpg\" \/>\n\t<meta property=\"og:image:width\" content=\"1240\" \/>\n\t<meta property=\"og:image:height\" content=\"1754\" \/>\n\t<meta property=\"og:image:type\" content=\"image\/jpeg\" \/>\n<meta name=\"twitter:card\" content=\"summary_large_image\" \/>\n<meta name=\"twitter:label1\" content=\"Estimated reading time\" \/>\n\t<meta name=\"twitter:data1\" content=\"1 minute\" \/>\n<script type=\"application\/ld+json\" class=\"yoast-schema-graph\">{\"@context\":\"https:\\\/\\\/schema.org\",\"@graph\":[{\"@type\":\"WebPage\",\"@id\":\"https:\\\/\\\/vetk.hu\\\/helyszinek\\\/\",\"url\":\"https:\\\/\\\/vetk.hu\\\/helyszinek\\\/\",\"name\":\"Helysz\u00ednek - Veszpr\u00e9mi \u00c9rseks\u00e9g Turisztikai K\u00f6zpont\",\"isPartOf\":{\"@id\":\"https:\\\/\\\/vetk.hu\\\/#website\"},\"primaryImageOfPage\":{\"@id\":\"https:\\\/\\\/vetk.hu\\\/helyszinek\\\/#primaryimage\"},\"image\":{\"@id\":\"https:\\\/\\\/vetk.hu\\\/helyszinek\\\/#primaryimage\"},\"thumbnailUrl\":\"https:\\\/\\\/vetk.hu\\\/wp-content\\\/uploads\\\/2026\\\/04\\\/Erseki-varnegyed-terkep-elso-oldal-724x1024.jpg\",\"datePublished\":\"2026-04-29T06:41:03+00:00\",\"dateModified\":\"2026-04-29T08:07:11+00:00\",\"breadcrumb\":{\"@id\":\"https:\\\/\\\/vetk.hu\\\/helyszinek\\\/#breadcrumb\"},\"inLanguage\":\"en-GB\",\"potentialAction\":[{\"@type\":\"ReadAction\",\"target\":[\"https:\\\/\\\/vetk.hu\\\/helyszinek\\\/\"]}]},{\"@type\":\"ImageObject\",\"inLanguage\":\"en-GB\",\"@id\":\"https:\\\/\\\/vetk.hu\\\/helyszinek\\\/#primaryimage\",\"url\":\"https:\\\/\\\/vetk.hu\\\/wp-content\\\/uploads\\\/2026\\\/04\\\/Erseki-varnegyed-terkep-elso-oldal-724x1024.jpg\",\"contentUrl\":\"https:\\\/\\\/vetk.hu\\\/wp-content\\\/uploads\\\/2026\\\/04\\\/Erseki-varnegyed-terkep-elso-oldal-724x1024.jpg\"},{\"@type\":\"BreadcrumbList\",\"@id\":\"https:\\\/\\\/vetk.hu\\\/helyszinek\\\/#breadcrumb\",\"itemListElement\":[{\"@type\":\"ListItem\",\"position\":1,\"name\":\"Home\",\"item\":\"https:\\\/\\\/vetk.hu\\\/\"},{\"@type\":\"ListItem\",\"position\":2,\"name\":\"Helysz\u00ednek\"}]},{\"@type\":\"WebSite\",\"@id\":\"https:\\\/\\\/vetk.hu\\\/#website\",\"url\":\"https:\\\/\\\/vetk.hu\\\/\",\"name\":\"Veszpr\u00e9mi \u00c9rseki Turisztikai K\u00f6zpont \u2013 Hit, \u00f6r\u00f6ks\u00e9g, \u00e9lm\u00e9ny | vetk.hu\",\"description\":\"\",\"publisher\":{\"@id\":\"https:\\\/\\\/vetk.hu\\\/#organization\"},\"potentialAction\":[{\"@type\":\"SearchAction\",\"target\":{\"@type\":\"EntryPoint\",\"urlTemplate\":\"https:\\\/\\\/vetk.hu\\\/?s={search_term_string}\"},\"query-input\":{\"@type\":\"PropertyValueSpecification\",\"valueRequired\":true,\"valueName\":\"search_term_string\"}}],\"inLanguage\":\"en-GB\"},{\"@type\":\"Organization\",\"@id\":\"https:\\\/\\\/vetk.hu\\\/#organization\",\"name\":\"Veszpr\u00e9mi \u00c9rseki Turisztikai K\u00f6zpont\",\"url\":\"https:\\\/\\\/vetk.hu\\\/\",\"logo\":{\"@type\":\"ImageObject\",\"inLanguage\":\"en-GB\",\"@id\":\"https:\\\/\\\/vetk.hu\\\/#\\\/schema\\\/logo\\\/image\\\/\",\"url\":\"https:\\\/\\\/vetk.hu\\\/wp-content\\\/uploads\\\/2023\\\/04\\\/cropped-Group-3.png\",\"contentUrl\":\"https:\\\/\\\/vetk.hu\\\/wp-content\\\/uploads\\\/2023\\\/04\\\/cropped-Group-3.png\",\"width\":353,\"height\":338,\"caption\":\"Veszpr\u00e9mi \u00c9rseki Turisztikai K\u00f6zpont\"},\"image\":{\"@id\":\"https:\\\/\\\/vetk.hu\\\/#\\\/schema\\\/logo\\\/image\\\/\"}}]}<\/script>\n<!-- \/ Yoast SEO plugin. -->","yoast_head_json":{"title":"Helysz\u00ednek - Veszpr\u00e9mi \u00c9rseks\u00e9g Turisztikai K\u00f6zpont","robots":{"index":"index","follow":"follow","max-snippet":"max-snippet:-1","max-image-preview":"max-image-preview:large","max-video-preview":"max-video-preview:-1"},"canonical":"https:\/\/vetk.hu\/en\/helyszinek\/","og_locale":"en_GB","og_type":"article","og_title":"Helysz\u00ednek - Veszpr\u00e9mi \u00c9rseks\u00e9g Turisztikai K\u00f6zpont","og_description":"HELYSZ\u00cdNEK A VESZPR\u00c9MI V\u00c1RNEGYEDBEN \u00a0A VESZPR\u00c9MI \u00c9RSEKI V\u00c1RNEGYED HELYSZ\u00cdNEI GIZELLA K\u00c1POLNA \u00c9RSEKI PALOTA SZENT GY\u00d6RGY K\u00c1POLNA SZENTH\u00c1ROMS\u00c1G-SZOBOR BIR\u00d3-GICZEY H\u00c1Z NAGYSZEMIN\u00c1RIUM Az \u00e9p\u00fcleteinkr\u0151l b\u0151vebben","og_url":"https:\/\/vetk.hu\/en\/helyszinek\/","og_site_name":"Veszpr\u00e9mi \u00c9rseks\u00e9g Turisztikai K\u00f6zpont","article_modified_time":"2026-04-29T08:07:11+00:00","og_image":[{"width":1240,"height":1754,"url":"https:\/\/vetk.hu\/wp-content\/uploads\/2026\/04\/Erseki-varnegyed-terkep-elso-oldal.jpg","type":"image\/jpeg"}],"twitter_card":"summary_large_image","twitter_misc":{"Estimated reading time":"1 minute"},"schema":{"@context":"https:\/\/schema.org","@graph":[{"@type":"WebPage","@id":"https:\/\/vetk.hu\/helyszinek\/","url":"https:\/\/vetk.hu\/helyszinek\/","name":"Helysz\u00ednek - Veszpr\u00e9mi \u00c9rseks\u00e9g Turisztikai K\u00f6zpont","isPartOf":{"@id":"https:\/\/vetk.hu\/#website"},"primaryImageOfPage":{"@id":"https:\/\/vetk.hu\/helyszinek\/#primaryimage"},"image":{"@id":"https:\/\/vetk.hu\/helyszinek\/#primaryimage"},"thumbnailUrl":"https:\/\/vetk.hu\/wp-content\/uploads\/2026\/04\/Erseki-varnegyed-terkep-elso-oldal-724x1024.jpg","datePublished":"2026-04-29T06:41:03+00:00","dateModified":"2026-04-29T08:07:11+00:00","breadcrumb":{"@id":"https:\/\/vetk.hu\/helyszinek\/#breadcrumb"},"inLanguage":"en-GB","potentialAction":[{"@type":"ReadAction","target":["https:\/\/vetk.hu\/helyszinek\/"]}]},{"@type":"ImageObject","inLanguage":"en-GB","@id":"https:\/\/vetk.hu\/helyszinek\/#primaryimage","url":"https:\/\/vetk.hu\/wp-content\/uploads\/2026\/04\/Erseki-varnegyed-terkep-elso-oldal-724x1024.jpg","contentUrl":"https:\/\/vetk.hu\/wp-content\/uploads\/2026\/04\/Erseki-varnegyed-terkep-elso-oldal-724x1024.jpg"},{"@type":"BreadcrumbList","@id":"https:\/\/vetk.hu\/helyszinek\/#breadcrumb","itemListElement":[{"@type":"ListItem","position":1,"name":"Home","item":"https:\/\/vetk.hu\/"},{"@type":"ListItem","position":2,"name":"Helysz\u00ednek"}]},{"@type":"WebSite","@id":"https:\/\/vetk.hu\/#website","url":"https:\/\/vetk.hu\/","name":"Veszpr\u00e9mi \u00c9rseki Turisztikai K\u00f6zpont \u2013 Hit, \u00f6r\u00f6ks\u00e9g, \u00e9lm\u00e9ny | vetk.hu","description":"","publisher":{"@id":"https:\/\/vetk.hu\/#organization"},"potentialAction":[{"@type":"SearchAction","target":{"@type":"EntryPoint","urlTemplate":"https:\/\/vetk.hu\/?s={search_term_string}"},"query-input":{"@type":"PropertyValueSpecification","valueRequired":true,"valueName":"search_term_string"}}],"inLanguage":"en-GB"},{"@type":"Organization","@id":"https:\/\/vetk.hu\/#organization","name":"Veszpr\u00e9mi \u00c9rseki Turisztikai K\u00f6zpont","url":"https:\/\/vetk.hu\/","logo":{"@type":"ImageObject","inLanguage":"en-GB","@id":"https:\/\/vetk.hu\/#\/schema\/logo\/image\/","url":"https:\/\/vetk.hu\/wp-content\/uploads\/2023\/04\/cropped-Group-3.png","contentUrl":"https:\/\/vetk.hu\/wp-content\/uploads\/2023\/04\/cropped-Group-3.png","width":353,"height":338,"caption":"Veszpr\u00e9mi \u00c9rseki Turisztikai K\u00f6zpont"},"image":{"@id":"https:\/\/vetk.hu\/#\/schema\/logo\/image\/"}}]}},"ticketed":false,"_links":{"self":[{"href":"https:\/\/vetk.hu\/en\/wp-json\/wp\/v2\/pages\/8814","targetHints":{"allow":["GET"]}}],"collection":[{"href":"https:\/\/vetk.hu\/en\/wp-json\/wp\/v2\/pages"}],"about":[{"href":"https:\/\/vetk.hu\/en\/wp-json\/wp\/v2\/types\/page"}],"author":[{"embeddable":true,"href":"https:\/\/vetk.hu\/en\/wp-json\/wp\/v2\/users\/5"}],"replies":[{"embeddable":true,"href":"https:\/\/vetk.hu\/en\/wp-json\/wp\/v2\/comments?post=8814"}],"version-history":[{"count":16,"href":"https:\/\/vetk.hu\/en\/wp-json\/wp\/v2\/pages\/8814\/revisions"}],"predecessor-version":[{"id":8873,"href":"https:\/\/vetk.hu\/en\/wp-json\/wp\/v2\/pages\/8814\/revisions\/8873"}],"wp:attachment":[{"href":"https:\/\/vetk.hu\/en\/wp-json\/wp\/v2\/media?parent=8814"}],"curies":[{"name":"wp","href":"https:\/\/api.w.org\/{rel}","templated":true}]}}